{"id":689405,"date":"2024-08-17T17:59:06","date_gmt":"2024-08-17T14:59:06","guid":{"rendered":"https:\/\/nbg.eu\/product\/extractor-spring-kmr-s\/"},"modified":"2026-05-13T16:02:41","modified_gmt":"2026-05-13T13:02:41","slug":"extractor-spring-kmr-s","status":"publish","type":"product","link":"https:\/\/nbg.eu\/lt\/produktas\/extractor-spring-kmr-s\/","title":{"rendered":"KMR Ekstraktoriaus Spyruokl\u0117 S"},"content":{"rendered":"<h2>I\u0161traukimo spyruokl\u0117 KMR S: Tiksliai sukurta norint u\u017etikrinti optimal\u0173 ginklo veikim\u0105<\/h2>\n<p>I\u0161traukimo spyruokl\u0117 yra kruop\u0161\u010diai sukurtas komponentas, sukurtas u\u017etikrinti puik\u0173 veikim\u0105 ir patikimum\u0105 \u012fvairiose KMR ginkl\u0173 sistemose.<\/p>\n<p>Sukurta atsi\u017evelgiant \u012f tikslum\u0105 ir patvarum\u0105, \u0161i spyruokl\u0117 atlieka ypa\u010d svarb\u0173 vaidmen\u012f \u0161i\u0173 pa\u017eangi\u0173 ginkl\u0173 sistem\u0173 skland\u017eioje ir patikimoje veikoje. Kruop\u0161\u010diai subalansuotas jos dizainas u\u017etikrina nuosekl\u0173 ir patikim\u0105 i\u0161traukim\u0105, leid\u017eiant naudotojams pasitik\u0117ti savo \u012franga net ir sud\u0117tingiausiose situacijose.<\/p>\n<p>Skirta ginklams KMR:<\/p>\n<p>KMR S-01 LANCE (OR)<\/p>\n<p>KMR S-02 10 (OR) SR ADA<\/p>\n<p>KMR S-02 75 (OR) SR ADA<\/p>\n<p>KMR S-02 NUO 2024<\/p>\n<p>KMR S-02 SH1 (OR) SR ADA<\/p>\n<p>KMR S-02 SH2 (OR) SR ADA<\/p>\n<p>KMR S-02 TS (OR) SR ADA<\/p>\n<p>KMR S-02 IKI 2023<\/p>\n","protected":false},"excerpt":{"rendered":"<p>Ekstraktori\u0173 spyruokl\u0117 \u012fvairius KMR ginklams, suderinama nuo 2024 m.<\/p>\n","protected":false},"featured_media":24758,"template":"","meta":{"_acf_changed":false},"product_brand":[11496],"product_cat":[13691,13709],"product_tag":[],"class_list":{"0":"post-689405","1":"product","2":"type-product","3":"status-publish","4":"has-post-thumbnail","6":"product_brand-kmr-precision","7":"product_cat-kmr-dalys","8":"product_cat-spyruokles","10":"first","11":"instock","12":"taxable","13":"shipping-taxable","14":"product-type-simple"},"acf":[],"_links":{"self":[{"href":"https:\/\/nbg.eu\/lt\/wp-json\/wp\/v2\/product\/689405","targetHints":{"allow":["GET"]}}],"collection":[{"href":"https:\/\/nbg.eu\/lt\/wp-json\/wp\/v2\/product"}],"about":[{"href":"https:\/\/nbg.eu\/lt\/wp-json\/wp\/v2\/types\/product"}],"wp:featuredmedia":[{"embeddable":true,"href":"https:\/\/nbg.eu\/lt\/wp-json\/wp\/v2\/media\/24758"}],"wp:attachment":[{"href":"https:\/\/nbg.eu\/lt\/wp-json\/wp\/v2\/media?parent=689405"}],"wp:term":[{"taxonomy":"product_brand","embeddable":true,"href":"https:\/\/nbg.eu\/lt\/wp-json\/wp\/v2\/product_brand?post=689405"},{"taxonomy":"product_cat","embeddable":true,"href":"https:\/\/nbg.eu\/lt\/wp-json\/wp\/v2\/product_cat?post=689405"},{"taxonomy":"product_tag","embeddable":true,"href":"https:\/\/nbg.eu\/lt\/wp-json\/wp\/v2\/product_tag?post=689405"}],"curies":[{"name":"wp","href":"https:\/\/api.w.org\/{rel}","templated":true}]}}