{"id":689505,"date":"2024-09-18T14:15:05","date_gmt":"2024-09-18T11:15:05","guid":{"rendered":"https:\/\/nbg.eu\/product\/fiber-optic-front-sight-kmr-675xd1x3-red\/"},"modified":"2026-05-13T16:02:28","modified_gmt":"2026-05-13T13:02:28","slug":"fiber-optic-front-sight-kmr-675xd1x3-red","status":"publish","type":"product","link":"https:\/\/nbg.eu\/lt\/produktas\/fiber-optic-front-sight-kmr-675xd1x3-red\/","title":{"rendered":"KMR \u0160viesolaidinis Priekinis Taikiklis 6.75xD1x3 Raudonas"},"content":{"rendered":"<h2>Patobulinkite savo ginklo taiklum\u0105 su FIBER OPTIC FRONT SIGHT KMR 6,75xD1x3 RAUDONA<\/h2>\n<p>Sukurtas optimaliam veikimui, FIBER OPTIC FRONT SIGHT KMR 6,75xD1x3 RAUDONA yra tobulas papildymas j\u016bs\u0173 KMR ginklams. \u0160is auk\u0161tos kokyb\u0117s taikiklilis pasi\u017eymi pluo\u0161tin\u0117s optikos konstrukcija, kuri suteikia padidint\u0105 matomum\u0105 ir taikini\u0173 \u012fgijim\u0105, net ir silpno ap\u0161vietimo s\u0105lygomis.<\/p>\n<p>FIBER OPTIC FRONT SIGHT KMR 6,75xD1x3 RAUDONA pasi\u017eymi kompakti\u0161ka ir sumaniai suprojektuota konstrukcija, leid\u017eian\u010dia lengvai sumontuoti ir skland\u017eiai integruoti su j\u016bs\u0173 ginklu. Jo raudona pluo\u0161tin\u0117s optikos \u012fklijavimo juosta u\u017etikrina ry\u0161k\u0173, lengvai matom\u0105 taikikl\u012f, padedant\u012f tiksliau ir grei\u010diau \u012fgyti taikin\u012f.<\/p>\n<p>Patobulinkite savo ginklo taiklum\u0105 ir na\u0161um\u0105 su FIBER OPTIC FRONT SIGHT KMR 6,75xD1x3 RAUDONA. \u0160iandien patobulinkit savo KMR \u0161aunam\u0105j\u012f ginkl\u0105 ir pajuskite \u0161io i\u0161skirtinio taikiklio teikiam\u0105 skirtum\u0105.<\/p>\n","protected":false},"excerpt":{"rendered":"<p>Optin\u0117s skaidulos priekinis taikiklis KMR ginklo modeliams, 6,75x1x3 raudonas.<\/p>\n","protected":false},"featured_media":24158,"template":"","meta":{"_acf_changed":false},"product_brand":[11496],"product_cat":[13691],"product_tag":[],"class_list":{"0":"post-689505","1":"product","2":"type-product","3":"status-publish","4":"has-post-thumbnail","6":"product_brand-kmr-precision","7":"product_cat-kmr-dalys","9":"first","10":"instock","11":"taxable","12":"shipping-taxable","13":"product-type-simple"},"acf":[],"_links":{"self":[{"href":"https:\/\/nbg.eu\/lt\/wp-json\/wp\/v2\/product\/689505","targetHints":{"allow":["GET"]}}],"collection":[{"href":"https:\/\/nbg.eu\/lt\/wp-json\/wp\/v2\/product"}],"about":[{"href":"https:\/\/nbg.eu\/lt\/wp-json\/wp\/v2\/types\/product"}],"wp:featuredmedia":[{"embeddable":true,"href":"https:\/\/nbg.eu\/lt\/wp-json\/wp\/v2\/media\/24158"}],"wp:attachment":[{"href":"https:\/\/nbg.eu\/lt\/wp-json\/wp\/v2\/media?parent=689505"}],"wp:term":[{"taxonomy":"product_brand","embeddable":true,"href":"https:\/\/nbg.eu\/lt\/wp-json\/wp\/v2\/product_brand?post=689505"},{"taxonomy":"product_cat","embeddable":true,"href":"https:\/\/nbg.eu\/lt\/wp-json\/wp\/v2\/product_cat?post=689505"},{"taxonomy":"product_tag","embeddable":true,"href":"https:\/\/nbg.eu\/lt\/wp-json\/wp\/v2\/product_tag?post=689505"}],"curies":[{"name":"wp","href":"https:\/\/api.w.org\/{rel}","templated":true}]}}