{"id":689780,"date":"2024-08-18T11:10:20","date_gmt":"2024-08-18T08:10:20","guid":{"rendered":"https:\/\/nbg.eu\/product\/firing-pin-screw-m4x5-din-913-kmr\/"},"modified":"2026-02-27T11:54:57","modified_gmt":"2026-02-27T08:54:57","slug":"firing-pin-screw-m4x5-din-913-kmr","status":"publish","type":"product","link":"https:\/\/nbg.eu\/lt\/produktas\/firing-pin-screw-m4x5-din-913-kmr\/","title":{"rendered":"Ugnies degl\u0117s Var\u017etas M4X5 Din 913 KMR"},"content":{"rendered":"<h2>Ugnies mechanizmo \u012fvor\u0117s sraigtas M4X5 Din 913 KMR<\/h2>\n<p>Tiksliai pagamintas pagal grie\u017etus specifikacijos reikalavimus, Ugnies mechanizmo \u012fvor\u0117s sraigtas M4X5 Din 913 KMR yra pagamintas i\u0161 auk\u0161tos kokyb\u0117s med\u017eiag\u0173, kad atlaikyt\u0173 reikalaujan\u010dio naudojimo s\u0105lygas. Jo M4 x 5 mm matmenys ir DIN 913 konfig\u016bracija j\u012f daro tobulai tinkam\u0105 nurodytoms KMR ginkl\u0173 modeliams, u\u017etikrinant saug\u0173 ir patikim\u0105 ry\u0161\u012f su ugnies mechanizmu.<\/p>\n<p>Nepriklausomai nuo to, ar pri\u017ei\u016brite, taisote ar atnaujinate savo KMR ginkl\u0173 sistem\u0105, Ugnies mechanizmo \u012fvor\u0117s sraigtas M4X5 Din 913 KMR yra b\u016btinas komponentas, kur\u012f reikia tur\u0117ti po ranka. Jo patvarumas ir tiksliai suprojektuotas dizainas u\u017etikrina nuosekl\u0173 ir patikim\u0105 veikim\u0105, prisidedant\u012f prie viso ginklo patikimumo ir veiksmingumo.<\/p>\n<p>Ginklams KMR:<\/p>\n<p>KMR S-01 LANCE (OR)<\/p>\n<p>KMR S-02 10 (OR) SR ADA<\/p>\n<p>KMR S-02 75 (OR) SR ADA<\/p>\n<p>KMR S-02 NUO 2024<\/p>\n<p>KMR S-02 SH1 (OR) SR ADA<\/p>\n<p>KMR S-02 SH2 (OR) SR ADA<\/p>\n<p>KMR S-02 TS (OR) SR ADA<\/p>\n<p>KMR S-02 IKI 2023<\/p>\n","protected":false},"excerpt":{"rendered":"<p>\u0160audymo \u012fd\u0117klo var\u017etas M4X5 Din 913 skirtas KMR modeliams.<\/p>\n","protected":false},"featured_media":25340,"template":"","meta":{"_acf_changed":false},"product_brand":[11496],"product_cat":[13691,14772],"product_tag":[],"class_list":{"0":"post-689780","1":"product","2":"type-product","3":"status-publish","4":"has-post-thumbnail","6":"product_brand-kmr-precision","7":"product_cat-kmr-dalys","8":"product_cat-saudymo-kaisciai","10":"first","11":"instock","12":"taxable","13":"shipping-taxable","14":"product-type-simple"},"acf":[],"_links":{"self":[{"href":"https:\/\/nbg.eu\/lt\/wp-json\/wp\/v2\/product\/689780","targetHints":{"allow":["GET"]}}],"collection":[{"href":"https:\/\/nbg.eu\/lt\/wp-json\/wp\/v2\/product"}],"about":[{"href":"https:\/\/nbg.eu\/lt\/wp-json\/wp\/v2\/types\/product"}],"wp:featuredmedia":[{"embeddable":true,"href":"https:\/\/nbg.eu\/lt\/wp-json\/wp\/v2\/media\/25340"}],"wp:attachment":[{"href":"https:\/\/nbg.eu\/lt\/wp-json\/wp\/v2\/media?parent=689780"}],"wp:term":[{"taxonomy":"product_brand","embeddable":true,"href":"https:\/\/nbg.eu\/lt\/wp-json\/wp\/v2\/product_brand?post=689780"},{"taxonomy":"product_cat","embeddable":true,"href":"https:\/\/nbg.eu\/lt\/wp-json\/wp\/v2\/product_cat?post=689780"},{"taxonomy":"product_tag","embeddable":true,"href":"https:\/\/nbg.eu\/lt\/wp-json\/wp\/v2\/product_tag?post=689780"}],"curies":[{"name":"wp","href":"https:\/\/api.w.org\/{rel}","templated":true}]}}