{"id":689823,"date":"2025-03-02T20:05:35","date_gmt":"2025-03-02T17:05:35","guid":{"rendered":"https:\/\/nbg.eu\/product\/fox-classic-hunter\/"},"modified":"2026-05-13T15:11:51","modified_gmt":"2026-05-13T12:11:51","slug":"fox-classic-hunter","status":"publish","type":"product","link":"https:\/\/nbg.eu\/lt\/produktas\/fox-classic-hunter\/","title":{"rendered":"Fox Classic hunter"},"content":{"rendered":"<h2>\u201eFox Classic Hunter&#8221; kulkos: ne\u012ftik\u0117tinai tikslios ir be \u0161vino veiksmingumas<\/h2>\n<p>Sukurtos atitikti grie\u017etus Europos med\u017eiokl\u0117s reikalavimus, \u201eFox Classic Hunter&#8221; kulkos teikia nepalau\u017eiam\u0105 veiksmingum\u0105 ir eti\u0161k\u0105, be \u0161vino med\u017eiokl\u0119. Pagamintos i\u0161 kieto vario ir cinko lydini\u0173, \u0161ios auk\u0161tos kokyb\u0117s kulkos pasi\u017eymi dvigubo skersmens pl\u0117timosi dizainu ir dideliu balistinio koeficiento (BC) rodikliu, u\u017etikrinan\u010diu plok\u0161\u010dias trajektorijas ir griaunam\u0105j\u012f terminalin\u012f balistik\u0105.<\/p>\n<p>Med\u017eiotojai, ie\u0161kantys patikimo, be \u0161vino \u0161audmen\u0173 pasirinkimo, gali pasitik\u0117ti \u201eFox Classic Hunter&#8221; suteikiant reikiam\u0105 gil\u0173 prasiskverbim\u0105 ir maksimal\u0173 svorio i\u0161saugojim\u0105, reikaling\u0105 \u0161variajam, eti\u0161kai nu\u017eudymui. Pa\u0161alinant \u0161vino tar\u0161\u0105, \u0161ios kulkos u\u017etikrina, kad m\u0117sa liks neliesta ir saugi vartojimui, leid\u017eiant jums visapusi\u0161kai m\u0117gautis savo med\u017eiokl\u0117s laimikiu.<\/p>\n<p>Su savo pa\u017eangiu dizainu ir med\u017eiag\u0173 sud\u0117timi, \u201eFox Classic Hunter&#8221; u\u017etikrina j\u016bs\u0173 reikalaujam\u0105 veiksmingum\u0105, nepa\u017eeisdamas j\u016bs\u0173 vertybi\u0173. Patirti tobul\u0105 tikslumo, galios ir aplinkosaugos atsakomyb\u0117s pusiausvyr\u0105 su kiekvienu \u0161\u016bviu.<\/p>\n","protected":false},"excerpt":{"rendered":"<p>Laisvo \u0161rat\u0173 med\u017eiokl\u0117s \u0161audmenys, suteikiantys niokojan\u010di\u0105 terminalin\u0119 balistik\u0105.<\/p>\n","protected":false},"featured_media":0,"template":"","meta":{"_acf_changed":false},"product_brand":[],"product_cat":[13757],"product_tag":[],"class_list":{"0":"post-689823","1":"product","2":"type-product","3":"status-publish","5":"product_cat-nekategorizuota","7":"first","8":"instock","9":"taxable","10":"shipping-taxable","11":"purchasable","12":"product-type-variable","13":"wvs-archive-product-wrapper"},"acf":[],"_links":{"self":[{"href":"https:\/\/nbg.eu\/lt\/wp-json\/wp\/v2\/product\/689823","targetHints":{"allow":["GET"]}}],"collection":[{"href":"https:\/\/nbg.eu\/lt\/wp-json\/wp\/v2\/product"}],"about":[{"href":"https:\/\/nbg.eu\/lt\/wp-json\/wp\/v2\/types\/product"}],"wp:attachment":[{"href":"https:\/\/nbg.eu\/lt\/wp-json\/wp\/v2\/media?parent=689823"}],"wp:term":[{"taxonomy":"product_brand","embeddable":true,"href":"https:\/\/nbg.eu\/lt\/wp-json\/wp\/v2\/product_brand?post=689823"},{"taxonomy":"product_cat","embeddable":true,"href":"https:\/\/nbg.eu\/lt\/wp-json\/wp\/v2\/product_cat?post=689823"},{"taxonomy":"product_tag","embeddable":true,"href":"https:\/\/nbg.eu\/lt\/wp-json\/wp\/v2\/product_tag?post=689823"}],"curies":[{"name":"wp","href":"https:\/\/api.w.org\/{rel}","templated":true}]}}