{"id":690244,"date":"2024-09-17T22:42:30","date_gmt":"2024-09-17T19:42:30","guid":{"rendered":"https:\/\/nbg.eu\/product\/firing-pin-spring-kmr\/"},"modified":"2026-02-26T11:23:32","modified_gmt":"2026-02-26T08:23:32","slug":"firing-pin-spring-kmr","status":"publish","type":"product","link":"https:\/\/nbg.eu\/lt\/produktas\/firing-pin-spring-kmr\/","title":{"rendered":"Ugnies smaigalio spyruokl\u0117 KMR"},"content":{"rendered":"<h2>\u0160audykl\u0117s adatos spyruokl\u0117 KMR<\/h2>\n<p>\u0160audykl\u0117s adatos spyruokl\u0117 KMR yra svarbi dalis \u012fvairia ginkla sistemose, skirta u\u017etikrinti patikim\u0105 ir pastov\u0173 veikim\u0105 j\u016bs\u0173 KMR ginkluose. \u0160i spyruokl\u0117 yra sukurta u\u017etikrinti reikiam\u0105 \u012ftamp\u0105 ir j\u0117g\u0105, kad suaktyvint\u0173 \u0161audykl\u0117s adat\u0105, u\u017etikrinant skland\u0173 ir patikim\u0105 gaiduko veikim\u0105 kiekvien\u0105 kart\u0105.<\/p>\n<p>\u0160i \u0161audykl\u0117s adatos spyruokl\u0117 yra b\u016btina atsargin\u0117 dalis, norint i\u0161laikyti j\u016bs\u0173 ginklo veikim\u0105 geriausiu b\u016bdu.<\/p>\n<p>Pagaminta i\u0161 auk\u0161tos kokyb\u0117s med\u017eiag\u0173 ir tiksliai pagaminta pagal reikalavimus, \u0160audykl\u0117s adatos spyruokl\u0117 KMR u\u017etikrina optimal\u0173 veikim\u0105 ir ilgaam\u017ei\u0161kum\u0105 net ir esant sud\u0117tingiausioms s\u0105lygoms. Nepriklausomai nuo to, ar esate var\u017eyb\u0173 \u0161aulys, ar atsakingas ginklo savininkas, \u0161i \u0161audykl\u0117s adatos spyruokl\u0117 yra b\u016btina dalis j\u016bs\u0173 KMR ginklo patikimumui ir veikimui palaikyti.<\/p>\n<\/p>\n<p>Skirta ginklams KMR:\n<\/p>\n<p>KMR L-02 EMIQ<\/p>\n<\/p>\n<p>KMR L-02 EMIQ (OR)<\/p>\n<\/p>\n<p>KMR L-02 ORCA NUO 2024<\/p>\n<\/p>\n<p>KMR L-02 ORCA IKI 2023<\/p>\n<\/p>\n<p>KMR L-02 SPECTRA NUO 2024<\/p>\n<\/p>\n<p>KMR L-02 SPECTRA IKI 2023<\/p>\n<\/p>\n<p>KMR L-02 UMBRA (OR) SR<\/p>\n<\/p>\n<p>KMR W-02 CUDA (OR)<\/p>\n<\/p>\n<p>KMR W-02 UMBRA<\/p>\n<\/p>\n<p>KMR W-02 UMBRA (OR)<\/p>\n","protected":false},"excerpt":{"rendered":"<p>Spynduoklio spyruokl\u0117 KMR serijos ginklams, suderinami modeliai i\u0161vardyti.<\/p>\n","protected":false},"featured_media":24948,"template":"","meta":{"_acf_changed":false},"product_brand":[11496],"product_cat":[13691,13709],"product_tag":[],"class_list":{"0":"post-690244","1":"product","2":"type-product","3":"status-publish","4":"has-post-thumbnail","6":"product_brand-kmr-precision","7":"product_cat-kmr-dalys","8":"product_cat-spyruokles","10":"first","11":"instock","12":"taxable","13":"shipping-taxable","14":"product-type-simple"},"acf":[],"_links":{"self":[{"href":"https:\/\/nbg.eu\/lt\/wp-json\/wp\/v2\/product\/690244","targetHints":{"allow":["GET"]}}],"collection":[{"href":"https:\/\/nbg.eu\/lt\/wp-json\/wp\/v2\/product"}],"about":[{"href":"https:\/\/nbg.eu\/lt\/wp-json\/wp\/v2\/types\/product"}],"wp:featuredmedia":[{"embeddable":true,"href":"https:\/\/nbg.eu\/lt\/wp-json\/wp\/v2\/media\/24948"}],"wp:attachment":[{"href":"https:\/\/nbg.eu\/lt\/wp-json\/wp\/v2\/media?parent=690244"}],"wp:term":[{"taxonomy":"product_brand","embeddable":true,"href":"https:\/\/nbg.eu\/lt\/wp-json\/wp\/v2\/product_brand?post=690244"},{"taxonomy":"product_cat","embeddable":true,"href":"https:\/\/nbg.eu\/lt\/wp-json\/wp\/v2\/product_cat?post=690244"},{"taxonomy":"product_tag","embeddable":true,"href":"https:\/\/nbg.eu\/lt\/wp-json\/wp\/v2\/product_tag?post=690244"}],"curies":[{"name":"wp","href":"https:\/\/api.w.org\/{rel}","templated":true}]}}