{"id":690525,"date":"2024-08-18T11:12:46","date_gmt":"2024-08-18T08:12:46","guid":{"rendered":"https:\/\/nbg.eu\/product\/front-sight-screw-m3x3-din-914-kmr\/"},"modified":"2026-05-13T15:10:01","modified_gmt":"2026-05-13T12:10:01","slug":"front-sight-screw-m3x3-din-914-kmr","status":"publish","type":"product","link":"https:\/\/nbg.eu\/lt\/produktas\/front-sight-screw-m3x3-din-914-kmr\/","title":{"rendered":"KMR Priekinio Taikiklio Var\u017etas M3x3 DIN 914"},"content":{"rendered":"<h2>Priekin\u0117s optin\u0117s taikiklio atsuktuvas M3X3 Din 914 KMR<\/h2>\n<p>Patobulinkite savo ginklo veikim\u0105 su Priekin\u0117s optin\u0117s taikiklio atsuktuvu M3X3 Din 914 KMR. Sukurtas suderinti su pla\u010dia KMR modeli\u0173 palete, \u0161is atsuktuvas u\u017etikrina saug\u0173 ir tiksl\u0173 tvirtinim\u0105, pagerinant\u012f j\u016bs\u0173 ginklo stabilum\u0105 ir tikslum\u0105. Pagamintas i\u0161 auk\u0161tos kokyb\u0117s med\u017eiag\u0173, Priekin\u0117s optin\u0117s taikiklio atsuktuvas M3X3 Din 914 KMR yra sukurtas atlaikyti taktini\u0173 ir var\u017eybini\u0173 \u0161audymo aplink\u0173 reikalavimus.<\/p>\n<p>Ginklams KMR:<\/p>\n<p>KMR L-02 EMIQ (OR)<\/p>\n<p>KMR L-02 ORCA NUO 2024<\/p>\n<p>KMR L-02 ORCA IKI 2023<\/p>\n<p>KMR L-02 SPECTRA NUO 2024<\/p>\n<p>KMR L-02 SPECTRA IKI 2023<\/p>\n<p>KMR L-02 UMBRA (OR) SR<\/p>\n<p>KMR S-01 LANCE (OR)<\/p>\n<p>KMR S-02 10 (OR) SR ADA<\/p>\n<p>KMR S-02 75 (OR) SR ADA<\/p>\n<p>KMR S-02 NUO 2024<\/p>\n<p>KMR S-02 SH1 (OR) SR ADA<\/p>\n<p>KMR S-02 SH2 (OR) SR ADA<\/p>\n<p>KMR S-02 TS (OR) SR ADA<\/p>\n<p>KMR S-02 IKI 2023<\/p>\n<p>KMR W-02 CUDA (OR)<\/p>\n<p>KMR W-02 UMBRA<\/p>\n<p>KMR W-02 UMBRA (OR)<\/p>\n","protected":false},"excerpt":{"rendered":"<p>Priekinis \u012ftaisas M3X3 Din 914 KMR ginkl\u0173 modeliams.<\/p>\n","protected":false},"featured_media":25409,"template":"","meta":{"_acf_changed":false},"product_brand":[11496],"product_cat":[13691],"product_tag":[],"class_list":{"0":"post-690525","1":"product","2":"type-product","3":"status-publish","4":"has-post-thumbnail","6":"product_brand-kmr-precision","7":"product_cat-kmr-dalys","9":"first","10":"instock","11":"taxable","12":"shipping-taxable","13":"product-type-simple"},"acf":[],"_links":{"self":[{"href":"https:\/\/nbg.eu\/lt\/wp-json\/wp\/v2\/product\/690525","targetHints":{"allow":["GET"]}}],"collection":[{"href":"https:\/\/nbg.eu\/lt\/wp-json\/wp\/v2\/product"}],"about":[{"href":"https:\/\/nbg.eu\/lt\/wp-json\/wp\/v2\/types\/product"}],"wp:featuredmedia":[{"embeddable":true,"href":"https:\/\/nbg.eu\/lt\/wp-json\/wp\/v2\/media\/25409"}],"wp:attachment":[{"href":"https:\/\/nbg.eu\/lt\/wp-json\/wp\/v2\/media?parent=690525"}],"wp:term":[{"taxonomy":"product_brand","embeddable":true,"href":"https:\/\/nbg.eu\/lt\/wp-json\/wp\/v2\/product_brand?post=690525"},{"taxonomy":"product_cat","embeddable":true,"href":"https:\/\/nbg.eu\/lt\/wp-json\/wp\/v2\/product_cat?post=690525"},{"taxonomy":"product_tag","embeddable":true,"href":"https:\/\/nbg.eu\/lt\/wp-json\/wp\/v2\/product_tag?post=690525"}],"curies":[{"name":"wp","href":"https:\/\/api.w.org\/{rel}","templated":true}]}}