{"id":690585,"date":"2025-08-20T18:30:18","date_gmt":"2025-08-20T15:30:18","guid":{"rendered":"https:\/\/nbg.eu\/product\/german-tactical-systems-adjustable-ak-rear-sight\/"},"modified":"2026-05-13T16:48:56","modified_gmt":"2026-05-13T13:48:56","slug":"german-tactical-systems-adjustable-ak-rear-sight","status":"publish","type":"product","link":"https:\/\/nbg.eu\/lt\/produktas\/german-tactical-systems-adjustable-ak-rear-sight\/","title":{"rendered":"GERMAN TACTICAL SYSTEMS Adjustable AK Rear Sight"},"content":{"rendered":"<h2>VOKIE\u010cI\u0172 TAKTIN\u0116S SISTEMOS Reguliuojamas AK galinis taikymo \u012ftaisas<\/h2>\n<p>Padidinkite savo AK platformos tikslum\u0105 su \u0161iuo in\u017eineri\u0161kai sukurtu galiniu taikymo \u012ftaisu. Skirtingai nuo tradicini\u0173 AK taikymo \u012ftais\u0173, \u0161is inovatyvus dizainas si\u016blo ir krypties, ir auk\u0161\u010dio reguliavim\u0105, kad b\u016bt\u0173 pasiektas nepalyginamas \u0161\u016bvi\u0173 pataikymas.<\/p>\n<ul>\n<li>Dvigubas reguliavimas kryp\u010diai ir auk\u0161\u010diui<\/li>\n<li>Atsparus plieno konstrukcija<\/li>\n<li>\u012eranki\u0173 nereikalaujantis, greitas reguliavimas<\/li>\n<li>Suderinamas su daugeliu AK variant\u0173<\/li>\n<li>\u017demos profilio dizainas<\/li>\n<\/ul>\n<p>Idealus konkursini\u0173 \u0161auli\u0173, taktini\u0173 operatori\u0173 ir AK entuziast\u0173. Padidinkite savo AK na\u0161um\u0105 ir estetik\u0105 su \u0161iuo universaliu, lengvai naudojamu taikymo \u012ftaisu. Pasiekite auk\u0161\u010diausio tikslumo bet kokiomis s\u0105lygomis, nuo \u0161audyklos iki lauko.<\/p>\n","protected":false},"excerpt":{"rendered":"<p>Reguliuojamas AK galinio taikiklio mechanizmas: nuotolinis ir auk\u0161\u010dio valdymas, atsparus plienin\u0117 konstrukcija.<\/p>\n","protected":false},"featured_media":471147,"template":"","meta":{"_acf_changed":false},"product_brand":[],"product_cat":[13679,13741,13702],"product_tag":[],"class_list":{"0":"post-690585","1":"product","2":"type-product","3":"status-publish","4":"has-post-thumbnail","6":"product_cat-ak-derinimas","7":"product_cat-sautuvas","8":"product_cat-sautuvu-derinimas","10":"first","11":"outofstock","12":"taxable","13":"shipping-taxable","14":"purchasable","15":"product-type-simple"},"acf":[],"_links":{"self":[{"href":"https:\/\/nbg.eu\/lt\/wp-json\/wp\/v2\/product\/690585","targetHints":{"allow":["GET"]}}],"collection":[{"href":"https:\/\/nbg.eu\/lt\/wp-json\/wp\/v2\/product"}],"about":[{"href":"https:\/\/nbg.eu\/lt\/wp-json\/wp\/v2\/types\/product"}],"wp:featuredmedia":[{"embeddable":true,"href":"https:\/\/nbg.eu\/lt\/wp-json\/wp\/v2\/media\/471147"}],"wp:attachment":[{"href":"https:\/\/nbg.eu\/lt\/wp-json\/wp\/v2\/media?parent=690585"}],"wp:term":[{"taxonomy":"product_brand","embeddable":true,"href":"https:\/\/nbg.eu\/lt\/wp-json\/wp\/v2\/product_brand?post=690585"},{"taxonomy":"product_cat","embeddable":true,"href":"https:\/\/nbg.eu\/lt\/wp-json\/wp\/v2\/product_cat?post=690585"},{"taxonomy":"product_tag","embeddable":true,"href":"https:\/\/nbg.eu\/lt\/wp-json\/wp\/v2\/product_tag?post=690585"}],"curies":[{"name":"wp","href":"https:\/\/api.w.org\/{rel}","templated":true}]}}