{"id":690754,"date":"2024-08-16T23:16:01","date_gmt":"2024-08-16T20:16:01","guid":{"rendered":"https:\/\/nbg.eu\/product\/hammer-pin-kmr\/"},"modified":"2026-05-13T16:04:31","modified_gmt":"2026-05-13T13:04:31","slug":"hammer-pin-kmr","status":"publish","type":"product","link":"https:\/\/nbg.eu\/lt\/produktas\/hammer-pin-kmr\/","title":{"rendered":"KMR Gaiduko Kai\u0161tis"},"content":{"rendered":"<h2>K\u016bjo kai\u0161tis KMR pistoletams: tikslumas ir patikimumas j\u016bs\u0173 u\u017edegimo sistemai<\/h2>\n<p>U\u017etikrinkite skland\u0173 ir nuosekl\u0173 KMR pistoleto u\u017edegimo sistemos veikim\u0105 su m\u016bs\u0173 auk\u0161tos kokyb\u0117s K\u016bjo kai\u0161\u010diu. Pagamintas i\u0161 tiksliai \u0161lifuoto gr\u016bdinto plieno, \u0161is kai\u0161tis yra suprojektuotas tarnauti kaip pagrindin\u0117 a\u0161is k\u016bjo jud\u0117jimui, u\u017etikrinant patikim\u0105 ir pasikartojant\u012f k\u016bjo kritim\u0105 ir gaiduko traukimo geometrij\u0105.<\/p>\n<p>Turintis tiksl\u0173 gamyklos skersmens matmen\u012f, kad tinkamai prigyvent\u0173 KMR r\u0117muose, m\u016bs\u0173 K\u016bjo kai\u0161tis sukurtas, kad i\u0161vengt\u0173 \u012fprast\u0173 problem\u0173, toki\u0173 kaip &#8222;kai\u0161\u010dio \u0117jimas&#8221; per greit\u0105 \u0161audym\u0105. Jo atspari\u0105 d\u0117v\u0117jimuisi pavir\u0161iaus apdail\u0105 dar labiau padidina kai\u0161\u010dio patvarum\u0105, saugodama j\u016bs\u0173 ginklo kritini\u0173 komponent\u0173 konstrukcijos vientisum\u0105.<\/p>\n<p>Nesvarvu, ar esate aistringas var\u017eyb\u0173 \u0161aulys, ar atsidav\u0119s pramoginiam naudotojui, K\u016bjo kai\u0161tis KMR pistoletams yra b\u016btinas komponentas, kurio jums reikia, norint u\u017etikrinti skland\u0173 ir patikim\u0105 savo u\u017edegimo sistemos veikim\u0105. Pasitik\u0117kite jo tiksliu in\u017einerijos ir nepalau\u017eiamu veikimu, kad pakeltum\u0117te savo \u0161audymo patirt\u012f \u012f naujus auk\u0161tumas.<\/p>\n","protected":false},"excerpt":{"rendered":"<p>Auk\u0161tos kokyb\u0117s gr\u016bdintas plieno karnatas u\u017etikrina stabil\u0173 plaktuko a\u0161\u012f ir skland\u0173 gaiduko traukim\u0105 KMR pistoletams.<\/p>\n","protected":false},"featured_media":23689,"template":"","meta":{"_acf_changed":false},"product_brand":[11496],"product_cat":[13691],"product_tag":[],"class_list":{"0":"post-690754","1":"product","2":"type-product","3":"status-publish","4":"has-post-thumbnail","6":"product_brand-kmr-precision","7":"product_cat-kmr-dalys","9":"first","10":"instock","11":"taxable","12":"shipping-taxable","13":"product-type-simple"},"acf":[],"_links":{"self":[{"href":"https:\/\/nbg.eu\/lt\/wp-json\/wp\/v2\/product\/690754","targetHints":{"allow":["GET"]}}],"collection":[{"href":"https:\/\/nbg.eu\/lt\/wp-json\/wp\/v2\/product"}],"about":[{"href":"https:\/\/nbg.eu\/lt\/wp-json\/wp\/v2\/types\/product"}],"wp:featuredmedia":[{"embeddable":true,"href":"https:\/\/nbg.eu\/lt\/wp-json\/wp\/v2\/media\/23689"}],"wp:attachment":[{"href":"https:\/\/nbg.eu\/lt\/wp-json\/wp\/v2\/media?parent=690754"}],"wp:term":[{"taxonomy":"product_brand","embeddable":true,"href":"https:\/\/nbg.eu\/lt\/wp-json\/wp\/v2\/product_brand?post=690754"},{"taxonomy":"product_cat","embeddable":true,"href":"https:\/\/nbg.eu\/lt\/wp-json\/wp\/v2\/product_cat?post=690754"},{"taxonomy":"product_tag","embeddable":true,"href":"https:\/\/nbg.eu\/lt\/wp-json\/wp\/v2\/product_tag?post=690754"}],"curies":[{"name":"wp","href":"https:\/\/api.w.org\/{rel}","templated":true}]}}