{"id":690884,"date":"2024-09-18T20:49:20","date_gmt":"2024-09-18T17:49:20","guid":{"rendered":"https:\/\/nbg.eu\/product\/holosun-1-63-riser-for-hs510c-red-dot-sight-hs-riser-510c\/"},"modified":"2026-05-13T16:02:31","modified_gmt":"2026-05-13T13:02:31","slug":"holosun-1-63-riser-for-hs510c-red-dot-sight-hs-riser-510c","status":"publish","type":"product","link":"https:\/\/nbg.eu\/lt\/produktas\/holosun-1-63-riser-for-hs510c-red-dot-sight-hs-riser-510c\/","title":{"rendered":"Holosun 1.63&#8243; Riser for HS510C Red Dot Sight | HS-RISER-510C"},"content":{"rendered":"<h2>Holosun 1.63&#8221; High Riser HS-RISER-510C for HS510C<\/h2>\n<p>Pakyl\u0117kite savo \u0161audymo patirt\u012f su HOLOSUN auk\u0161tesnio kylimo monta\u017eu, specialiai sukurtu HS510C. \u0160is monta\u017eas si\u016blo 1.63&#8221; taikiklio linijos pak\u0117lim\u0105, ideal\u0173 ginklams su tiesiais antpe\u010diais, kur peties atrama lygiuojasi su ginklo veikimo d\u0117\u017eute.<\/p>\n<h2>Pagrindin\u0117s savyb\u0117s:<\/h2>\n<ul>\n<li>Lengvas naudojimas ir \u012frengimas<\/li>\n<li>Kompakti\u0161kas dizainas optimaliai veikimui<\/li>\n<li>Itin atsparus duralio konstrukcija<\/li>\n<li>Pasikartojantis taiklumas nuosekliam \u0161audymui<\/li>\n<li>Lengvas, ta\u010diau tvirtas korpusas<\/li>\n<\/ul>\n<h2>Technin\u0117s specifikacijos:<\/h2>\n<ul>\n<li>Darbin\u0117 temperat\u016bra: nuo -30\u00b0C iki 60\u00b0C<\/li>\n<li>Laikymo temperat\u016bra: nuo -40\u00b0C iki 70\u00b0C<\/li>\n<li>Matmenys: 80,5 x 40 x 5,5 mm<\/li>\n<li>Med\u017eiaga: Aliuminis<\/li>\n<li>Spalva: Juoda<\/li>\n<li>Svoris: 44 g<\/li>\n<\/ul>\n<p>Pakelkite savo Holosun HS510C su \u0161iuo auk\u0161tos kokyb\u0117s kylimo monta\u017eu, sukurtu tikslumui ir patikimumui \u012fvairiomis \u0161audymo s\u0105lygomis. Ar esate profesionalas, ar entuziastas, HS-RISER-510C yra tobulas papildymas, siekiant patobulinti j\u016bs\u0173 ginklo veikim\u0105.<\/p>\n","protected":false},"excerpt":{"rendered":"<p>Pakelkite savo HS510C \u0161iuo tvirtu 1,63&#8243; auk\u0161\u010diu kylan\u010dia montavimo atrama.<\/p>\n","protected":false},"featured_media":64734,"template":"","meta":{"_acf_changed":false},"product_brand":[11433],"product_cat":[14921],"product_tag":[],"class_list":{"0":"post-690884","1":"product","2":"type-product","3":"status-publish","4":"has-post-thumbnail","6":"product_brand-holosun","7":"product_cat-red-dot-sights-mounts-lt","9":"first","10":"instock","11":"taxable","12":"shipping-taxable","13":"purchasable","14":"product-type-simple"},"acf":[],"_links":{"self":[{"href":"https:\/\/nbg.eu\/lt\/wp-json\/wp\/v2\/product\/690884","targetHints":{"allow":["GET"]}}],"collection":[{"href":"https:\/\/nbg.eu\/lt\/wp-json\/wp\/v2\/product"}],"about":[{"href":"https:\/\/nbg.eu\/lt\/wp-json\/wp\/v2\/types\/product"}],"wp:featuredmedia":[{"embeddable":true,"href":"https:\/\/nbg.eu\/lt\/wp-json\/wp\/v2\/media\/64734"}],"wp:attachment":[{"href":"https:\/\/nbg.eu\/lt\/wp-json\/wp\/v2\/media?parent=690884"}],"wp:term":[{"taxonomy":"product_brand","embeddable":true,"href":"https:\/\/nbg.eu\/lt\/wp-json\/wp\/v2\/product_brand?post=690884"},{"taxonomy":"product_cat","embeddable":true,"href":"https:\/\/nbg.eu\/lt\/wp-json\/wp\/v2\/product_cat?post=690884"},{"taxonomy":"product_tag","embeddable":true,"href":"https:\/\/nbg.eu\/lt\/wp-json\/wp\/v2\/product_tag?post=690884"}],"curies":[{"name":"wp","href":"https:\/\/api.w.org\/{rel}","templated":true}]}}