{"id":690909,"date":"2024-08-17T14:54:34","date_gmt":"2024-08-17T11:54:34","guid":{"rendered":"https:\/\/nbg.eu\/product\/hammer-sa-hidden-kmr\/"},"modified":"2026-05-13T15:10:53","modified_gmt":"2026-05-13T12:10:53","slug":"hammer-sa-hidden-kmr","status":"publish","type":"product","link":"https:\/\/nbg.eu\/lt\/produktas\/hammer-sa-hidden-kmr\/","title":{"rendered":"KMR Gaidukas SA Pasl\u0117ptas"},"content":{"rendered":"<h2>Ginkl\u0173 prek\u0117s apra\u0161ymas<\/h2>\n<p>KMR L-02 EMIQ<br \/>\nKMR L-02 EMIQ (OR)<br \/>\nKMR L-02 ORCA iki 2023 m.<br \/>\nKMR L-02 SPECTRA iki 2023 m.<br \/>\nKMR L-02 UMBRA (OR) SR<br \/>\nKMR W-02 CUDA (OR)<br \/>\nKMR W-02 UMBRA<br \/>\nKMR W-02 UMBRA (OR)<\/p>\n<h2>Ginkl\u0173 CZ atranka<\/h2>\n<p>CZ CZECHMATE<br \/>\nCZ SHADOW 1<br \/>\nCZ SHADOW 2<br \/>\nCZ SHADOW 2 (OR)<br \/>\nCZ TS<br \/>\nCZ TS 2<\/p>\n","protected":false},"excerpt":{"rendered":"<p>0280-00301-0401<\/p>\n","protected":false},"featured_media":23875,"template":"","meta":{"_acf_changed":false},"product_brand":[11496],"product_cat":[13691],"product_tag":[],"class_list":{"0":"post-690909","1":"product","2":"type-product","3":"status-publish","4":"has-post-thumbnail","6":"product_brand-kmr-precision","7":"product_cat-kmr-dalys","9":"first","10":"instock","11":"taxable","12":"shipping-taxable","13":"product-type-simple"},"acf":[],"_links":{"self":[{"href":"https:\/\/nbg.eu\/lt\/wp-json\/wp\/v2\/product\/690909","targetHints":{"allow":["GET"]}}],"collection":[{"href":"https:\/\/nbg.eu\/lt\/wp-json\/wp\/v2\/product"}],"about":[{"href":"https:\/\/nbg.eu\/lt\/wp-json\/wp\/v2\/types\/product"}],"wp:featuredmedia":[{"embeddable":true,"href":"https:\/\/nbg.eu\/lt\/wp-json\/wp\/v2\/media\/23875"}],"wp:attachment":[{"href":"https:\/\/nbg.eu\/lt\/wp-json\/wp\/v2\/media?parent=690909"}],"wp:term":[{"taxonomy":"product_brand","embeddable":true,"href":"https:\/\/nbg.eu\/lt\/wp-json\/wp\/v2\/product_brand?post=690909"},{"taxonomy":"product_cat","embeddable":true,"href":"https:\/\/nbg.eu\/lt\/wp-json\/wp\/v2\/product_cat?post=690909"},{"taxonomy":"product_tag","embeddable":true,"href":"https:\/\/nbg.eu\/lt\/wp-json\/wp\/v2\/product_tag?post=690909"}],"curies":[{"name":"wp","href":"https:\/\/api.w.org\/{rel}","templated":true}]}}