{"id":690947,"date":"2024-07-25T21:45:22","date_gmt":"2024-07-25T18:45:22","guid":{"rendered":"https:\/\/nbg.eu\/product\/hornady-6mm-arc-108gr-eld-match-ammunition\/"},"modified":"2026-05-13T15:11:56","modified_gmt":"2026-05-13T12:11:56","slug":"hornady-6mm-arc-108gr-eld-match-ammunition","status":"publish","type":"product","link":"https:\/\/nbg.eu\/lt\/produktas\/hornady-6mm-arc-108gr-eld-match-ammunition\/","title":{"rendered":"Hornady 6mm ARC 108gr. ELD MATCH Ammunition"},"content":{"rendered":"<div class=\"product-description\">\n<h2>Hornady 6mm ARC 108gr. ELD MATCH \u0160audmenys<\/h2>\n<p>Patirti neprilygstam\u0105 veikim\u0105 su Hornady 6mm ARC 108gr. ELD MATCH \u0160audmenys. \u0160i universali kaset\u0117 pateikia:<\/p>\n<ul>\n<li>I\u0161skirtin\u012f efektyvum\u0105 su didel\u0117s balisto koeficiento kulkomis<\/li>\n<li>Ne\u012fprast\u0105 veikim\u0105 i\u0161 AR-15 platform\u0173<\/li>\n<li>Optimalius rezultatus trumpose arba mikro veikimo \u0161autuvuose<\/li>\n<li>Idealu taikini\u0173 \u0161audymui, med\u017eioklei ir asmeninei gynybai<\/li>\n<li>Auk\u0161tesn\u0119 galutinius rezultatus \u012fvairiose programose<\/li>\n<\/ul>\n<p>6mm ARC derina pa\u017eang\u0173 kaset\u0117s dizain\u0105 su kruop\u0161\u010diai parinktomis kulkomis, si\u016blydamas ideal\u0173 sistemos svorio, veikimo ir \u0161aunamumo balans\u0105. Nepriklausomai nuo to, ar esate var\u017eybinis \u0161aulys, med\u017eiotojas, ar teis\u0117saugos specialistas, \u0161ie \u0161audmenys suteikia jums reikiam\u0105 tikslum\u0105 ir gali\u0105.<\/p>\n<\/div>\n","protected":false},"excerpt":{"rendered":"<p>Universalus 6 mm ARC: tikslum\u0105 atitinkanti \u0161audmens \u012franga \u0161autuvams AR-15 ir l\u016b\u017eini\u0173 u\u017etv\u0117rimo \u0161aunamiesiems ginklams.<\/p>\n","protected":false},"featured_media":690981,"template":"","meta":{"_acf_changed":false},"product_brand":[11456],"product_cat":[13744,13754],"product_tag":[],"class_list":{"0":"post-690947","1":"product","2":"type-product","3":"status-publish","4":"has-post-thumbnail","6":"product_brand-hornady","7":"product_cat-saudmenys","8":"product_cat-sautuvu-saudmenys","10":"first","11":"instock","12":"taxable","13":"shipping-taxable","14":"purchasable","15":"product-type-simple"},"acf":[],"_links":{"self":[{"href":"https:\/\/nbg.eu\/lt\/wp-json\/wp\/v2\/product\/690947","targetHints":{"allow":["GET"]}}],"collection":[{"href":"https:\/\/nbg.eu\/lt\/wp-json\/wp\/v2\/product"}],"about":[{"href":"https:\/\/nbg.eu\/lt\/wp-json\/wp\/v2\/types\/product"}],"wp:featuredmedia":[{"embeddable":true,"href":"https:\/\/nbg.eu\/lt\/wp-json\/wp\/v2\/media\/690981"}],"wp:attachment":[{"href":"https:\/\/nbg.eu\/lt\/wp-json\/wp\/v2\/media?parent=690947"}],"wp:term":[{"taxonomy":"product_brand","embeddable":true,"href":"https:\/\/nbg.eu\/lt\/wp-json\/wp\/v2\/product_brand?post=690947"},{"taxonomy":"product_cat","embeddable":true,"href":"https:\/\/nbg.eu\/lt\/wp-json\/wp\/v2\/product_cat?post=690947"},{"taxonomy":"product_tag","embeddable":true,"href":"https:\/\/nbg.eu\/lt\/wp-json\/wp\/v2\/product_tag?post=690947"}],"curies":[{"name":"wp","href":"https:\/\/api.w.org\/{rel}","templated":true}]}}