{"id":691108,"date":"2025-03-04T21:24:07","date_gmt":"2025-03-04T18:24:07","guid":{"rendered":"https:\/\/nbg.eu\/product\/kmr-hand-stop-set-m-lok-alu-black\/"},"modified":"2026-05-13T15:56:48","modified_gmt":"2026-05-13T12:56:48","slug":"kmr-hand-stop-set-m-lok-alu-black","status":"publish","type":"product","link":"https:\/\/nbg.eu\/lt\/produktas\/kmr-hand-stop-set-m-lok-alu-black\/","title":{"rendered":"KMR Hand Stop Rinkinys M-LOK ALU Juodas"},"content":{"rendered":"<h2>KMR rank\u0173 stabdik\u0173 rinkinys (M-LOK) \u2013 aliuminis, juodas<\/h2>\n<p>Pakelkite savo \u0161audymo patirt\u012f su KMR rank\u0173 stabdik\u0173 rinkiniu, universaliu priedu, sukurtu pagerinti atatrankos valdym\u0105, rankos pad\u0117ties nustatym\u0105 ir bendr\u0105 ginklo valdym\u0105. Pagamintas i\u0161 lengvo, CNC apdirbto aliuminio ir turintis matin\u012f juod\u0105 anoduot\u0105 u\u017ebaigt\u012f, \u0161is rank\u0173 stabdik\u0173 rinkinys skland\u017eiai integruojasi su j\u016bs\u0173 M-LOK suderinamu \u0161aunamuoju ginklu.<\/p>\n<p>Modulin\u0117 dviej\u0173 dali\u0173 ar \u0161iurk\u0161ti tekst\u016bra suteikia pastov\u0173 fizikin\u012f atram\u0105 j\u016bs\u0173 pagalbinei rankai, u\u017etikrindama pasikartojan\u010di\u0105 rankos pad\u0117t\u012f ir neleid\u017eiant j\u016bs\u0173 rankai paslysti link vamzd\u017eio. Leid\u017eiant jums &#8222;traukti&#8221; \u0161autuv\u0105 \u012f savo pet\u012f, KMR rank\u0173 stabdik\u0173 rinkinys u\u017etikrina gerokai plok\u0161tesn\u012f \u0161audym\u0105 ir greitesnius pakartotinius \u0161\u016bvius, pagerinant j\u016bs\u0173 bendr\u0105 tikslum\u0105 ir \u0161audymo rezultatus.<\/p>\n<p>Nepriklausomai nuo to, ar esate patyr\u0119s \u0161aulys, ar aistringas hobistas, KMR rank\u0173 stabdik\u0173 rinkinys yra privalomas j\u016bs\u0173 \u0161aunamojo ginklo modifikavimas. Pakelkite savo \u0161audymo patirt\u012f ir pakelkite savo \u012fg\u016bd\u017eius \u012f nauj\u0105 lyg\u012f su \u0161iuo novatori\u0161kuoju ir patikimu priedu.<\/p>\n","protected":false},"excerpt":{"rendered":"<p>KMR RANKINIS STABD\u017dI\u0172 KOMPLEKTAS, M-LOK, ALU, JUODA &#8211; Pagerinta atatrankos valdymas ir ginklo kontrol\u0117.<\/p>\n","protected":false},"featured_media":236522,"template":"","meta":{"_acf_changed":false},"product_brand":[11496],"product_cat":[13691,13741,13702,13699],"product_tag":[],"class_list":{"0":"post-691108","1":"product","2":"type-product","3":"status-publish","4":"has-post-thumbnail","6":"product_brand-kmr-precision","7":"product_cat-kmr-dalys","8":"product_cat-sautuvas","9":"product_cat-sautuvu-derinimas","10":"product_cat-sautuvu-rankenos","12":"first","13":"instock","14":"taxable","15":"shipping-taxable","16":"purchasable","17":"product-type-simple"},"acf":[],"_links":{"self":[{"href":"https:\/\/nbg.eu\/lt\/wp-json\/wp\/v2\/product\/691108","targetHints":{"allow":["GET"]}}],"collection":[{"href":"https:\/\/nbg.eu\/lt\/wp-json\/wp\/v2\/product"}],"about":[{"href":"https:\/\/nbg.eu\/lt\/wp-json\/wp\/v2\/types\/product"}],"wp:featuredmedia":[{"embeddable":true,"href":"https:\/\/nbg.eu\/lt\/wp-json\/wp\/v2\/media\/236522"}],"wp:attachment":[{"href":"https:\/\/nbg.eu\/lt\/wp-json\/wp\/v2\/media?parent=691108"}],"wp:term":[{"taxonomy":"product_brand","embeddable":true,"href":"https:\/\/nbg.eu\/lt\/wp-json\/wp\/v2\/product_brand?post=691108"},{"taxonomy":"product_cat","embeddable":true,"href":"https:\/\/nbg.eu\/lt\/wp-json\/wp\/v2\/product_cat?post=691108"},{"taxonomy":"product_tag","embeddable":true,"href":"https:\/\/nbg.eu\/lt\/wp-json\/wp\/v2\/product_tag?post=691108"}],"curies":[{"name":"wp","href":"https:\/\/api.w.org\/{rel}","templated":true}]}}