{"id":691131,"date":"2025-03-07T13:06:11","date_gmt":"2025-03-07T10:06:11","guid":{"rendered":"https:\/\/nbg.eu\/product\/kmr-or-aimpoint-acro-mounting-kit-for-l-02-w-02-steel-black\/"},"modified":"2026-05-13T16:48:14","modified_gmt":"2026-05-13T13:48:14","slug":"kmr-or-aimpoint-acro-mounting-kit-for-l-02-w-02-steel-black","status":"publish","type":"product","link":"https:\/\/nbg.eu\/lt\/produktas\/kmr-or-aimpoint-acro-mounting-kit-for-l-02-w-02-steel-black\/","title":{"rendered":"KMR OR Aimpoint Acro Montavimo Rinkinys skirtas L-02, W-02 Plienas Juodas"},"content":{"rendered":"<h2>KMR &#8211; AR AIMPOINT ACRO MONTAVIMO RINKINYS L-02, W-02, PLIENAS JUODAS<\/h2>\n<p>KMR Optic Ready (OR) Aimpoint ACRO montavimo rinkinys yra puikus sprendimas tvirtiems optini\u0173 prietais\u0173 integravimui ir tobulai bendrai \u017ei\u016brai j\u016bs\u0173 KMR L-02 ir W-02 pistoletams. Tiksliai apdirbtas i\u0161 auk\u0161tos stiprumo plieno, \u0161is montavimo rinkinys turi special\u0173 Aimpoint ACRO kont\u016br\u0105, \u017eem\u0105 profilio dizain\u0105 ir matin\u012f juod\u0105 antikorozin\u012f dang\u0105 d\u0117l eleganti\u0161kai tvirtos i\u0161vaizdos.<\/p>\n<p>Plieno konstrukcija KMR OR Aimpoint ACRO montavimo rinkinyje u\u017etikrina nulinio poslinkio sunkaus atatrankos atveju, teikiant patikimiausi\u0105 montavimo sprendim\u0105 u\u017edar\u0173 emiteri\u0173 prietaisams. Tikslus pritaikymas garantuoja, kad j\u016bs\u0173 optinis prietaisas i\u0161liks nustatytas net auk\u0161to intensyvumo var\u017eyb\u0173 ar tarnybin\u0117s paskirties naudojimo metu, padarydamas j\u012f geriausiu pasirinkimu KMR OR serijos pistoletams.<\/p>\n","protected":false},"excerpt":{"rendered":"<p>KMR &#8211; ARBA AIMPOINT ACRO MONTAVIMO RINKINYS L-02, W-02, PLIENINIAI JUODI. Tvirta optikos integracija ir tobula sulygiuota su L-02 ir W-02 modeliais. Tiksliai apdirbtas i\u0161 auk\u0161tos stiprumo plieno, specifi\u0161kai pritaikytas Aimpoint ACRO, \u017eemo profilio dizainas, matinis juodas antikorozinis pavir\u0161ius. Suteikia tvir\u010diausi\u0105 montavimo sprendim\u0105 u\u017edaros spinduliuot\u0117s taikiniams; plieno konstrukcija u\u017etikrina nulinio poslinkio b\u016bsen\u0105 esant dideliam atgaliniam sm\u016bgiui, o tikslus montavimas garantuoja, kad taikinys i\u0161lieka nustatytas net per didelio masto var\u017eybas arba naudojim\u0105 KMR OR serijos pistoletams.<\/p>\n","protected":false},"featured_media":246149,"template":"","meta":{"_acf_changed":false},"product_brand":[11496],"product_cat":[13691,13687,13723,14921],"product_tag":[],"class_list":{"0":"post-691131","1":"product","2":"type-product","3":"status-publish","4":"has-post-thumbnail","6":"product_brand-kmr-precision","7":"product_cat-kmr-dalys","8":"product_cat-pistoletu-dalys","9":"product_cat-pistoletu-taskikliai","10":"product_cat-red-dot-sights-mounts-lt","12":"first","13":"instock","14":"taxable","15":"shipping-taxable","16":"purchasable","17":"product-type-simple"},"acf":[],"_links":{"self":[{"href":"https:\/\/nbg.eu\/lt\/wp-json\/wp\/v2\/product\/691131","targetHints":{"allow":["GET"]}}],"collection":[{"href":"https:\/\/nbg.eu\/lt\/wp-json\/wp\/v2\/product"}],"about":[{"href":"https:\/\/nbg.eu\/lt\/wp-json\/wp\/v2\/types\/product"}],"wp:featuredmedia":[{"embeddable":true,"href":"https:\/\/nbg.eu\/lt\/wp-json\/wp\/v2\/media\/246149"}],"wp:attachment":[{"href":"https:\/\/nbg.eu\/lt\/wp-json\/wp\/v2\/media?parent=691131"}],"wp:term":[{"taxonomy":"product_brand","embeddable":true,"href":"https:\/\/nbg.eu\/lt\/wp-json\/wp\/v2\/product_brand?post=691131"},{"taxonomy":"product_cat","embeddable":true,"href":"https:\/\/nbg.eu\/lt\/wp-json\/wp\/v2\/product_cat?post=691131"},{"taxonomy":"product_tag","embeddable":true,"href":"https:\/\/nbg.eu\/lt\/wp-json\/wp\/v2\/product_tag?post=691131"}],"curies":[{"name":"wp","href":"https:\/\/api.w.org\/{rel}","templated":true}]}}