{"id":691163,"date":"2025-03-04T21:40:08","date_gmt":"2025-03-04T18:40:08","guid":{"rendered":"https:\/\/nbg.eu\/product\/kmr-qd-sling-swivel\/"},"modified":"2026-05-13T15:10:54","modified_gmt":"2026-05-13T12:10:54","slug":"kmr-qd-sling-swivel","status":"publish","type":"product","link":"https:\/\/nbg.eu\/lt\/produktas\/kmr-qd-sling-swivel\/","title":{"rendered":"KMR QD Dir\u017eo \u0160arnyras"},"content":{"rendered":"<h2>Greitas pritvirtinimas, sunkiosios technikos patikimumas: KMR greito atjungimo (QD) dir\u017eo sukiklis<\/h2>\n<p>Sukurtas greitam pritvirtinimui, sunkiosios technikos patikimumui, KMR QD dir\u017eo sukiklis yra puiki palydov\u0117 j\u016bs\u0173 ugniaskalei. Pagamintas i\u0161 auk\u0161tos \u012ftampos plieno, \u0161is sukiklis turi spustel\u0117jimo mygtuk\u0105 ir 360 laipsni\u0173 sukim\u0105si, leid\u017eiant\u012f beveik akimirksniu pritvirtinti ar nuimti dir\u017e\u0105 nuo bet kurio QD suderinamo lizdinio, ar tai b\u016bt\u0173 M-LOK, komplektas ar rankena.<\/p>\n<p>Suprojektuotas atlaikyti didel\u012f traukos j\u0117g\u0105 ir sunkias lauko s\u0105lygas, KMR QD dir\u017eo sukiklis u\u017etikrina, kad j\u016bs\u0173 \u0161autuvas liks saugiai prikabintas judant. Juodas apdailos sluoksnis dar labiau padidina sukiklio atsparum\u0105, tod\u0117l jis yra patikimas pasirinkimas visoms j\u016bs\u0173 dir\u017eo tvirtinimo reikm\u0117ms.<\/p>\n","protected":false},"excerpt":{"rendered":"<p>QD rai\u0161tis, standartinis<\/p>\n","protected":false},"featured_media":236796,"template":"","meta":{"_acf_changed":false},"product_brand":[11496],"product_cat":[13677,13702,14929],"product_tag":[],"class_list":{"0":"post-691163","1":"product","2":"type-product","3":"status-publish","4":"has-post-thumbnail","6":"product_brand-kmr-precision","7":"product_cat-dirzeliai","8":"product_cat-sautuvu-derinimas","9":"product_cat-sling-swivels-lt","11":"first","12":"instock","13":"taxable","14":"shipping-taxable","15":"purchasable","16":"product-type-simple"},"acf":[],"_links":{"self":[{"href":"https:\/\/nbg.eu\/lt\/wp-json\/wp\/v2\/product\/691163","targetHints":{"allow":["GET"]}}],"collection":[{"href":"https:\/\/nbg.eu\/lt\/wp-json\/wp\/v2\/product"}],"about":[{"href":"https:\/\/nbg.eu\/lt\/wp-json\/wp\/v2\/types\/product"}],"wp:featuredmedia":[{"embeddable":true,"href":"https:\/\/nbg.eu\/lt\/wp-json\/wp\/v2\/media\/236796"}],"wp:attachment":[{"href":"https:\/\/nbg.eu\/lt\/wp-json\/wp\/v2\/media?parent=691163"}],"wp:term":[{"taxonomy":"product_brand","embeddable":true,"href":"https:\/\/nbg.eu\/lt\/wp-json\/wp\/v2\/product_brand?post=691163"},{"taxonomy":"product_cat","embeddable":true,"href":"https:\/\/nbg.eu\/lt\/wp-json\/wp\/v2\/product_cat?post=691163"},{"taxonomy":"product_tag","embeddable":true,"href":"https:\/\/nbg.eu\/lt\/wp-json\/wp\/v2\/product_tag?post=691163"}],"curies":[{"name":"wp","href":"https:\/\/api.w.org\/{rel}","templated":true}]}}