{"id":691203,"date":"2025-03-04T21:26:30","date_gmt":"2025-03-04T18:26:30","guid":{"rendered":"https:\/\/nbg.eu\/product\/kmr-rail-set-m-lok-alu\/"},"modified":"2026-05-13T16:01:26","modified_gmt":"2026-05-13T13:01:26","slug":"kmr-rail-set-m-lok-alu","status":"publish","type":"product","link":"https:\/\/nbg.eu\/lt\/produktas\/kmr-rail-set-m-lok-alu\/","title":{"rendered":"KMR Picatinny B\u0117gi\u0173 Rinkinys M-LOK ALU"},"content":{"rendered":"<h2>KMR RAIL SET, M-LOK, ALU<\/h2>\n<p>Padidinkite savo &#8222;M-LOK&#8221; ranken\u0173 tvirtinimo versatilum\u0105 su &#8222;KMR RAIL SET&#8221;, atsparia ir lengva pried\u0173 tvirtinimo sprendimu. Pagamintas i\u0161 auk\u0161tos kokyb\u0117s 6061-T6 aliuminio, naudojant tiksl\u0173 CNC apdirbim\u0105, \u0161is b\u0117geli\u0173 rinkinys si\u016blo standartin\u012f &#8222;Picatinny\/Mil-Std 1913&#8221; s\u0105saj\u0105, leid\u017eian\u010di\u0105 saugiai pritvirtinti \u012fvairi\u0173 taktini\u0173 pried\u0173, toki\u0173 kaip \u017eibintai, lazeriai, rankenos ir dvi\u0161akal\u0117s, spektr\u0105.<\/p>\n<p>Ma\u017eo profilio, anoduotas juodas apdailos dangalas u\u017etikrina maksimal\u0173 patvarum\u0105, nepridedant nereikalingo svorio ar t\u016brio prie j\u016bs\u0173 ginklo priekio. Su prid\u0117tomis &#8222;M-LOK&#8221; montavimo detal\u0117mis, galite lengvai integruoti \u0161\u012f b\u0117geli\u0173 rinkin\u012f \u012f j\u016bs\u0173 esam\u0105 &#8222;M-LOK&#8221; ranken\u0105, sukurdami modulin\u0119 ir pritaikom\u0105 platform\u0105, atitinkan\u010di\u0105 j\u016bs\u0173 konkre\u010dius poreikius.<\/p>\n<p>Nesvarvu, ar ie\u0161kote, kaip padidinti savo ginklo funkcionalum\u0105, ar tiesiog norite patikimo b\u016bdo pritvirtinti m\u0117gstamiausius priedus, &#8222;KMR RAIL SET, M-LOK, ALU&#8221; yra tobulas sprendimas. Sukurtas veikimui ir patvarumui, \u0161is priedas pad\u0117s jums pakelti \u0161audymo patirt\u012f \u012f kit\u0105 lyg\u012f.<\/p>\n","protected":false},"excerpt":{"rendered":"<p>Modulariniai M-LOK b\u0117geli\u0173 rinkiniai i\u0161 lengvojo, tvirto aliuminio su Picatinny s\u0105saja.<\/p>\n","protected":false},"featured_media":236685,"template":"","meta":{"_acf_changed":false},"product_brand":[11496],"product_cat":[13755,13677,14965,13741,13702],"product_tag":[],"class_list":{"0":"post-691203","1":"product","2":"type-product","3":"status-publish","4":"has-post-thumbnail","6":"product_brand-kmr-precision","7":"product_cat-begeliai","8":"product_cat-dirzeliai","9":"product_cat-m-lok-rail-systems-lt","10":"product_cat-sautuvas","11":"product_cat-sautuvu-derinimas","13":"first","14":"instock","15":"taxable","16":"shipping-taxable","17":"purchasable","18":"product-type-variable","19":"wvs-archive-product-wrapper"},"acf":[],"_links":{"self":[{"href":"https:\/\/nbg.eu\/lt\/wp-json\/wp\/v2\/product\/691203","targetHints":{"allow":["GET"]}}],"collection":[{"href":"https:\/\/nbg.eu\/lt\/wp-json\/wp\/v2\/product"}],"about":[{"href":"https:\/\/nbg.eu\/lt\/wp-json\/wp\/v2\/types\/product"}],"wp:featuredmedia":[{"embeddable":true,"href":"https:\/\/nbg.eu\/lt\/wp-json\/wp\/v2\/media\/236685"}],"wp:attachment":[{"href":"https:\/\/nbg.eu\/lt\/wp-json\/wp\/v2\/media?parent=691203"}],"wp:term":[{"taxonomy":"product_brand","embeddable":true,"href":"https:\/\/nbg.eu\/lt\/wp-json\/wp\/v2\/product_brand?post=691203"},{"taxonomy":"product_cat","embeddable":true,"href":"https:\/\/nbg.eu\/lt\/wp-json\/wp\/v2\/product_cat?post=691203"},{"taxonomy":"product_tag","embeddable":true,"href":"https:\/\/nbg.eu\/lt\/wp-json\/wp\/v2\/product_tag?post=691203"}],"curies":[{"name":"wp","href":"https:\/\/api.w.org\/{rel}","templated":true}]}}