{"id":692146,"date":"2025-03-04T21:42:27","date_gmt":"2025-03-04T18:42:27","guid":{"rendered":"https:\/\/nbg.eu\/product\/kmr-qd-sling-swivel-small-25-mm\/"},"modified":"2026-05-13T16:02:05","modified_gmt":"2026-05-13T13:02:05","slug":"kmr-qd-sling-swivel-small-25-mm","status":"publish","type":"product","link":"https:\/\/nbg.eu\/lt\/produktas\/kmr-qd-sling-swivel-small-25-mm\/","title":{"rendered":"KMR QD Dir\u017eo \u0160arnyras Ma\u017eas 25mm"},"content":{"rendered":"<h2>KMR QD SLING SWIVEL, MA\u017dAS 25 mm<\/h2>\n<p>Sukurtas greitam tvirtinimui, dideliam patikimumui, \u201eKMR QD Sling Swivel&#8221; yra tobulas j\u016bs\u0173 \u0161aunamiesiems ginklams palydovas. Pagamintas i\u0161 auk\u0161tos \u012ftempimo stiprio plieno, \u0161is svirtas turi spaudimo mygtuko atlaisvinimo mechanizm\u0105 ir 360 laipsni\u0173 sukim\u0105si, leid\u017eiant\u012f beveik i\u0161kart pritvirtinti ar nuimti dir\u017e\u0105 nuo bet kurio QD suderinamo lizdo, ar tai b\u016bt\u0173 M-LOK, atsarga ar rankena.<\/p>\n<p>Suprojektuotas atlaikyti didel\u0117ms tempimo j\u0117goms ir sunkioms lauko s\u0105lygoms, \u201eKMR QD Sling Swivel&#8221; u\u017etikrina, kad j\u016bs\u0173 \u0161aunamasis ginklas liks saugiai prikabintas judant. Juoda apdaila dar labiau padidina svirto atsparum\u0105, padarydama j\u012f patikimu pasirinkimu visoms j\u016bs\u0173 dir\u017e\u0173 tvirtinimo reikm\u0117ms.<\/p>\n","protected":false},"excerpt":{"rendered":"<p>KMR QD SLING SWIVEL, MA\u017dAS 25 mm: Greitas tvirtinimas\/atjungimas<\/p>\n","protected":false},"featured_media":236820,"template":"","meta":{"_acf_changed":false},"product_brand":[11496],"product_cat":[13677,13702,14929],"product_tag":[],"class_list":{"0":"post-692146","1":"product","2":"type-product","3":"status-publish","4":"has-post-thumbnail","6":"product_brand-kmr-precision","7":"product_cat-dirzeliai","8":"product_cat-sautuvu-derinimas","9":"product_cat-sling-swivels-lt","11":"first","12":"instock","13":"taxable","14":"shipping-taxable","15":"purchasable","16":"product-type-simple"},"acf":[],"_links":{"self":[{"href":"https:\/\/nbg.eu\/lt\/wp-json\/wp\/v2\/product\/692146","targetHints":{"allow":["GET"]}}],"collection":[{"href":"https:\/\/nbg.eu\/lt\/wp-json\/wp\/v2\/product"}],"about":[{"href":"https:\/\/nbg.eu\/lt\/wp-json\/wp\/v2\/types\/product"}],"wp:featuredmedia":[{"embeddable":true,"href":"https:\/\/nbg.eu\/lt\/wp-json\/wp\/v2\/media\/236820"}],"wp:attachment":[{"href":"https:\/\/nbg.eu\/lt\/wp-json\/wp\/v2\/media?parent=692146"}],"wp:term":[{"taxonomy":"product_brand","embeddable":true,"href":"https:\/\/nbg.eu\/lt\/wp-json\/wp\/v2\/product_brand?post=692146"},{"taxonomy":"product_cat","embeddable":true,"href":"https:\/\/nbg.eu\/lt\/wp-json\/wp\/v2\/product_cat?post=692146"},{"taxonomy":"product_tag","embeddable":true,"href":"https:\/\/nbg.eu\/lt\/wp-json\/wp\/v2\/product_tag?post=692146"}],"curies":[{"name":"wp","href":"https:\/\/api.w.org\/{rel}","templated":true}]}}