{"id":692225,"date":"2024-08-17T18:04:12","date_gmt":"2024-08-17T15:04:12","guid":{"rendered":"https:\/\/nbg.eu\/product\/magazine-catch-spring-kmr\/"},"modified":"2026-05-13T16:04:49","modified_gmt":"2026-05-13T13:04:49","slug":"magazine-catch-spring-kmr","status":"publish","type":"product","link":"https:\/\/nbg.eu\/lt\/produktas\/magazine-catch-spring-kmr\/","title":{"rendered":"KMR D\u0117tuv\u0117s Fiksatoriaus Spyruokl\u0117"},"content":{"rendered":"<h2>\u017durnalo u\u017ekabinimas Pavasaris KMR<\/h2>\n<p>Pagamintas atsi\u017evelgiant \u012f tikslum\u0105 ir patvarum\u0105, \u017eurnalo u\u017ekabinimo spyruokl\u0117 u\u017etikrina saug\u0173 ir patikim\u0105 \u017eurnalo atpalaidavim\u0105, suteikdama skland\u0173 ir efektyv\u0173 ginkl\u0173 naudotoj\u0173 patirt\u012f. Tvirta konstrukcija ir patikimas veikimas j\u0105 daro b\u016btinu priedu palaikant Weapons KMR platformos funkcionalum\u0105 ir na\u0161um\u0105.<\/p>\n<p>\u017durnalo u\u017ekabinimo spyruokl\u0117 KMR yra \u012fvairiapusis ir b\u016btinas priedas \u012fvairiems Weapons KMR modeliams. Sukurta u\u017etikrinti saug\u0173 ir patikim\u0105 \u017eurnalo u\u017ekabinim\u0105<\/p>\n<p>Weapons KMR:<\/p>\n<p>KMR L-02 EMIQ<\/p>\n<p>KMR L-02 EMIQ (OR)<\/p>\n<p>KMR L-02 ORCA NUO 2024<\/p>\n<p>KMR L-02 ORCA IKI 2023<\/p>\n<p>KMR L-02 SPECTRA NUO 2024<\/p>\n<p>KMR L-02 SPECTRA IKI 2023<\/p>\n<p>KMR L-02 UMBRA (OR) SR<\/p>\n<p>KMR S-02 NUO 2024<\/p>\n<p>KMR S-02 IKI 2023<\/p>\n<p>KMR W-02 CUDA (OR)<\/p>\n<p>KMR W-02 UMBRA<\/p>\n<p>KMR W-02 UMBRA (OR)<\/p>\n","protected":false},"excerpt":{"rendered":"<p>\u0160audykl\u0117s spyruokl\u0117s gaudytuvas KMR serijai.<\/p>\n","protected":false},"featured_media":24856,"template":"","meta":{"_acf_changed":false},"product_brand":[11496],"product_cat":[13691,13709],"product_tag":[],"class_list":{"0":"post-692225","1":"product","2":"type-product","3":"status-publish","4":"has-post-thumbnail","6":"product_brand-kmr-precision","7":"product_cat-kmr-dalys","8":"product_cat-spyruokles","10":"first","11":"instock","12":"taxable","13":"shipping-taxable","14":"product-type-simple"},"acf":[],"_links":{"self":[{"href":"https:\/\/nbg.eu\/lt\/wp-json\/wp\/v2\/product\/692225","targetHints":{"allow":["GET"]}}],"collection":[{"href":"https:\/\/nbg.eu\/lt\/wp-json\/wp\/v2\/product"}],"about":[{"href":"https:\/\/nbg.eu\/lt\/wp-json\/wp\/v2\/types\/product"}],"wp:featuredmedia":[{"embeddable":true,"href":"https:\/\/nbg.eu\/lt\/wp-json\/wp\/v2\/media\/24856"}],"wp:attachment":[{"href":"https:\/\/nbg.eu\/lt\/wp-json\/wp\/v2\/media?parent=692225"}],"wp:term":[{"taxonomy":"product_brand","embeddable":true,"href":"https:\/\/nbg.eu\/lt\/wp-json\/wp\/v2\/product_brand?post=692225"},{"taxonomy":"product_cat","embeddable":true,"href":"https:\/\/nbg.eu\/lt\/wp-json\/wp\/v2\/product_cat?post=692225"},{"taxonomy":"product_tag","embeddable":true,"href":"https:\/\/nbg.eu\/lt\/wp-json\/wp\/v2\/product_tag?post=692225"}],"curies":[{"name":"wp","href":"https:\/\/api.w.org\/{rel}","templated":true}]}}