{"id":692292,"date":"2025-05-21T16:01:25","date_gmt":"2025-05-21T13:01:25","guid":{"rendered":"https:\/\/nbg.eu\/product\/magazine-kmr-l-02-orca-cal-9x19-19-rnds\/"},"modified":"2026-05-13T15:09:57","modified_gmt":"2026-05-13T12:09:57","slug":"magazine-kmr-l-02-orca-cal-9x19-19-rnds","status":"publish","type":"product","link":"https:\/\/nbg.eu\/lt\/produktas\/magazine-kmr-l-02-orca-cal-9x19-19-rnds\/","title":{"rendered":"KMR D\u0117tuv\u0117 L-02 ORCA 9&#215;19 19 \u0160ov."},"content":{"rendered":"<h2>MAGAZINE KMR L-02 ORCA, kalibras 9&#215;19, 19 \u0161ovini\u0173<\/h2>\n<p>Pagerinkite savo KMR L-02 ORCA pistoleto veikim\u0105 naudodami \u0161\u012f didel\u0117s talpos \u0161ovinin\u012f. Talpa &#8211; 19 \u0161ovini\u0173, 9&#215;19 mm kalibro, u\u017etikrinantis patikim\u0105 maitinim\u0105 ir skland\u0173 veikim\u0105, tai puikus priedas j\u016bs\u0173 \u0161aunamiesiems ginklams. Suderinamas su KMR L-02 EMIQ ir EMIQ (OR) modeliais, \u0161is \u0161ovininys yra privalomas visiems, siekiantiems padidinti talp\u0105 ir pagerinti funkcionalum\u0105.<\/p>\n<p>Dalies numeris: 1152-02402-0001<\/p>\n<p>Suderinamas su:<\/p>\n<ul>\n<li>KMR L-02 EMIQ<\/li>\n<li>KMR L-02 EMIQ (OR)<\/li>\n<li>KMR L-02 ORCA iki 2023 m.<\/li>\n<\/ul>\n","protected":false},"excerpt":{"rendered":"<p>Auk\u0161tos talpos 19 \u0161ovini\u0173 rinkinys KMR L-02 ORCA 9&#215;19 pistoletams. Patikimas tiekimas ir sklandus veikimas.<\/p>\n","protected":false},"featured_media":365246,"template":"","meta":{"_acf_changed":false},"product_brand":[11496],"product_cat":[13691,13687],"product_tag":[],"class_list":{"0":"post-692292","1":"product","2":"type-product","3":"status-publish","4":"has-post-thumbnail","6":"product_brand-kmr-precision","7":"product_cat-kmr-dalys","8":"product_cat-pistoletu-dalys","10":"first","11":"instock","12":"taxable","13":"shipping-taxable","14":"product-type-simple"},"acf":[],"_links":{"self":[{"href":"https:\/\/nbg.eu\/lt\/wp-json\/wp\/v2\/product\/692292","targetHints":{"allow":["GET"]}}],"collection":[{"href":"https:\/\/nbg.eu\/lt\/wp-json\/wp\/v2\/product"}],"about":[{"href":"https:\/\/nbg.eu\/lt\/wp-json\/wp\/v2\/types\/product"}],"wp:featuredmedia":[{"embeddable":true,"href":"https:\/\/nbg.eu\/lt\/wp-json\/wp\/v2\/media\/365246"}],"wp:attachment":[{"href":"https:\/\/nbg.eu\/lt\/wp-json\/wp\/v2\/media?parent=692292"}],"wp:term":[{"taxonomy":"product_brand","embeddable":true,"href":"https:\/\/nbg.eu\/lt\/wp-json\/wp\/v2\/product_brand?post=692292"},{"taxonomy":"product_cat","embeddable":true,"href":"https:\/\/nbg.eu\/lt\/wp-json\/wp\/v2\/product_cat?post=692292"},{"taxonomy":"product_tag","embeddable":true,"href":"https:\/\/nbg.eu\/lt\/wp-json\/wp\/v2\/product_tag?post=692292"}],"curies":[{"name":"wp","href":"https:\/\/api.w.org\/{rel}","templated":true}]}}