{"id":692312,"date":"2025-05-20T23:13:22","date_gmt":"2025-05-20T20:13:22","guid":{"rendered":"https:\/\/nbg.eu\/product\/magazine-mec-gar-cal-9x19-17-rnds\/"},"modified":"2026-05-13T16:02:54","modified_gmt":"2026-05-13T13:02:54","slug":"magazine-mec-gar-cal-9x19-17-rnds","status":"publish","type":"product","link":"https:\/\/nbg.eu\/lt\/produktas\/magazine-mec-gar-cal-9x19-17-rnds\/","title":{"rendered":"KMR D\u0117tuv\u0117 MEC-GAR 9&#215;19 17 \u0160ov."},"content":{"rendered":"<h2>\u017dURNALAS MEC-GAR kal. 9&#215;19 17 \u0161ovini\u0173<\/h2>\n<p>Nuoroda: 1152-01901-0000<\/p>\n<p>Didel\u0117s talpos 17 \u0161ovini\u0173 \u017eurnalas 9x19mm pistoletams. Suderinamas su \u012fvairiais KMR modeliais, \u012fskaitant SPECTRA, UMBRA ir CUDA (2023 ir 2024 met\u0173 versijos). Taip pat tinka CZ SHADOW 1, SHADOW 2 ir SP-01 pistoletams. Patikimas maitinimas ir atspari konstrukcija u\u017etikrina optimal\u0173 j\u016bs\u0173 ginklo veikim\u0105.<\/p>\n","protected":false},"excerpt":{"rendered":"<p>Auk\u0161tos talpos 9 mm \u012fkroviklis skirtasis KMR ir CZ pistoletams. 17 \u0161ovini\u0173.<\/p>\n","protected":false},"featured_media":365194,"template":"","meta":{"_acf_changed":false},"product_brand":[11496],"product_cat":[13691,13687],"product_tag":[],"class_list":{"0":"post-692312","1":"product","2":"type-product","3":"status-publish","4":"has-post-thumbnail","6":"product_brand-kmr-precision","7":"product_cat-kmr-dalys","8":"product_cat-pistoletu-dalys","10":"first","11":"instock","12":"taxable","13":"shipping-taxable","14":"product-type-simple"},"acf":[],"_links":{"self":[{"href":"https:\/\/nbg.eu\/lt\/wp-json\/wp\/v2\/product\/692312","targetHints":{"allow":["GET"]}}],"collection":[{"href":"https:\/\/nbg.eu\/lt\/wp-json\/wp\/v2\/product"}],"about":[{"href":"https:\/\/nbg.eu\/lt\/wp-json\/wp\/v2\/types\/product"}],"wp:featuredmedia":[{"embeddable":true,"href":"https:\/\/nbg.eu\/lt\/wp-json\/wp\/v2\/media\/365194"}],"wp:attachment":[{"href":"https:\/\/nbg.eu\/lt\/wp-json\/wp\/v2\/media?parent=692312"}],"wp:term":[{"taxonomy":"product_brand","embeddable":true,"href":"https:\/\/nbg.eu\/lt\/wp-json\/wp\/v2\/product_brand?post=692312"},{"taxonomy":"product_cat","embeddable":true,"href":"https:\/\/nbg.eu\/lt\/wp-json\/wp\/v2\/product_cat?post=692312"},{"taxonomy":"product_tag","embeddable":true,"href":"https:\/\/nbg.eu\/lt\/wp-json\/wp\/v2\/product_tag?post=692312"}],"curies":[{"name":"wp","href":"https:\/\/api.w.org\/{rel}","templated":true}]}}