{"id":692345,"date":"2024-08-18T11:13:19","date_gmt":"2024-08-18T08:13:19","guid":{"rendered":"https:\/\/nbg.eu\/product\/magwell-screw-m4x8-din-915-kmr\/"},"modified":"2026-05-13T15:11:14","modified_gmt":"2026-05-13T12:11:14","slug":"magwell-screw-m4x8-din-915-kmr","status":"publish","type":"product","link":"https:\/\/nbg.eu\/lt\/produktas\/magwell-screw-m4x8-din-915-kmr\/","title":{"rendered":"KMR Magwell Var\u017etas M4x8 DIN 915"},"content":{"rendered":"<h2>Magwell var\u017etas M4X8 Din 915 KMR &#8211; patikima ginkl\u0173 pried\u0173 tvirtinimas KMR modeliams<\/h2>\n<p>Magwell var\u017etas yra esminis komponentas, u\u017etikrinantis pried\u0173 ir tvirtinim\u0173 saug\u0173 pritvirtinim\u0105 prie j\u016bs\u0173 KMR ginkl\u0173 sistem\u0173.<\/p>\n<p>Pagamintas i\u0161 auk\u0161tos kokyb\u0117s med\u017eiag\u0173 ir sukurtas atlaikyti taktin\u0117s naudos sunkumus, Magwell var\u017etas u\u017etikrina tvirt\u0105 ir saug\u0173 tvirtinim\u0105, neleid\u017eiant\u012f j\u016bs\u0173 priedams atsilaisvinti ar atsikabinti naudojant. Jo M4x8 Din 915 sriegis u\u017etikrina patvar\u0173 ir patikim\u0105 sujungim\u0105, leid\u017eiant\u012f jums tvirtai sumontuoti taikymo \u012ftaisus, lazerius, \u0161viesas ir kitus esminius priedus prie j\u016bs\u0173 KMR platformos.<\/p>\n<p>Magwell var\u017etas yra b\u016btinas priedas, pagerinantis j\u016bs\u0173 ginkl\u0173 sistemos funkcionalum\u0105 ir pritaikym\u0105. U\u017etikrinkite, kad j\u016bs\u0173 priedai i\u0161likt\u0173 tvirtai savo vietose ir i\u0161laikyt\u0173 optimal\u0173 veikim\u0105 su \u0161iuo patikimu ir patvaria ver\u017ea.<\/p>\n","protected":false},"excerpt":{"rendered":"<p>Magwell var\u017etas M4x8 Din 915 skirtas KMR L-02 EMIQ, ORCA modeliams.<\/p>\n","protected":false},"featured_media":25432,"template":"","meta":{"_acf_changed":false},"product_brand":[11496],"product_cat":[14981,13711,13687],"product_tag":[],"class_list":{"0":"post-692345","1":"product","2":"type-product","3":"status-publish","4":"has-post-thumbnail","6":"product_brand-kmr-precision","7":"product_cat-pistol-magwells-lt","8":"product_cat-pistoletas","9":"product_cat-pistoletu-dalys","11":"first","12":"instock","13":"taxable","14":"shipping-taxable","15":"product-type-simple"},"acf":[],"_links":{"self":[{"href":"https:\/\/nbg.eu\/lt\/wp-json\/wp\/v2\/product\/692345","targetHints":{"allow":["GET"]}}],"collection":[{"href":"https:\/\/nbg.eu\/lt\/wp-json\/wp\/v2\/product"}],"about":[{"href":"https:\/\/nbg.eu\/lt\/wp-json\/wp\/v2\/types\/product"}],"wp:featuredmedia":[{"embeddable":true,"href":"https:\/\/nbg.eu\/lt\/wp-json\/wp\/v2\/media\/25432"}],"wp:attachment":[{"href":"https:\/\/nbg.eu\/lt\/wp-json\/wp\/v2\/media?parent=692345"}],"wp:term":[{"taxonomy":"product_brand","embeddable":true,"href":"https:\/\/nbg.eu\/lt\/wp-json\/wp\/v2\/product_brand?post=692345"},{"taxonomy":"product_cat","embeddable":true,"href":"https:\/\/nbg.eu\/lt\/wp-json\/wp\/v2\/product_cat?post=692345"},{"taxonomy":"product_tag","embeddable":true,"href":"https:\/\/nbg.eu\/lt\/wp-json\/wp\/v2\/product_tag?post=692345"}],"curies":[{"name":"wp","href":"https:\/\/api.w.org\/{rel}","templated":true}]}}