{"id":692403,"date":"2024-08-18T11:19:05","date_gmt":"2024-08-18T08:19:05","guid":{"rendered":"https:\/\/nbg.eu\/product\/mag-release-button-screw-m3x6-iso-14581-kmr\/"},"modified":"2026-05-13T16:03:49","modified_gmt":"2026-05-13T13:03:49","slug":"mag-release-button-screw-m3x6-iso-14581-kmr","status":"publish","type":"product","link":"https:\/\/nbg.eu\/lt\/produktas\/mag-release-button-screw-m3x6-iso-14581-kmr\/","title":{"rendered":"KMR D\u0117tuv\u0117s Mygtuko Var\u017etas M3x6 ISO 14581"},"content":{"rendered":"<h2>Mag Release Button Screw M3X6 Iso 14581 KMR<\/h2>\n<p>\u0160is Mag Release Button Screw M3X6 Iso 14581 yra b\u016btinas komponentas daugeliui KMR ginkl\u0173. Pagamintas pagal ISO 14581 standartus, \u0161is var\u017etas u\u017etikrina patikim\u0105 ir saug\u0173 mag release mygtuko sujungim\u0105, leid\u017eiant\u012f skland\u017eiai naudoti ir pri\u017ei\u016br\u0117ti ginkl\u0105. Turintis M3x6 dyd\u012f, \u0161is priedas yra b\u016btinas kiekvienam, kuris atlieka KMR suderinam\u0173 \u0161aunam\u0173j\u0173 ginkl\u0173 technin\u0119 prie\u017ei\u016br\u0105 ar atnaujinim\u0105.<\/p>\n<p>Skirta KMR ginklams<\/p>\n<p>KMR L-02 EMIQ<\/p>\n<p>KMR L-02 EMIQ (OR)<\/p>\n<p>KMR L-02 ORCA nuo 2024<\/p>\n<p>KMR L-02 ORCA iki 2023<\/p>\n<p>KMR L-02 SPECTRA nuo 2024<\/p>\n<p>KMR L-02 SPECTRA iki 2023<\/p>\n<p>KMR L-02 UMBRA (OR) SR<\/p>\n<p>KMR S-01 LANCE (OR)<\/p>\n<p>KMR S-02 nuo 2024<\/p>\n<p>KMR S-02 iki 2023<\/p>\n<p>KMR W-02 CUDA (OR)<\/p>\n<p>KMR W-02 UMBRA<\/p>\n<p>KMR W-02 UMBRA (OR<\/p>\n","protected":false},"excerpt":{"rendered":"<p>Magnetinio fiksavimo mygtuko var\u017etas M3X6 Iso 14581 KMR \u012fvairiausiems KMR ginklams.<\/p>\n","protected":false},"featured_media":25479,"template":"","meta":{"_acf_changed":false},"product_brand":[11496],"product_cat":[13691],"product_tag":[],"class_list":{"0":"post-692403","1":"product","2":"type-product","3":"status-publish","4":"has-post-thumbnail","6":"product_brand-kmr-precision","7":"product_cat-kmr-dalys","9":"first","10":"instock","11":"taxable","12":"shipping-taxable","13":"product-type-simple"},"acf":[],"_links":{"self":[{"href":"https:\/\/nbg.eu\/lt\/wp-json\/wp\/v2\/product\/692403","targetHints":{"allow":["GET"]}}],"collection":[{"href":"https:\/\/nbg.eu\/lt\/wp-json\/wp\/v2\/product"}],"about":[{"href":"https:\/\/nbg.eu\/lt\/wp-json\/wp\/v2\/types\/product"}],"wp:featuredmedia":[{"embeddable":true,"href":"https:\/\/nbg.eu\/lt\/wp-json\/wp\/v2\/media\/25479"}],"wp:attachment":[{"href":"https:\/\/nbg.eu\/lt\/wp-json\/wp\/v2\/media?parent=692403"}],"wp:term":[{"taxonomy":"product_brand","embeddable":true,"href":"https:\/\/nbg.eu\/lt\/wp-json\/wp\/v2\/product_brand?post=692403"},{"taxonomy":"product_cat","embeddable":true,"href":"https:\/\/nbg.eu\/lt\/wp-json\/wp\/v2\/product_cat?post=692403"},{"taxonomy":"product_tag","embeddable":true,"href":"https:\/\/nbg.eu\/lt\/wp-json\/wp\/v2\/product_tag?post=692403"}],"curies":[{"name":"wp","href":"https:\/\/api.w.org\/{rel}","templated":true}]}}