{"id":692535,"date":"2024-08-18T12:21:09","date_gmt":"2024-08-18T09:21:09","guid":{"rendered":"https:\/\/nbg.eu\/product\/main-spring-plug-kmr\/"},"modified":"2026-05-13T16:01:03","modified_gmt":"2026-05-13T13:01:03","slug":"main-spring-plug-kmr","status":"publish","type":"product","link":"https:\/\/nbg.eu\/lt\/produktas\/main-spring-plug-kmr\/","title":{"rendered":"KMR Pagrindin\u0117s Spyruokl\u0117s Kam\u0161tis"},"content":{"rendered":"<h2>Pagrindin\u0117 spyruokl\u0117 Ki\u0161tuku KMR<\/h2>\n<p>Pagaminta kruop\u0161\u010diai ir kruop\u0161\u010diai, Pagrindin\u0117 spyruokl\u0117 Ki\u0161tukas KMR u\u017etikrina skland\u0173 veikim\u0105 ir tiksl\u0173 funkcionalum\u0105 ginklo mechanizmuose. Jos suderinamumas su pla\u010dia KMR modeli\u0173 \u012fvairove, tiek dabartin\u0117s, tiek ankstesni\u0173 kart\u0173, j\u0105 daro daugiafunkciu ir b\u016btinu komponentu ginklo savininkams ir technin\u0117s prie\u017ei\u016bros specialistams.<\/p>\n<p>Nepriklausomai nuo to, ar atnaujinate, pri\u017ei\u016brite ar kei\u010diate komponent\u0105 savo KMR-ekipuotame ginkle, Pagrindin\u0117 spyruokl\u0117 Ki\u0161tukas KMR yra svarbi dalis, kuri\u0105 reik\u0117t\u0173 apsvarstyti. Su savo patikimu konstrukciju ir skland\u017eiu integravimu, \u0161is ki\u0161tukas padeda palaikyti optimal\u0173 j\u016bs\u0173 ginklo sistemos veikim\u0105 ir patikimum\u0105, u\u017etikrinant nuosekli\u0105 ir patikim\u0105 vartotojo patirt\u012f.<\/p>\n<\/p>\n<p>Skirta ginklams KMR:<\/p>\n<\/p>\n<p>KMR L-02 EMIQ<\/p>\n<\/p>\n<p>KMR L-02 EMIQ (OR)<\/p>\n<\/p>\n<p>KMR L-02 ORCA NUO 2024<\/p>\n<\/p>\n<p>KMR L-02 ORCA IKI 2023<\/p>\n<\/p>\n<p>KMR L-02 SPECTRA NUO 2024<\/p>\n<\/p>\n<p>KMR L-02 SPECTRA IKI 2023<\/p>\n<\/p>\n<p>KMR S-01 LANCE (OR)<\/p>\n<\/p>\n<p>KMR S-02 NUO 2024<\/p>\n<\/p>\n<p>KMR S-02 IKI 2023<\/p>\n<\/p>\n<p>KMR W-02 CUDA (OR)<\/p>\n<\/p>\n<p>KMR W-02 UMBRA<\/p>\n<\/p>\n<p>KMR W-02 UMBRA (OR)<\/p>\n<\/p>\n<p>Nuorodos numeris: 1160-00108-0401<\/p>\n","protected":false},"excerpt":{"rendered":"<p>Pagrindin\u0117 spyruokl\u0117s ki\u0161tuk\u0173 KMR ginkluotei KMR.<\/p>\n","protected":false},"featured_media":25963,"template":"","meta":{"_acf_changed":false},"product_brand":[11496],"product_cat":[13691,13709],"product_tag":[],"class_list":{"0":"post-692535","1":"product","2":"type-product","3":"status-publish","4":"has-post-thumbnail","6":"product_brand-kmr-precision","7":"product_cat-kmr-dalys","8":"product_cat-spyruokles","10":"first","11":"instock","12":"taxable","13":"shipping-taxable","14":"product-type-simple"},"acf":[],"_links":{"self":[{"href":"https:\/\/nbg.eu\/lt\/wp-json\/wp\/v2\/product\/692535","targetHints":{"allow":["GET"]}}],"collection":[{"href":"https:\/\/nbg.eu\/lt\/wp-json\/wp\/v2\/product"}],"about":[{"href":"https:\/\/nbg.eu\/lt\/wp-json\/wp\/v2\/types\/product"}],"wp:featuredmedia":[{"embeddable":true,"href":"https:\/\/nbg.eu\/lt\/wp-json\/wp\/v2\/media\/25963"}],"wp:attachment":[{"href":"https:\/\/nbg.eu\/lt\/wp-json\/wp\/v2\/media?parent=692535"}],"wp:term":[{"taxonomy":"product_brand","embeddable":true,"href":"https:\/\/nbg.eu\/lt\/wp-json\/wp\/v2\/product_brand?post=692535"},{"taxonomy":"product_cat","embeddable":true,"href":"https:\/\/nbg.eu\/lt\/wp-json\/wp\/v2\/product_cat?post=692535"},{"taxonomy":"product_tag","embeddable":true,"href":"https:\/\/nbg.eu\/lt\/wp-json\/wp\/v2\/product_tag?post=692535"}],"curies":[{"name":"wp","href":"https:\/\/api.w.org\/{rel}","templated":true}]}}