{"id":692567,"date":"2024-08-17T14:54:00","date_gmt":"2024-08-17T11:54:00","guid":{"rendered":"https:\/\/nbg.eu\/product\/mag-release-button-wide-kmr-alu-black\/"},"modified":"2026-05-13T15:58:16","modified_gmt":"2026-05-13T12:58:16","slug":"mag-release-button-wide-kmr-alu-black","status":"publish","type":"product","link":"https:\/\/nbg.eu\/lt\/produktas\/mag-release-button-wide-kmr-alu-black\/","title":{"rendered":"KMR D\u0117tuv\u0117s Atleidimo Mygtukas Platus ALU Juodas"},"content":{"rendered":"<h2>Mag Release Button Wide \u2013 KMR Aluminum, Juoda<\/h2>\n<p>Atrakinkite itin greit\u0105 \u0161ovini\u0173 pakrovikli\u0173 keitim\u0105 su \u201eKMR Aluminum&#8221; Mag Release Button Wide. Pagamintas i\u0161 lengvo, orlaivio lygio aliuminio ir pasi\u017eymintis pla\u010diu, padidinto dyd\u017eio pavir\u0161iaus plotu, \u0161is \u0161ovini\u0173 pakroviklio atlaisvinimo mygtukas padidina kontaktin\u012f plot\u0105 j\u016bs\u0173 nyk\u0161\u010diui, u\u017etikrindamas teigiam\u0105 aktyvinim\u0105 net ir sunkiausiomis s\u0105lygomis.<\/p>\n<p>Agresyvi, neslidi fakt\u016bra u\u017etikrina tvirt\u0105 laikysen\u0105, o matinis juodas anodizuotas apdailos sluoksnis suteikia modern\u0173, takti\u0161k\u0105 i\u0161vaizd\u0105. Sukurtas siekiant minimizuoti per\u0117jimo laik\u0105 konkurencingam IPSC\/USPSA \u0161audymui, platus profilis leid\u017eia \u0161audytojams numesti \u0161ovini\u0173 pakroviklius nepakei\u010diant pagrindin\u0117s rankenos, i\u0161 esm\u0117s padidinant perkrovos greit\u012f.<\/p>\n<p>Nesvarbu, ar j\u016bs treniruojat\u0117s var\u017eyboms, ar tobulinate savo gynybos \u012fg\u016bd\u017eius, \u201eKMR Aluminum&#8221; Mag Release Button Wide yra geriausias j\u016bs\u0173 ginklo papildymas, u\u017etikrinantis pagerinta ergonomin\u0119 siek\u012f ir neprilygstam\u0105 veiksmingum\u0105, kai tai labiausiai reikalinga.<\/p>\n","protected":false},"excerpt":{"rendered":"<p>Didesnio dyd\u017eio \u0161ovini\u0173 d\u0117tuv\u0117s atlaisvinimo mygtukas \u017eaibi\u0161kai grei\u010diam \u0161ovini\u0173 d\u0117tuv\u0117s pakeitimui.<\/p>\n","protected":false},"featured_media":23852,"template":"","meta":{"_acf_changed":false},"product_brand":[11496],"product_cat":[13691],"product_tag":[],"class_list":{"0":"post-692567","1":"product","2":"type-product","3":"status-publish","4":"has-post-thumbnail","6":"product_brand-kmr-precision","7":"product_cat-kmr-dalys","9":"first","10":"instock","11":"taxable","12":"shipping-taxable","13":"product-type-simple"},"acf":[],"_links":{"self":[{"href":"https:\/\/nbg.eu\/lt\/wp-json\/wp\/v2\/product\/692567","targetHints":{"allow":["GET"]}}],"collection":[{"href":"https:\/\/nbg.eu\/lt\/wp-json\/wp\/v2\/product"}],"about":[{"href":"https:\/\/nbg.eu\/lt\/wp-json\/wp\/v2\/types\/product"}],"wp:featuredmedia":[{"embeddable":true,"href":"https:\/\/nbg.eu\/lt\/wp-json\/wp\/v2\/media\/23852"}],"wp:attachment":[{"href":"https:\/\/nbg.eu\/lt\/wp-json\/wp\/v2\/media?parent=692567"}],"wp:term":[{"taxonomy":"product_brand","embeddable":true,"href":"https:\/\/nbg.eu\/lt\/wp-json\/wp\/v2\/product_brand?post=692567"},{"taxonomy":"product_cat","embeddable":true,"href":"https:\/\/nbg.eu\/lt\/wp-json\/wp\/v2\/product_cat?post=692567"},{"taxonomy":"product_tag","embeddable":true,"href":"https:\/\/nbg.eu\/lt\/wp-json\/wp\/v2\/product_tag?post=692567"}],"curies":[{"name":"wp","href":"https:\/\/api.w.org\/{rel}","templated":true}]}}