{"id":692588,"date":"2024-08-17T15:26:04","date_gmt":"2024-08-17T12:26:04","guid":{"rendered":"https:\/\/nbg.eu\/product\/main-spring-plug-pin-kmr\/"},"modified":"2026-05-13T16:01:56","modified_gmt":"2026-05-13T13:01:56","slug":"main-spring-plug-pin-kmr","status":"publish","type":"product","link":"https:\/\/nbg.eu\/lt\/produktas\/main-spring-plug-pin-kmr\/","title":{"rendered":"KMR Pagrindin\u0117s Spyruokl\u0117s Kam\u0161\u010dio Kai\u0161tis"},"content":{"rendered":"<h2>Pagrindinis spyruokl\u0117s kai\u0161\u010dio KMR<\/h2>\n<p>Pagamintas su tikslumu ir patvarumu, Pagrindinis spyruokl\u0117s kai\u0161\u010dio KMR yra esminis komponentas, skirtas palaikyti ir optimizuoti j\u016bs\u0173 \u0161aunamojo ginklo veikim\u0105. \u0160is kai\u0161tis yra suprojektuotas saugiai laikyti pagrindin\u0119 spyruokl\u0119 vietoje, u\u017etikrinant patikim\u0105 veikim\u0105 ir nuosekl\u0173 gaiduko traukim\u0105. Sukurtas i\u0161 auk\u0161tos kokyb\u0117s med\u017eiag\u0173, KMR kai\u0161tis yra sukurtas atlaikyti nuolatinio naudojimo sunkumus, padarant j\u012f patikimu pasirinkimu tiek entuziastams, tiek ir profesionalams.<\/p>\n<p>Pasi\u017eymintis \u0161velniu ir minimalistiniu dizainu, Pagrindinis spyruokl\u0117s kai\u0161\u010dio KMR skland\u017eiai integruojasi \u012f j\u016bs\u0173 \u0161aunamojo ginklo vidinius mechanizmus, suteikdamas \u0161vvar\u0173 ir diskreti\u0161kn\u0105 i\u0161vaizd\u0105. Jo kompakti\u0161ki matmenys u\u017etikrina lengv\u0105 \u012fdiegim\u0105 ir pakeitim\u0105, suteikdami jums galimyb\u0119 be vargo pri\u017ei\u016br\u0117ti savo \u0161aunam\u0105j\u012f ginkl\u0105. Nesvarbu ar esate var\u017eyb\u0173 \u0161aulys, ar atsitiktinis ginkl\u0173 savininkas, \u0161is kai\u0161tis yra b\u016btinas priedas, u\u017etikrinantis optimal\u0173 j\u016bs\u0173 \u0161aunamojo ginklo veikim\u0105.<\/p>\n<p>Paremtas \u012fsipareigojim\u0173 kokybei, \u0161is kai\u0161tis yra patikimas pasirinkimas, apsaugantis j\u016bs\u0173 \u0161aunamojo ginklo vientisum\u0105. Jo tvirta konstrukcija ir tiksli in\u017einerija padaro j\u012f vertinga papildymu j\u016bs\u0173 ginkl\u0173 prie\u017ei\u016bros arsenalui, u\u017etikrinant, kad j\u016bs\u0173 \u0161aunamasis ginklas veiks maksimaliu paj\u0117gumu daugel\u012f met\u0173.<\/p>\n","protected":false},"excerpt":{"rendered":"<p>Pagrindin\u0117s spyruokl\u0117s kai\u0161\u010dio \u012fki\u0161imo kai\u0161tis KMR &#8211; Tvirtas ir patikimas optimaliam veikimui.<\/p>\n","protected":false},"featured_media":24112,"template":"","meta":{"_acf_changed":false},"product_brand":[11496],"product_cat":[13691],"product_tag":[],"class_list":{"0":"post-692588","1":"product","2":"type-product","3":"status-publish","4":"has-post-thumbnail","6":"product_brand-kmr-precision","7":"product_cat-kmr-dalys","9":"first","10":"instock","11":"taxable","12":"shipping-taxable","13":"product-type-simple"},"acf":[],"_links":{"self":[{"href":"https:\/\/nbg.eu\/lt\/wp-json\/wp\/v2\/product\/692588","targetHints":{"allow":["GET"]}}],"collection":[{"href":"https:\/\/nbg.eu\/lt\/wp-json\/wp\/v2\/product"}],"about":[{"href":"https:\/\/nbg.eu\/lt\/wp-json\/wp\/v2\/types\/product"}],"wp:featuredmedia":[{"embeddable":true,"href":"https:\/\/nbg.eu\/lt\/wp-json\/wp\/v2\/media\/24112"}],"wp:attachment":[{"href":"https:\/\/nbg.eu\/lt\/wp-json\/wp\/v2\/media?parent=692588"}],"wp:term":[{"taxonomy":"product_brand","embeddable":true,"href":"https:\/\/nbg.eu\/lt\/wp-json\/wp\/v2\/product_brand?post=692588"},{"taxonomy":"product_cat","embeddable":true,"href":"https:\/\/nbg.eu\/lt\/wp-json\/wp\/v2\/product_cat?post=692588"},{"taxonomy":"product_tag","embeddable":true,"href":"https:\/\/nbg.eu\/lt\/wp-json\/wp\/v2\/product_tag?post=692588"}],"curies":[{"name":"wp","href":"https:\/\/api.w.org\/{rel}","templated":true}]}}