{"id":692615,"date":"2024-11-03T10:02:34","date_gmt":"2024-11-03T07:02:34","guid":{"rendered":"https:\/\/nbg.eu\/product\/norma-cal-6-5-creedmoore-target-match-8-4g-130gr\/"},"modified":"2026-05-13T16:04:50","modified_gmt":"2026-05-13T13:04:50","slug":"norma-cal-6-5-creedmoore-target-match-8-4g-130gr","status":"publish","type":"product","link":"https:\/\/nbg.eu\/lt\/produktas\/norma-cal-6-5-creedmoore-target-match-8-4g-130gr\/","title":{"rendered":"NORMA cal. 6.5 Creedmoore Target Match 8.4g\/130gr."},"content":{"rendered":"<h2>NORMA cal. 6.5 Creedmoore Target Match 8.4g\/130gr<\/h2>\n<p>Patirsite tikslum\u0105 su NORMA 6.5 Creedmoor Target Match \u0161audmenimis. Sukurta 2007 m., \u0161i \u0161ovini\u0173 r\u016b\u0161is puikiai tinka ilg\u0173 atstum\u0173 taikini\u0173 \u0161audymui ir med\u017eioklei. 6.5 mm kulka pasi\u017eymi puikiomis sektorin\u0117mis tankumomis ir balistiniais koeficientais, u\u017etikrinan\u010diais puikius rezultatus dideliais atstumais.<\/p>\n<h3>Ypatyb\u0117s:<\/h3>\n<ul>\n<li>Kalibras: 6.5 Creedmoor<\/li>\n<li>Svoris: 8.4g\/130gr<\/li>\n<li>Ballistinis koeficientas: G1 0.548 \/ G7 0.294<\/li>\n<li>Tipas: Golden Target<\/li>\n<li>U\u017edegimas: Centrinis u\u017edegimas<\/li>\n<\/ul>\n<h3>Greitis:<\/h3>\n<ul>\n<li>V0: 869 m\/s<\/li>\n<li>V100: 813 m\/s<\/li>\n<li>V200: 759 m\/s<\/li>\n<li>V300: 708 m\/s<\/li>\n<\/ul>\n","protected":false},"excerpt":{"rendered":"<p>Tikslus 6.5 Creedmoor \u0161audmuo ilg\u0173 atstum\u0173 taikini\u0173 \u0161audymui.<\/p>\n","protected":false},"featured_media":76700,"template":"","meta":{"_acf_changed":false},"product_brand":[14482],"product_cat":[13754],"product_tag":[],"class_list":{"0":"post-692615","1":"product","2":"type-product","3":"status-publish","4":"has-post-thumbnail","6":"product_brand-norma-precision","7":"product_cat-sautuvu-saudmenys","9":"first","10":"instock","11":"taxable","12":"shipping-taxable","13":"purchasable","14":"product-type-simple"},"acf":[],"_links":{"self":[{"href":"https:\/\/nbg.eu\/lt\/wp-json\/wp\/v2\/product\/692615","targetHints":{"allow":["GET"]}}],"collection":[{"href":"https:\/\/nbg.eu\/lt\/wp-json\/wp\/v2\/product"}],"about":[{"href":"https:\/\/nbg.eu\/lt\/wp-json\/wp\/v2\/types\/product"}],"wp:featuredmedia":[{"embeddable":true,"href":"https:\/\/nbg.eu\/lt\/wp-json\/wp\/v2\/media\/76700"}],"wp:attachment":[{"href":"https:\/\/nbg.eu\/lt\/wp-json\/wp\/v2\/media?parent=692615"}],"wp:term":[{"taxonomy":"product_brand","embeddable":true,"href":"https:\/\/nbg.eu\/lt\/wp-json\/wp\/v2\/product_brand?post=692615"},{"taxonomy":"product_cat","embeddable":true,"href":"https:\/\/nbg.eu\/lt\/wp-json\/wp\/v2\/product_cat?post=692615"},{"taxonomy":"product_tag","embeddable":true,"href":"https:\/\/nbg.eu\/lt\/wp-json\/wp\/v2\/product_tag?post=692615"}],"curies":[{"name":"wp","href":"https:\/\/api.w.org\/{rel}","templated":true}]}}