{"id":692639,"date":"2025-03-07T13:29:53","date_gmt":"2025-03-07T10:29:53","guid":{"rendered":"https:\/\/nbg.eu\/product\/nitehog-18650-rechargeable-battery\/"},"modified":"2026-05-13T16:02:19","modified_gmt":"2026-05-13T13:02:19","slug":"nitehog-18650-rechargeable-battery","status":"publish","type":"product","link":"https:\/\/nbg.eu\/lt\/produktas\/nitehog-18650-rechargeable-battery\/","title":{"rendered":"Nitehog 18650 Rechargeable Battery"},"content":{"rendered":"<h2>Nitehog 18650 \u012fkraunama li\u010dio jon\u0173 baterija: patikimas maitinimas terminiams vaizdams ir naktinio matymo \u012frenginiams<\/h2>\n<p>Atrakinkite vis\u0105 savo Nitehog termini\u0173 optini\u0173 ir naktinio matymo \u012frengini\u0173 potencial\u0105 su Nitehog 18650 \u012fkraunama li\u010dio jon\u0173 baterija. Turint didel\u012f 3500 mAh talpos paj\u0117gum\u0105, \u0161i baterija teikia nuosekl\u0173, didel\u0117s srov\u0117s i\u0161leidim\u0105, kuris yra b\u016btinas pa\u017eangiems skaitmeniniams jutikliams ir terminiams branduoliams.<\/p>\n<p>Sukurta optimaliai veiksenai, Nitehog 18650 baterija pasi\u017eymi 3,7 V nominaline \u012ftampa ir integruota apsaugos grandine (PCB), kad b\u016bt\u0173 i\u0161vengta perkrovimo ir gilaus i\u0161sikrovimo. \u0160i apsauga u\u017etikrina maksimal\u0173 naudojimo laik\u0105 ir saug\u0105, leid\u017eiant pasitik\u0117ti \u0161iuo maitinimo \u0161altiniu ilg\u0173 nakties med\u017eiokl\u0117s sesij\u0173 ar taktini\u0173 operacij\u0173 metu.<\/p>\n<p>Nesvarbu, ar sekate grob\u012f laukuose, ar vykdote slapto pob\u016bd\u017eio operacijas, Nitehog 18650 \u012fkraunama baterija suteikia patikim\u0105, didel\u0117s talpos maitinim\u0105, kurio reikalauja j\u016bs\u0173 \u012frenginiai. Patirkite nepertraukiam\u0105 na\u0161um\u0105 ir pasitik\u0117jim\u0105, kuris ateina su apsauginiu dizainu, padarydamas j\u0105 tobulu palydovu j\u016bs\u0173 Nitehog termini\u0173 vaizd\u0173 ir naktinio matymo \u012frangai.<\/p>\n","protected":false},"excerpt":{"rendered":"<p>Nitehog 18650 \u012fkraunama li\u010dio jon\u0173 baterija: didel\u0117s talpos, patikimas maitinimas terminiams \/ naktinio matymo \u012frenginiams.<\/p>\n","protected":false},"featured_media":246181,"template":"","meta":{"_acf_changed":false},"product_brand":[11595],"product_cat":[13752,13712,13692,13717],"product_tag":[],"class_list":{"0":"post-692639","1":"product","2":"type-product","3":"status-publish","4":"has-post-thumbnail","6":"product_brand-nitehog","7":"product_cat-baterijos","8":"product_cat-siluminiai","9":"product_cat-taikymas","10":"product_cat-taikymo-aksesuarai","12":"first","13":"instock","14":"taxable","15":"shipping-taxable","16":"purchasable","17":"product-type-simple"},"acf":[],"_links":{"self":[{"href":"https:\/\/nbg.eu\/lt\/wp-json\/wp\/v2\/product\/692639","targetHints":{"allow":["GET"]}}],"collection":[{"href":"https:\/\/nbg.eu\/lt\/wp-json\/wp\/v2\/product"}],"about":[{"href":"https:\/\/nbg.eu\/lt\/wp-json\/wp\/v2\/types\/product"}],"wp:featuredmedia":[{"embeddable":true,"href":"https:\/\/nbg.eu\/lt\/wp-json\/wp\/v2\/media\/246181"}],"wp:attachment":[{"href":"https:\/\/nbg.eu\/lt\/wp-json\/wp\/v2\/media?parent=692639"}],"wp:term":[{"taxonomy":"product_brand","embeddable":true,"href":"https:\/\/nbg.eu\/lt\/wp-json\/wp\/v2\/product_brand?post=692639"},{"taxonomy":"product_cat","embeddable":true,"href":"https:\/\/nbg.eu\/lt\/wp-json\/wp\/v2\/product_cat?post=692639"},{"taxonomy":"product_tag","embeddable":true,"href":"https:\/\/nbg.eu\/lt\/wp-json\/wp\/v2\/product_tag?post=692639"}],"curies":[{"name":"wp","href":"https:\/\/api.w.org\/{rel}","templated":true}]}}