{"id":692660,"date":"2024-08-17T14:49:07","date_gmt":"2024-08-17T11:49:07","guid":{"rendered":"https:\/\/nbg.eu\/product\/mounting-kit-for-l-02-w-02-steel-black\/"},"modified":"2026-05-13T16:01:41","modified_gmt":"2026-05-13T13:01:41","slug":"mounting-kit-for-l-02-w-02-steel-black","status":"publish","type":"product","link":"https:\/\/nbg.eu\/lt\/produktas\/mounting-kit-for-l-02-w-02-steel-black\/","title":{"rendered":"KMR Montavimo Rinkinys for L-02, W-02 Plienas Juodas"},"content":{"rendered":"<h2>KMR Optic Ready (OR) montavimo rinkinys \u2013 plienas, juodas<\/h2>\n<p>Pakelkite savo L-02 ir W-02 KMR platformas su KMR Optic Ready (OR) montavimo rinkiniu. I\u0161gr\u0119\u017etas i\u0161 auk\u0161tos stiprumo plieno, \u0161i montavimo sprendimas suteikia ne\u012ftik\u0117tin\u0105 patvarum\u0105 ir standum\u0105, kad u\u017etikrint\u0173, jog j\u016bs\u0173 optik\u0105 i\u0161laikys nul\u012f, net ir esant intensyviam gr\u0105\u017einimo j\u0117goms var\u017eybinio \u0161audymo metu.<\/p>\n<p>Turinti modeliui specifin\u0119 p\u0117dsak\u0105, OR montavimo rinkinys yra suprojektuotas saugiai talpinti Trijicon RMR, Leupold DeltaPoint Pro ar Shield optik\u0105, suteikdamas tvir\u010diausi\u0105 pagrind\u0105 j\u016bs\u0173 taikymo sistemai. Skirtingai nuo standartini\u0173 aliuminio plok\u0161\u010di\u0173, plieno konstrukcija apsaugo nuo sriegio apipl\u0117\u0161imo ir i\u0161laiko tobul\u0105 tinkamum\u0105 L-02 ir W-02 Optic Ready u\u017eskland\u0173, saugant j\u016bs\u0173 investicij\u0105.<\/p>\n<p>U\u017ebaigtas matinio juodo, antikorozinio padengimo, \u0161is montavimo rinkinys ne tik atrodo savo vaidmen\u012f, bet ir atlaiko s\u0105lygas, u\u017etikrinant patikim\u0105 veikim\u0105 bet kokiomis s\u0105lygomis. Atnaujinkite savo KMR platform\u0105 su KMR Optic Ready (OR) montavimo rinkiniu \u2013 geriausiu sprendimu auk\u0161to patvarumo optikos integracijai.<\/p>\n","protected":false},"excerpt":{"rendered":"<p>Auk\u0161tos stiprumo plieno montavimo komplektas, skirtas L-02, W-02 KMR optikos integracijai.<\/p>\n","protected":false},"featured_media":30371,"template":"","meta":{"_acf_changed":false},"product_brand":[],"product_cat":[13691,13687,13723,14921],"product_tag":[],"class_list":{"0":"post-692660","1":"product","2":"type-product","3":"status-publish","4":"has-post-thumbnail","6":"product_cat-kmr-dalys","7":"product_cat-pistoletu-dalys","8":"product_cat-pistoletu-taskikliai","9":"product_cat-red-dot-sights-mounts-lt","11":"first","12":"instock","13":"taxable","14":"shipping-taxable","15":"purchasable","16":"product-type-variable","17":"wvs-archive-product-wrapper"},"acf":[],"_links":{"self":[{"href":"https:\/\/nbg.eu\/lt\/wp-json\/wp\/v2\/product\/692660","targetHints":{"allow":["GET"]}}],"collection":[{"href":"https:\/\/nbg.eu\/lt\/wp-json\/wp\/v2\/product"}],"about":[{"href":"https:\/\/nbg.eu\/lt\/wp-json\/wp\/v2\/types\/product"}],"wp:featuredmedia":[{"embeddable":true,"href":"https:\/\/nbg.eu\/lt\/wp-json\/wp\/v2\/media\/30371"}],"wp:attachment":[{"href":"https:\/\/nbg.eu\/lt\/wp-json\/wp\/v2\/media?parent=692660"}],"wp:term":[{"taxonomy":"product_brand","embeddable":true,"href":"https:\/\/nbg.eu\/lt\/wp-json\/wp\/v2\/product_brand?post=692660"},{"taxonomy":"product_cat","embeddable":true,"href":"https:\/\/nbg.eu\/lt\/wp-json\/wp\/v2\/product_cat?post=692660"},{"taxonomy":"product_tag","embeddable":true,"href":"https:\/\/nbg.eu\/lt\/wp-json\/wp\/v2\/product_tag?post=692660"}],"curies":[{"name":"wp","href":"https:\/\/api.w.org\/{rel}","templated":true}]}}