{"id":692938,"date":"2024-11-02T11:43:26","date_gmt":"2024-11-02T08:43:26","guid":{"rendered":"https:\/\/nbg.eu\/product\/norma-308-win-whitetail-150gr-soft-point-hunting-ammo\/"},"modified":"2026-05-13T16:03:41","modified_gmt":"2026-05-13T13:03:41","slug":"norma-308-win-whitetail-150gr-soft-point-hunting-ammo","status":"publish","type":"product","link":"https:\/\/nbg.eu\/lt\/produktas\/norma-308-win-whitetail-150gr-soft-point-hunting-ammo\/","title":{"rendered":"NORMA .308 Win Whitetail 150gr Soft Point Hunting Ammo"},"content":{"rendered":"<div class=\"product-description\">\n<h2>NORMA cal. .308 Win SP Whitetail 9.7g\/150gr<\/h2>\n<p>Patirkite nesulyginam\u0105 tikslum\u0105 ir na\u0161um\u0105 su NORMA .308 Win SP Whitetail amunicija. \u0160is 150gr (9,7g) Soft Point kulka si\u016blo:<\/p>\n<ul>\n<li>I\u0161skirtin\u012f tikslum\u0105 elni\u0173 ir stambi\u0173j\u0173 \u017ev\u0117ri\u0173 med\u017eioklei<\/li>\n<li>Plok\u0161\u010dios formos konstrukcij\u0105, kad u\u017etikrint\u0173 nuosekli\u0105 veiksen\u0105<\/li>\n<li>Atvir\u0105 \u0161vino galiuk\u0105 d\u0117l greitos pl\u0117tros<\/li>\n<li>Gil\u0173 \u012fsiskverbim\u0105 ir efektyv\u0173 energijos perdavim\u0105<\/li>\n<\/ul>\n<h3>Pagrindin\u0117s specifikacijos:<\/h3>\n<ul>\n<li>Produkto numeris: 20177382<\/li>\n<li>Kalibras: .308 Win<\/li>\n<li>Svoris: 9,7g\/150gr<\/li>\n<li>Ballistinis koeficientas (G1): 0,274<\/li>\n<li>\u0160ovimo greitis (V0): 850 m\/s<\/li>\n<\/ul>\n<p>Pagamintas \u0160vedijos \u00c4motfors mieste, naudojant NORMA \u017einom\u0105 tikslum\u0105 ir auk\u0161tos kokyb\u0117s \u017ealvarin\u012f korpus\u0105, \u0161i amunicija u\u017etikrina auk\u0161t\u0105 nuoseklum\u0105 ir puik\u0173 pakartotin\u012f u\u017etaisym\u0105.<\/p>\n<\/div>\n<div class=\"panel panel--no-padding\">\n<div class=\"panel__inner\">\n<table class=\"ballistic-table\">\n<thead>\n<tr>\n<th scope=\"col\"><\/th>\n<th scope=\"col\">50yds<\/th>\n<th scope=\"col\">75yds<\/th>\n<th scope=\"col\">100yds<\/th>\n<th scope=\"col\">150yds<\/th>\n<th scope=\"col\">200yds<\/th>\n<th scope=\"col\">300yds<\/th>\n<\/tr>\n<\/thead>\n<tbody>\n<tr>\n<th scope=\"row\">50<\/th>\n<td><\/td>\n<td>0<\/td>\n<td>0,4<\/td>\n<td>-0,7<\/td>\n<td>-3,3<\/td>\n<td>-14,4<\/td>\n<\/tr>\n<tr>\n<th scope=\"row\">100<\/th>\n<td>-0,2<\/td>\n<td>&#8211;<\/td>\n<td><\/td>\n<td>-1,2<\/td>\n<td>-4<\/td>\n<td>-15,5<\/td>\n<\/tr>\n<tr>\n<th scope=\"row\">150<\/th>\n<td>0,2<\/td>\n<td>&#8211;<\/td>\n<td>0,8<\/td>\n<td><\/td>\n<td>-2,4<\/td>\n<td>-13<\/td>\n<\/tr>\n<tr>\n<th scope=\"row\">200<\/th>\n<td>0,8<\/td>\n<td>&#8211;<\/td>\n<td>2<\/td>\n<td>1,8<\/td>\n<td><\/td>\n<td>-9,4<\/td>\n<\/tr>\n<\/tbody>\n<\/table>\n<\/div>\n<\/div>\n","protected":false},"excerpt":{"rendered":"<p>NORMA .308 Win SP Whitetail: Tiksl\u016bs, galingi elni\u0173 med\u017eiokl\u0117s \u0161oviniai.<\/p>\n","protected":false},"featured_media":76630,"template":"","meta":{"_acf_changed":false},"product_brand":[14482],"product_cat":[13744],"product_tag":[],"class_list":{"0":"post-692938","1":"product","2":"type-product","3":"status-publish","4":"has-post-thumbnail","6":"product_brand-norma-precision","7":"product_cat-saudmenys","9":"first","10":"instock","11":"taxable","12":"shipping-taxable","13":"purchasable","14":"product-type-simple"},"acf":[],"_links":{"self":[{"href":"https:\/\/nbg.eu\/lt\/wp-json\/wp\/v2\/product\/692938","targetHints":{"allow":["GET"]}}],"collection":[{"href":"https:\/\/nbg.eu\/lt\/wp-json\/wp\/v2\/product"}],"about":[{"href":"https:\/\/nbg.eu\/lt\/wp-json\/wp\/v2\/types\/product"}],"wp:featuredmedia":[{"embeddable":true,"href":"https:\/\/nbg.eu\/lt\/wp-json\/wp\/v2\/media\/76630"}],"wp:attachment":[{"href":"https:\/\/nbg.eu\/lt\/wp-json\/wp\/v2\/media?parent=692938"}],"wp:term":[{"taxonomy":"product_brand","embeddable":true,"href":"https:\/\/nbg.eu\/lt\/wp-json\/wp\/v2\/product_brand?post=692938"},{"taxonomy":"product_cat","embeddable":true,"href":"https:\/\/nbg.eu\/lt\/wp-json\/wp\/v2\/product_cat?post=692938"},{"taxonomy":"product_tag","embeddable":true,"href":"https:\/\/nbg.eu\/lt\/wp-json\/wp\/v2\/product_tag?post=692938"}],"curies":[{"name":"wp","href":"https:\/\/api.w.org\/{rel}","templated":true}]}}