{"id":692980,"date":"2024-09-17T08:37:52","date_gmt":"2024-09-17T05:37:52","guid":{"rendered":"https:\/\/nbg.eu\/product\/or-cover-22-lr-screw-m3x6-iso-14580-kmr\/"},"modified":"2026-05-13T16:02:38","modified_gmt":"2026-05-13T13:02:38","slug":"or-cover-22-lr-screw-m3x6-iso-14580-kmr","status":"publish","type":"product","link":"https:\/\/nbg.eu\/lt\/produktas\/or-cover-22-lr-screw-m3x6-iso-14580-kmr\/","title":{"rendered":"KMR OR Dangtelio Var\u017etas .22 LR M3x6 ISO 14580"},"content":{"rendered":"<h2>OR COVER 22 LR SRAIGTAS M3x6 ISO 14580 KMR<\/h2>\n<p>OR COVER 22 LR SRAIGTAS M3x6 ISO 14580 KMR yra svarbi sudedamoji dalis \u012fvairi\u0173 KMR ginklavimo sistem\u0173. Pagamintas pagal tikslias ISO 14580 specifikacijas, \u0161is sraigtas u\u017etikrina saug\u0173 ir patikim\u0105 sujungim\u0105, i\u0161laikydamas ginklavimo sistemos vientisum\u0105.<\/p>\n<p>Ginklams KMR:<\/p>\n<p>KMR S-01 LANCE (OR)<\/p>\n<p>KMR S-02 75 (OR) SR ADA<\/p>\n<p>KMR S-02 NUO 2024<\/p>\n<p>KMR S-02 SH1 (OR) SR ADA<\/p>\n<p>KMR S-02 SH2 (OR) SR ADA<\/p>\n<p>KMR S-02 TS (OR) SR ADA<\/p>\n<p>KMR S-02 IKI 2023<\/p>\n","protected":false},"excerpt":{"rendered":"<p>OR COVER 22 LR VAR\u017dTAS M3x6 ISO 14580 KMR skirtas KMR serijos ginklams.<\/p>\n","protected":false},"featured_media":63658,"template":"","meta":{"_acf_changed":false},"product_brand":[11496],"product_cat":[13691],"product_tag":[],"class_list":{"0":"post-692980","1":"product","2":"type-product","3":"status-publish","4":"has-post-thumbnail","6":"product_brand-kmr-precision","7":"product_cat-kmr-dalys","9":"first","10":"instock","11":"taxable","12":"shipping-taxable","13":"product-type-simple"},"acf":[],"_links":{"self":[{"href":"https:\/\/nbg.eu\/lt\/wp-json\/wp\/v2\/product\/692980","targetHints":{"allow":["GET"]}}],"collection":[{"href":"https:\/\/nbg.eu\/lt\/wp-json\/wp\/v2\/product"}],"about":[{"href":"https:\/\/nbg.eu\/lt\/wp-json\/wp\/v2\/types\/product"}],"wp:featuredmedia":[{"embeddable":true,"href":"https:\/\/nbg.eu\/lt\/wp-json\/wp\/v2\/media\/63658"}],"wp:attachment":[{"href":"https:\/\/nbg.eu\/lt\/wp-json\/wp\/v2\/media?parent=692980"}],"wp:term":[{"taxonomy":"product_brand","embeddable":true,"href":"https:\/\/nbg.eu\/lt\/wp-json\/wp\/v2\/product_brand?post=692980"},{"taxonomy":"product_cat","embeddable":true,"href":"https:\/\/nbg.eu\/lt\/wp-json\/wp\/v2\/product_cat?post=692980"},{"taxonomy":"product_tag","embeddable":true,"href":"https:\/\/nbg.eu\/lt\/wp-json\/wp\/v2\/product_tag?post=692980"}],"curies":[{"name":"wp","href":"https:\/\/api.w.org\/{rel}","templated":true}]}}