{"id":693135,"date":"2024-08-18T11:29:17","date_gmt":"2024-08-18T08:29:17","guid":{"rendered":"https:\/\/nbg.eu\/product\/recoil-spring-guide-kmr-45-stainless\/"},"modified":"2026-02-06T18:00:04","modified_gmt":"2026-02-06T15:00:04","slug":"recoil-spring-guide-kmr-45-stainless","status":"publish","type":"product","link":"https:\/\/nbg.eu\/lt\/produktas\/recoil-spring-guide-kmr-45-stainless\/","title":{"rendered":"Atlo\u0161imo spyruokl\u0117s vadovas KMR 4,5&#8243; Ner\u016bdijantis plienas"},"content":{"rendered":"<h2>Atatrankos spyruokl\u0117s rit\u0117s kreipiklis KMR 4,5&#8243; ner\u016bdijantis plienas<\/h2>\n<p>Atatrankos spyruokl\u0117s rit\u0117s kreipiklis KMR 4,5&#8243; ner\u016bdijantis plienas yra auk\u0161tos kokyb\u0117s priedas, skirtas ginklams i\u0161 KMR serijos. \u0160is atsparus ner\u016bdijantis plieno komponentas yra b\u016btinas palaikant skland\u0173 veikim\u0105 ir patikimum\u0105 j\u016bs\u0173 ginklo.<\/p>\n<p>Patvarumas: pagamintas i\u0161 auk\u0161tos kokyb\u0117s ner\u016bdijan\u010dio plieno, \u0161is atatrankos spyruokl\u0117s kreipiklis yra sukurtas atlaikyti nuolatin\u012f naudojim\u0105. Jis yra atsparus korozijai ir pagamintas taip, kad u\u017etikrint\u0173, jog j\u016bs\u0173 ginklas ir toliau veikt\u0173 geriausiu b\u016bdu.<\/p>\n<p>Lengvas \u012frengimas: atnaujinant j\u016bs\u0173 KMR ginkl\u0105 su Atatrankos spyruokl\u0117s rit\u0117s kreipikliu KMR 4,5&#8243; ner\u016bdijantis plienas, tai yra paprastas procesas, padarantis j\u012f patogiu pasirinkimu tiek patyrusiems, tiek ir naujiems ginkl\u0173 savininkams.<\/p>\n<p>Ginklams KMR:<\/p>\n<p>KMR L-02 UMBRA nuo 2024<\/p>\n<p>KMR L-02 UMBRA iki 2023<\/p>\n<p>KMR W-02 UMBRA<\/p>\n<p>KMR W-02 UMBRA (OR)<\/p>\n","protected":false},"excerpt":{"rendered":"<p>Atgr\u0105\u017einimo spyruokl\u0117s kreipiklis KMR 4,5&#8243; ner\u016bdijantis plienas ginklams KMR L-02 UMBRA, KMR W-02 UMBRA.<\/p>\n","protected":false},"featured_media":25641,"template":"","meta":{"_acf_changed":false},"product_brand":[11496],"product_cat":[13691,13709],"product_tag":[],"class_list":{"0":"post-693135","1":"product","2":"type-product","3":"status-publish","4":"has-post-thumbnail","6":"product_brand-kmr-precision","7":"product_cat-kmr-dalys","8":"product_cat-spyruokles","10":"first","11":"instock","12":"taxable","13":"shipping-taxable","14":"product-type-simple"},"acf":[],"_links":{"self":[{"href":"https:\/\/nbg.eu\/lt\/wp-json\/wp\/v2\/product\/693135","targetHints":{"allow":["GET"]}}],"collection":[{"href":"https:\/\/nbg.eu\/lt\/wp-json\/wp\/v2\/product"}],"about":[{"href":"https:\/\/nbg.eu\/lt\/wp-json\/wp\/v2\/types\/product"}],"wp:featuredmedia":[{"embeddable":true,"href":"https:\/\/nbg.eu\/lt\/wp-json\/wp\/v2\/media\/25641"}],"wp:attachment":[{"href":"https:\/\/nbg.eu\/lt\/wp-json\/wp\/v2\/media?parent=693135"}],"wp:term":[{"taxonomy":"product_brand","embeddable":true,"href":"https:\/\/nbg.eu\/lt\/wp-json\/wp\/v2\/product_brand?post=693135"},{"taxonomy":"product_cat","embeddable":true,"href":"https:\/\/nbg.eu\/lt\/wp-json\/wp\/v2\/product_cat?post=693135"},{"taxonomy":"product_tag","embeddable":true,"href":"https:\/\/nbg.eu\/lt\/wp-json\/wp\/v2\/product_tag?post=693135"}],"curies":[{"name":"wp","href":"https:\/\/api.w.org\/{rel}","templated":true}]}}