{"id":693204,"date":"2024-08-18T11:12:21","date_gmt":"2024-08-18T08:12:21","guid":{"rendered":"https:\/\/nbg.eu\/product\/rear-sight-screw-m4x6-din-913-kmr\/"},"modified":"2026-05-13T16:02:02","modified_gmt":"2026-05-13T13:02:02","slug":"rear-sight-screw-m4x6-din-913-kmr","status":"publish","type":"product","link":"https:\/\/nbg.eu\/lt\/produktas\/rear-sight-screw-m4x6-din-913-kmr\/","title":{"rendered":"KMR Galinio Taikiklio Var\u017etas M4x6 DIN 913"},"content":{"rendered":"<h2>M4X6 Din 913 KMR galinis taikikli\u0173 var\u017etas<\/h2>\n<p>\u0160is galinis taikikli\u0173 var\u017etas yra skirtas naudoti su \u012fvairiais KMR ginklais. Matuojantis M4x6 mm ir atitinkantis DIN 913 standartus, \u0161is var\u017etas u\u017etikrina saug\u0173 ir patikim\u0105 galinio taikiklio pritvirtinim\u0105 prie j\u016bs\u0173 KMR \u0161aunamojo ginklo. Pagamintas atsi\u017evelgiant \u012f tikslum\u0105 ir patvarum\u0105, \u0161is galinio taikiklio var\u017etas yra svarbi sudedamoji dalis, u\u017etikrinanti optimal\u0173 KMR ginkl\u0173 sistemos veikim\u0105 ir funkcionalum\u0105.<\/p>\n<p>Ginklams KMR:<\/p>\n<p>KMR L-02 EMIQ<\/p>\n<p>KMR L-02 EMIQ (OR)<\/p>\n<p>KMR L-02 ORCA NUO 2024<\/p>\n<p>KMR L-02 ORCA IKI 2023<\/p>\n<p>KMR L-02 SPECTRA IKI 2023<\/p>\n<p>KMR L-02 UMBRA (OR) SR<\/p>\n<p>KMR W-02 CUDA (OR)<\/p>\n<p>KMR W-02 UMBRA (OR)<\/p>\n","protected":false},"excerpt":{"rendered":"<p>U\u017epakalinis taikiklio var\u017etas M4X6 Din 913 KMR ginkl\u0173 modeliams: L-02 EMIQ, ORCA, SPECTRA, UMBRA, W-02 CUDA, UMBRA.<\/p>\n","protected":false},"featured_media":25386,"template":"","meta":{"_acf_changed":false},"product_brand":[11496],"product_cat":[13691],"product_tag":[],"class_list":{"0":"post-693204","1":"product","2":"type-product","3":"status-publish","4":"has-post-thumbnail","6":"product_brand-kmr-precision","7":"product_cat-kmr-dalys","9":"first","10":"instock","11":"taxable","12":"shipping-taxable","13":"product-type-simple"},"acf":[],"_links":{"self":[{"href":"https:\/\/nbg.eu\/lt\/wp-json\/wp\/v2\/product\/693204","targetHints":{"allow":["GET"]}}],"collection":[{"href":"https:\/\/nbg.eu\/lt\/wp-json\/wp\/v2\/product"}],"about":[{"href":"https:\/\/nbg.eu\/lt\/wp-json\/wp\/v2\/types\/product"}],"wp:featuredmedia":[{"embeddable":true,"href":"https:\/\/nbg.eu\/lt\/wp-json\/wp\/v2\/media\/25386"}],"wp:attachment":[{"href":"https:\/\/nbg.eu\/lt\/wp-json\/wp\/v2\/media?parent=693204"}],"wp:term":[{"taxonomy":"product_brand","embeddable":true,"href":"https:\/\/nbg.eu\/lt\/wp-json\/wp\/v2\/product_brand?post=693204"},{"taxonomy":"product_cat","embeddable":true,"href":"https:\/\/nbg.eu\/lt\/wp-json\/wp\/v2\/product_cat?post=693204"},{"taxonomy":"product_tag","embeddable":true,"href":"https:\/\/nbg.eu\/lt\/wp-json\/wp\/v2\/product_tag?post=693204"}],"curies":[{"name":"wp","href":"https:\/\/api.w.org\/{rel}","templated":true}]}}