{"id":693528,"date":"2024-08-16T21:03:31","date_gmt":"2024-08-16T18:03:31","guid":{"rendered":"https:\/\/nbg.eu\/product\/rhh-leg-strap\/"},"modified":"2026-05-13T16:03:28","modified_gmt":"2026-05-13T13:03:28","slug":"rhh-leg-strap","status":"publish","type":"product","link":"https:\/\/nbg.eu\/lt\/produktas\/rhh-leg-strap\/","title":{"rendered":"RHH Leg Strap"},"content":{"rendered":"<h2>RHH kojos dir\u017eelis: padidinta dir\u017eelio stabilumas dinami\u0161koms veikloms<\/h2>\n<p>RHH kojos dir\u017eelis yra daugiafunkcis priedas, suprojektuotas teikti i\u0161skirtin\u0119 stabilum\u0105 ir jud\u0117jimo suma\u017einim\u0105 drop-leg ar viduriniame d\u0117kle dinami\u0161k\u0173 veikl\u0173 metu. Pagamintas i\u0161 tvirtos elastin\u0117s nailonin\u0117s dir\u017e\u0173 med\u017eiagos ir turintis auk\u0161to poveikio polimerinio sagt\u012f, \u0161is reguliuojamas dir\u017eelis u\u017etikrina saug\u0173 ir patog\u0173 prigludim\u0105 aplink j\u016bs\u0173 \u0161laun\u012f.<\/p>\n<p>Integruotas neslystantis guminis si\u016blymas suteikia limpan\u010di\u0105 tekst\u016br\u0105, veiksmingai pa\u0161alinant &#8222;dir\u017eelio krypavim\u0105&#8221;, kuris gali atsirasti b\u0117gant, kl\u016bpint ar atliekant kitus intensyvius judesius. Elastinga konstrukcija leid\u017eia dir\u017eeliui pl\u0117stis ir trauktis kartu su j\u016bs\u0173 koj\u0173 raumenimis, palaikant d\u0117kl\u0105 pastoviam pad\u0117tyje patikimam ir netrukdomam u\u017etraukimui.<\/p>\n<p>Nepriklausomai nuo to, ar esate budintis pareig\u016bnas, var\u017eybinis \u0161aulys, ar aistringas lauko m\u0117g\u0117jas, RHH kojos dir\u017eelis yra tobulas sprendimas, padedantis tvirtai laikyti j\u016bs\u0173 d\u0117kl\u0105, nepa\u017eeid\u017eiant j\u016bs\u0173 jud\u0117jimo laisv\u0117s ar kraujotakos. Patiriate pager\u0117jus\u012f dir\u017eelio stabilum\u0105 ir pasitik\u0117jim\u0105 savo \u012franga net ir reikliausiose situacijose.<\/p>\n","protected":false},"excerpt":{"rendered":"<p>U\u017etikrinkite savo kik\u0161\u0105 naudodami RHH kojos dir\u017eelio patvar\u0173 elastin\u012f nailon\u0105 ir neslid\u017ei\u0105 konstrukcij\u0105.<\/p>\n","protected":false},"featured_media":0,"template":"","meta":{"_acf_changed":false},"product_brand":[11639],"product_cat":[13722],"product_tag":[],"class_list":{"0":"post-693528","1":"product","2":"type-product","3":"status-publish","5":"product_brand-rh-holsters","6":"product_cat-deklu-priedai","8":"first","9":"instock","10":"taxable","11":"shipping-taxable","12":"purchasable","13":"product-type-simple"},"acf":[],"_links":{"self":[{"href":"https:\/\/nbg.eu\/lt\/wp-json\/wp\/v2\/product\/693528","targetHints":{"allow":["GET"]}}],"collection":[{"href":"https:\/\/nbg.eu\/lt\/wp-json\/wp\/v2\/product"}],"about":[{"href":"https:\/\/nbg.eu\/lt\/wp-json\/wp\/v2\/types\/product"}],"wp:attachment":[{"href":"https:\/\/nbg.eu\/lt\/wp-json\/wp\/v2\/media?parent=693528"}],"wp:term":[{"taxonomy":"product_brand","embeddable":true,"href":"https:\/\/nbg.eu\/lt\/wp-json\/wp\/v2\/product_brand?post=693528"},{"taxonomy":"product_cat","embeddable":true,"href":"https:\/\/nbg.eu\/lt\/wp-json\/wp\/v2\/product_cat?post=693528"},{"taxonomy":"product_tag","embeddable":true,"href":"https:\/\/nbg.eu\/lt\/wp-json\/wp\/v2\/product_tag?post=693528"}],"curies":[{"name":"wp","href":"https:\/\/api.w.org\/{rel}","templated":true}]}}