{"id":693557,"date":"2024-08-18T12:24:40","date_gmt":"2024-08-18T09:24:40","guid":{"rendered":"https:\/\/nbg.eu\/product\/ring-brs-kmr\/"},"modified":"2026-02-27T15:50:58","modified_gmt":"2026-02-27T12:50:58","slug":"ring-brs-kmr","status":"publish","type":"product","link":"https:\/\/nbg.eu\/lt\/produktas\/ring-brs-kmr\/","title":{"rendered":"\u017diedas BRS KMR"},"content":{"rendered":"<h2>\u017diedas BRS KMR: J\u016bs\u0173 patikimas ginklo priedas<\/h2>\n<p>\u017diedas BRS KMR yra daugiafunkcis ir auk\u0161tos kokyb\u0117s priedas, skirtas ginklo entuziastams.<\/p>\n<p>Pagamintas su tikslumu ir d\u0117mesiu smulkmenoms, \u0161is \u017eiedas sukurtas atlaisti taktinius ir lauko naudojimo reikalavimus.<\/p>\n<p>Sukurtas atitikti moderni\u0173 ginkl\u0173 sistem\u0173 poreikius, jis si\u016blo \u012fvairi\u0173 savybi\u0173, kurios j\u012f daro daugiausiai pageidaujamu pasirinkimu. Nuo savo tvirtos konstrukcijos iki lengvai naudojamo dizaino, \u0161is priedas sukurtas teikti nuosekl\u0173 veikim\u0105 ir patikimum\u0105, netgi reikliausioje aplinkoje.<\/p>\n<p>Pakelkite savo ginklo galimybes su \u017eiedu BRS ir patirkite pasitik\u0117jim\u0105, kur\u012f teikia patikimas ir patikimas priedas. I\u0161kelkite savo \u0161audymo patirt\u012f ir pasiekite savo tikslus su \u0161iuo i\u0161skirtiniu produktu.<\/p>\n","protected":false},"excerpt":{"rendered":"<p>\u017diedas BRS KMR ginklams, suderinamas su KMR L-02 ir KMR W-02 modeliais.<\/p>\n","protected":false},"featured_media":26032,"template":"","meta":{"_acf_changed":false},"product_brand":[11496],"product_cat":[13691],"product_tag":[],"class_list":{"0":"post-693557","1":"product","2":"type-product","3":"status-publish","4":"has-post-thumbnail","6":"product_brand-kmr-precision","7":"product_cat-kmr-dalys","9":"first","10":"instock","11":"taxable","12":"shipping-taxable","13":"product-type-simple"},"acf":[],"_links":{"self":[{"href":"https:\/\/nbg.eu\/lt\/wp-json\/wp\/v2\/product\/693557","targetHints":{"allow":["GET"]}}],"collection":[{"href":"https:\/\/nbg.eu\/lt\/wp-json\/wp\/v2\/product"}],"about":[{"href":"https:\/\/nbg.eu\/lt\/wp-json\/wp\/v2\/types\/product"}],"wp:featuredmedia":[{"embeddable":true,"href":"https:\/\/nbg.eu\/lt\/wp-json\/wp\/v2\/media\/26032"}],"wp:attachment":[{"href":"https:\/\/nbg.eu\/lt\/wp-json\/wp\/v2\/media?parent=693557"}],"wp:term":[{"taxonomy":"product_brand","embeddable":true,"href":"https:\/\/nbg.eu\/lt\/wp-json\/wp\/v2\/product_brand?post=693557"},{"taxonomy":"product_cat","embeddable":true,"href":"https:\/\/nbg.eu\/lt\/wp-json\/wp\/v2\/product_cat?post=693557"},{"taxonomy":"product_tag","embeddable":true,"href":"https:\/\/nbg.eu\/lt\/wp-json\/wp\/v2\/product_tag?post=693557"}],"curies":[{"name":"wp","href":"https:\/\/api.w.org\/{rel}","templated":true}]}}