{"id":694178,"date":"2024-08-18T12:14:07","date_gmt":"2024-08-18T09:14:07","guid":{"rendered":"https:\/\/nbg.eu\/product\/safety-detent-plunger-left-kmr\/"},"modified":"2026-05-13T16:02:59","modified_gmt":"2026-05-13T13:02:59","slug":"safety-detent-plunger-left-kmr","status":"publish","type":"product","link":"https:\/\/nbg.eu\/lt\/produktas\/safety-detent-plunger-left-kmr\/","title":{"rendered":"KMR Saugiklio St\u016bmoklis Kairysis"},"content":{"rendered":"<h2>Saugos u\u017etvirtinimo plun\u017eeris &#8211; KMR kairysis<\/h2>\n<p>Skirtas naudoti su \u012fvairiais KMR ginkl\u0173 modeliais, Saugos u\u017etvirtinimo plun\u017eeris &#8211; KMR kairysis yra esminis komponentas, padedantis u\u017etikrinti saug\u0173 ir patikim\u0105 j\u016bs\u0173 \u0161aunamojo ginklo veikim\u0105. \u0160is plun\u017eeris atlieka svarb\u0173 vaidmen\u012f ginklo saugumo mechanizmuose.<\/p>\n<p>Pagamintas atsi\u017evelgiant \u012f tikslum\u0105 ir patvarum\u0105, Saugos u\u017etvirtinimo plun\u017eeris &#8211; KMR kairysis u\u017etikrina saug\u0173 ir patikim\u0105 sujungim\u0105, suteikdamas ramyb\u0119 naudojant.<\/p>\n<p>Skirti ginklams KMR<\/p>\n<p>KMR L-02 EMIQ<\/p>\n<p>KMR L-02 EMIQ (OR)<\/p>\n<p>KMR L-02 ORCA iki 2023 m.<\/p>\n<p>KMR L-02 SPECTRA iki 2023 m.<\/p>\n<p>KMR L-02 UMBRA (OR) SR<\/p>\n<p>KMR S-01 LANCE (OR)<\/p>\n<p>KMR S-02 iki 2023 m.<\/p>\n<p>KMR W-02 CUDA (OR)<\/p>\n<p>KMR W-02 UMBRA<\/p>\n<p>KMR W-02 UMBRA (OR)<\/p>\n<p>Nuoroda 1130-00302-0401<\/p>\n","protected":false},"excerpt":{"rendered":"<p>Saugumo stabdiklis &#8211; Kairysis KMR ginklams KMR, suderinamas su \u012fvairiais modeliais.<\/p>\n","protected":false},"featured_media":25917,"template":"","meta":{"_acf_changed":false},"product_brand":[11496],"product_cat":[13691],"product_tag":[],"class_list":{"0":"post-694178","1":"product","2":"type-product","3":"status-publish","4":"has-post-thumbnail","6":"product_brand-kmr-precision","7":"product_cat-kmr-dalys","9":"first","10":"instock","11":"taxable","12":"shipping-taxable","13":"product-type-simple"},"acf":[],"_links":{"self":[{"href":"https:\/\/nbg.eu\/lt\/wp-json\/wp\/v2\/product\/694178","targetHints":{"allow":["GET"]}}],"collection":[{"href":"https:\/\/nbg.eu\/lt\/wp-json\/wp\/v2\/product"}],"about":[{"href":"https:\/\/nbg.eu\/lt\/wp-json\/wp\/v2\/types\/product"}],"wp:featuredmedia":[{"embeddable":true,"href":"https:\/\/nbg.eu\/lt\/wp-json\/wp\/v2\/media\/25917"}],"wp:attachment":[{"href":"https:\/\/nbg.eu\/lt\/wp-json\/wp\/v2\/media?parent=694178"}],"wp:term":[{"taxonomy":"product_brand","embeddable":true,"href":"https:\/\/nbg.eu\/lt\/wp-json\/wp\/v2\/product_brand?post=694178"},{"taxonomy":"product_cat","embeddable":true,"href":"https:\/\/nbg.eu\/lt\/wp-json\/wp\/v2\/product_cat?post=694178"},{"taxonomy":"product_tag","embeddable":true,"href":"https:\/\/nbg.eu\/lt\/wp-json\/wp\/v2\/product_tag?post=694178"}],"curies":[{"name":"wp","href":"https:\/\/api.w.org\/{rel}","templated":true}]}}