{"id":694241,"date":"2024-08-17T18:03:33","date_gmt":"2024-08-17T15:03:33","guid":{"rendered":"https:\/\/nbg.eu\/product\/sear-spring-kmr\/"},"modified":"2026-05-13T16:01:03","modified_gmt":"2026-05-13T13:01:03","slug":"sear-spring-kmr","status":"publish","type":"product","link":"https:\/\/nbg.eu\/lt\/produktas\/sear-spring-kmr\/","title":{"rendered":"KMR At\u0161vaito Spyruokl\u0117"},"content":{"rendered":"<h2>Sear Spring KMR: Precizi\u0161kas Ginklo Atatrankos Valdymas<\/h2>\n<p>Pristatome Sear Spring KMR, \u012fvairialyp\u012f ir auk\u0161tos kokyb\u0117s atatrankos valdymo sistem\u0105, sukurt\u0105 pla\u010diam ginkl\u0173 platform\u0173 spektrui.<\/p>\n<p>Pagaminta i\u0161 auk\u0161\u010diausios kokyb\u0117s med\u017eiag\u0173 ir kruop\u0161\u010diai suprojektuota, Sear Spring KMR derina pa\u017eangias technologijas su patvarumu, u\u017etikrinan\u010diu patikim\u0105 veikim\u0105 net ir ekstremaliausiose aplinkose. Inovatyvus dizainas padeda slopinti atatrank\u0105, leid\u017eiant grei\u010diau u\u017etikti taikin\u012f, pagerinti tikslum\u0105 ir suma\u017einti vartotojo nuovarg\u012f.<\/p>\n<p>D\u0117l savo \u012fvairios paskirties, Sear Spring KMR suderinamas su pla\u010diu ginkl\u0173 spektru, nuo \u0161autuv\u0173 ir karabin\u0173 iki pistolet\u0173 ir \u0161autuv\u0173. Modulin\u0117 konstrukcija u\u017etikrina skland\u0173 integravim\u0105, leid\u017eiant\u012f optimaliai pritaikyti \u012frang\u0105.<\/p>\n<p>Ginklams KMR:<\/p>\n<p>KMR L-02 EMIQ<\/p>\n<p>KMR L-02 EMIQ (OR)<\/p>\n<p>KMR L-02 ORCA NUO 2024<\/p>\n<p>KMR L-02 ORCA IKI 2023<\/p>\n<p>KMR L-02 SPECTRA NUO 2024<\/p>\n<p>KMR L-02 SPECTRA IKI 2023<\/p>\n<p>KMR L-02 UMBRA (OR) SR<\/p>\n<p>KMR S-01 LANCE (OR)<\/p>\n<p>KMR S-02 NUO 2024<\/p>\n<p>KMR S-02 IKI 2023<\/p>\n<p>KMR W-02 CUDA (OR)<\/p>\n<p>KMR W-02 UMBRA<\/p>\n<p>KMR W-02 UMBRA (OR)<\/p>\n","protected":false},"excerpt":{"rendered":"<p>Pa\u017e\u012fstama spyruokl\u0117 KMR ginklams, suderinama su \u012fvairiais modeliais.<\/p>\n","protected":false},"featured_media":24831,"template":"","meta":{"_acf_changed":false},"product_brand":[11496],"product_cat":[13691,13709],"product_tag":[],"class_list":{"0":"post-694241","1":"product","2":"type-product","3":"status-publish","4":"has-post-thumbnail","6":"product_brand-kmr-precision","7":"product_cat-kmr-dalys","8":"product_cat-spyruokles","10":"first","11":"instock","12":"taxable","13":"shipping-taxable","14":"product-type-simple"},"acf":[],"_links":{"self":[{"href":"https:\/\/nbg.eu\/lt\/wp-json\/wp\/v2\/product\/694241","targetHints":{"allow":["GET"]}}],"collection":[{"href":"https:\/\/nbg.eu\/lt\/wp-json\/wp\/v2\/product"}],"about":[{"href":"https:\/\/nbg.eu\/lt\/wp-json\/wp\/v2\/types\/product"}],"wp:featuredmedia":[{"embeddable":true,"href":"https:\/\/nbg.eu\/lt\/wp-json\/wp\/v2\/media\/24831"}],"wp:attachment":[{"href":"https:\/\/nbg.eu\/lt\/wp-json\/wp\/v2\/media?parent=694241"}],"wp:term":[{"taxonomy":"product_brand","embeddable":true,"href":"https:\/\/nbg.eu\/lt\/wp-json\/wp\/v2\/product_brand?post=694241"},{"taxonomy":"product_cat","embeddable":true,"href":"https:\/\/nbg.eu\/lt\/wp-json\/wp\/v2\/product_cat?post=694241"},{"taxonomy":"product_tag","embeddable":true,"href":"https:\/\/nbg.eu\/lt\/wp-json\/wp\/v2\/product_tag?post=694241"}],"curies":[{"name":"wp","href":"https:\/\/api.w.org\/{rel}","templated":true}]}}