{"id":694274,"date":"2024-08-16T23:19:01","date_gmt":"2024-08-16T20:19:01","guid":{"rendered":"https:\/\/nbg.eu\/product\/sear-pin-kmr\/"},"modified":"2026-05-13T15:11:28","modified_gmt":"2026-05-13T12:11:28","slug":"sear-pin-kmr","status":"publish","type":"product","link":"https:\/\/nbg.eu\/lt\/produktas\/sear-pin-kmr\/","title":{"rendered":"KMR At\u0161vaito Kai\u0161tis"},"content":{"rendered":"<h2>\u0160autuvo kai\u0161tis KMR pistoletams: tikslus svirties ta\u0161kas, u\u017etikrinantis atspaudo stabilum\u0105<\/h2>\n<p>\u0160autuvo kai\u0161tis KMR pistoletams yra svarbi dalis, u\u017etikrinanti j\u016bs\u0173 \u0161aunamojo ginklo atspaudo mechanizmo patikimum\u0105 ir stabilum\u0105. Pagamintas i\u0161 gr\u016bdinto auk\u0161tos kokyb\u0117s plieno, \u0161is elementas gaminamas laikantis grie\u017et\u0173 KMR gamyklos tolerancij\u0173, u\u017etikrinant ypating\u0105 atsparum\u0105 d\u0117v\u0117jimuisi ir skland\u0173, patikim\u0105 veikim\u0105.<\/p>\n<p>Svirties mechanizmo \u0161irdyje esantis \u0161autuvo kai\u0161tis tarnauja kaip svarbiausias a\u0161is, leid\u017eiantis svir\u010diai jud\u0117ti tiksliai ir stabiliai. Itin lygus pavir\u0161ius ir tikslus \u0161io komponento skersmuo yra esminis norint i\u0161laikyti ry\u0161k\u0173, nusp\u0117jam\u0105 atspaudo atleidim\u0105 ir patikim\u0105 at\u0161okim\u0105 KMR var\u017eybini\u0173 pistolet\u0173 atveju.<\/p>\n<p>U\u017etikrindamas stabil\u0173, ypa\u010d tiksl\u0173 svirties ta\u0161k\u0105, \u0161autuvo kai\u0161tis padeda i\u0161vengti atspaudo nestabilum\u0173, galin\u010di\u0173 paveikti tikslum\u0105 ir veikim\u0105. Nepriklausomai nuo to, ar j\u016bs dalyvaujate var\u017eybose, ar pasitikite savo KMR pistoletu asmenin\u0117s gynybos tikslais, \u0161is esminis elementas padeda u\u017etikrinti stabil\u0173, patikim\u0105 atspaudo atleidim\u0105 kiekvien\u0105 kart\u0105.<\/p>\n<p>Patobulinkite savo KMR pistolet\u0105 su \u0161autuvo kai\u0161\u010d iu ir pajuskite, kok\u012f skirtum\u0105 gali padaryti tikslus in\u017einerinis sprendimas. Pakelkite savo \u0161audymo rezultatus su \u0161iuo esminiu komponentu, sukurtu u\u017etikrinti maksimal\u0173 atspaudo veikim\u0105.<\/p>\n","protected":false},"excerpt":{"rendered":"<p>Tikslus pakartotinis saugiklio ta\u0161kas, u\u017etikrinantis nuosekl\u0173 KMR gaiduko traukim\u0105.<\/p>\n","protected":false},"featured_media":23805,"template":"","meta":{"_acf_changed":false},"product_brand":[11496],"product_cat":[13691],"product_tag":[],"class_list":{"0":"post-694274","1":"product","2":"type-product","3":"status-publish","4":"has-post-thumbnail","6":"product_brand-kmr-precision","7":"product_cat-kmr-dalys","9":"first","10":"instock","11":"taxable","12":"shipping-taxable","13":"product-type-simple"},"acf":[],"_links":{"self":[{"href":"https:\/\/nbg.eu\/lt\/wp-json\/wp\/v2\/product\/694274","targetHints":{"allow":["GET"]}}],"collection":[{"href":"https:\/\/nbg.eu\/lt\/wp-json\/wp\/v2\/product"}],"about":[{"href":"https:\/\/nbg.eu\/lt\/wp-json\/wp\/v2\/types\/product"}],"wp:featuredmedia":[{"embeddable":true,"href":"https:\/\/nbg.eu\/lt\/wp-json\/wp\/v2\/media\/23805"}],"wp:attachment":[{"href":"https:\/\/nbg.eu\/lt\/wp-json\/wp\/v2\/media?parent=694274"}],"wp:term":[{"taxonomy":"product_brand","embeddable":true,"href":"https:\/\/nbg.eu\/lt\/wp-json\/wp\/v2\/product_brand?post=694274"},{"taxonomy":"product_cat","embeddable":true,"href":"https:\/\/nbg.eu\/lt\/wp-json\/wp\/v2\/product_cat?post=694274"},{"taxonomy":"product_tag","embeddable":true,"href":"https:\/\/nbg.eu\/lt\/wp-json\/wp\/v2\/product_tag?post=694274"}],"curies":[{"name":"wp","href":"https:\/\/api.w.org\/{rel}","templated":true}]}}