{"id":694299,"date":"2024-08-18T12:10:09","date_gmt":"2024-08-18T09:10:09","guid":{"rendered":"https:\/\/nbg.eu\/product\/sear-kmr\/"},"modified":"2026-05-13T15:10:51","modified_gmt":"2026-05-13T12:10:51","slug":"sear-kmr","status":"publish","type":"product","link":"https:\/\/nbg.eu\/lt\/produktas\/sear-kmr\/","title":{"rendered":"KMR At\u0161vaitas"},"content":{"rendered":"<h2>KMR Tikslus \u0161ypsena<\/h2>\n<p>KMR \u0161ypsena yra pagrindinis vidinis komponentas, skirtas tiems, kurie reikalauja auk\u0161\u010diausio lygio paspaudimo charakteristik\u0173. Kaip pagrindin\u0117 u\u017edegimo sistemos dalis, \u0161ypsena laiko plaktuv\u0105 atgal iki tikslaus i\u0161\u0161ovimo momento. \u0160i originali KMR dalis yra sukurta u\u017etikrinti \u0161var\u0173, &#8222;stiklo lazdos&#8221; l\u016b\u017e\u012f, kuris tapo KMR prek\u0117s \u017eenklo \u017eyme.<\/p>\n<h3>Konkurencinis u\u017edegimas<\/h3>\n<p>KMR \u0161ypsenos geometrija yra kruop\u0161\u010diai apskai\u010diuota, kad b\u016bt\u0173 suma\u017eintas ver\u017eimasis ir per\u0117jimas. Naudodama auk\u0161tos kokyb\u0117s gr\u016bdint\u0105 plien\u0105, KMR u\u017etikrina, kad u\u017esikabinimo briaunos i\u0161liks a\u0161trios ir nuoseklios per \u0161imtus t\u016bkstan\u010di\u0173 cikl\u0173. Nesvarbu, ar j\u016bs statote pasirinktin\u012f var\u017eybin\u012f ginkl\u0105, ar atstatote savo pistolet\u0105 \u012f gamyklin\u0119 b\u016bsen\u0105, \u0161i \u0161ypsena yra raktas \u012f pasikartojant\u012f ir saug\u0173 atkabinim\u0105.<\/p>\n<h3>Technin\u0117s specifikacijos:<\/h3>\n<ul>\n<li><strong>Auk\u0161to anglies gr\u016bdintas plienas:<\/strong> Kaltas itin patvarumui ir atsparumui pavir\u0161iaus d\u0117v\u0117jimuisi u\u017esikabinimo ta\u0161ke.<\/li>\n<li><strong>Tikslus apdirbimas:<\/strong> Pagamintas auk\u0161\u010diausi\u0173 tolerancij\u0173, kad b\u016bt\u0173 u\u017etikrintas tobulas s\u0105veikavimas su plaktuko kabliukais.<\/li>\n<li><strong>Optimizuota atstatymo geometrija:<\/strong> Suprojektuota, kad palengvint\u0173 trump\u0105, teigiam\u0105 atstatym\u0105 greitesniam pakartotiniam \u0161audymui dinami\u0161kose \u0161audymo situacijose.<\/li>\n<li><strong>Universalus KMR pritaikymas:<\/strong> Suderinamas su KMR L-02 ir W-02 serijos r\u0117mais.<\/li>\n<\/ul>\n<h3>Pagrindin\u0117s naudos:<\/h3>\n<ul>\n<li><strong>Pa\u0161alinkite paspaudimo ver\u017eim\u0105si:<\/strong> U\u017etikrina tvirt\u0105, momentin\u012f atleidim\u0105, kuris padidina tikslum\u0105, suma\u017eindamas galimyb\u0119 i\u0161leisti \u0161\u016bv\u012f.<\/li>\n<li><strong>Padidinta sauga:<\/strong> Tiksliai \u0161lifuoti pavir\u0161iai u\u017etikrina saug\u0173 plaktuko u\u017erakinim\u0105 net ir esant intensyviam naudojimui.<\/li>\n<li><strong>Kokybi\u0161kas \u012fd\u0117jimas:<\/strong> Nors gunsmitho montavimas visada rekomenduojamas geriausiam paspaudimui, \u0161i OEM dalis suteikia patikimiausia pagrind\u0105 profesionaliam paspaudimo sureguliavimui.<\/li>\n<\/ul>\n<p><em><strong>Pastaba:<\/strong> Kadangi \u0161ypsena yra kritin\u0117 saugumo dalis, KMR rekomenduoja, kad \u012fdiegim\u0105 ir bet kok\u012f v\u0117lesn\u012f poliravim\u0105 atlikt\u0173 kvalifikuotas gunsmithas, siekiant u\u017etikrinti tinkam\u0105 \u0161ypsenos ir plaktuko s\u0105veik\u0105.<\/em><\/p>\n","protected":false},"excerpt":{"rendered":"<p>1110-00106-0401<\/p>\n","protected":false},"featured_media":25802,"template":"","meta":{"_acf_changed":false},"product_brand":[11496],"product_cat":[13691],"product_tag":[],"class_list":{"0":"post-694299","1":"product","2":"type-product","3":"status-publish","4":"has-post-thumbnail","6":"product_brand-kmr-precision","7":"product_cat-kmr-dalys","9":"first","10":"instock","11":"taxable","12":"shipping-taxable","13":"product-type-simple"},"acf":[],"_links":{"self":[{"href":"https:\/\/nbg.eu\/lt\/wp-json\/wp\/v2\/product\/694299","targetHints":{"allow":["GET"]}}],"collection":[{"href":"https:\/\/nbg.eu\/lt\/wp-json\/wp\/v2\/product"}],"about":[{"href":"https:\/\/nbg.eu\/lt\/wp-json\/wp\/v2\/types\/product"}],"wp:featuredmedia":[{"embeddable":true,"href":"https:\/\/nbg.eu\/lt\/wp-json\/wp\/v2\/media\/25802"}],"wp:attachment":[{"href":"https:\/\/nbg.eu\/lt\/wp-json\/wp\/v2\/media?parent=694299"}],"wp:term":[{"taxonomy":"product_brand","embeddable":true,"href":"https:\/\/nbg.eu\/lt\/wp-json\/wp\/v2\/product_brand?post=694299"},{"taxonomy":"product_cat","embeddable":true,"href":"https:\/\/nbg.eu\/lt\/wp-json\/wp\/v2\/product_cat?post=694299"},{"taxonomy":"product_tag","embeddable":true,"href":"https:\/\/nbg.eu\/lt\/wp-json\/wp\/v2\/product_tag?post=694299"}],"curies":[{"name":"wp","href":"https:\/\/api.w.org\/{rel}","templated":true}]}}