{"id":694315,"date":"2025-09-05T00:02:55","date_gmt":"2025-09-04T21:02:55","guid":{"rendered":"https:\/\/nbg.eu\/product\/sig-sauer-taper-cap-for-7-62-barrels-5-8-24-thread\/"},"modified":"2026-05-13T16:41:24","modified_gmt":"2026-05-13T13:41:24","slug":"sig-sauer-taper-cap-for-7-62-barrels-5-8-24-thread","status":"publish","type":"product","link":"https:\/\/nbg.eu\/lt\/produktas\/sig-sauer-taper-cap-for-7-62-barrels-5-8-24-thread\/","title":{"rendered":"Sig Sauer Taper Cap for 7.62 barrels, 5\/8-24 thread"},"content":{"rendered":"<div class=\"product-description\">\n<h2>Sig Sauer Taper Cap for 7.62 Barrels<\/h2>\n<h2>5\/8-24 Thread<\/h2>\n<p>Padidinti savo &#8222;Sig Sauer&#8221; \u0161aunamojo ginklo apsaug\u0105 ir i\u0161vaizd\u0105 su \u0161iuo tiksliai pagamintu k\u016bgiu. Sukurtas specialiai 7,62 vamzd\u017eiams su 5\/8-24 sriegiu, \u0161i kepur\u0117 puikiai tinka \u012fvairiems &#8222;Sig Sauer&#8221; modeliams, \u012fskaitant SIG MCX, SIG716 ir SIGM400.<\/p>\n<h3>Pagrindin\u0117s savyb\u0117s:<\/h3>\n<ul>\n<li>Suderinamas su 7,62 NATO ir .300 BLK kalibrais<\/li>\n<li>Tinka dabartiniams &#8222;Sig Sauer&#8221; modeliams, tokiems kaip 716, MCX ir M400<\/li>\n<li>Tiksliai prisukamas prie 5\/8-24 vamzd\u017ei\u0173<\/li>\n<li>Apsaugo j\u016bs\u0173 vamzd\u017eio srieg\u012f, kai jis nenaudojamas<\/li>\n<li>I\u0161laiko j\u016bs\u0173 \u0161aunamojo ginklo eleganti\u0161k\u0105 profil\u012f<\/li>\n<\/ul>\n<p>\u0160i k\u016bgio kepur\u0117 yra b\u016btinas priedas kiekvienam &#8222;Sig Sauer&#8221; savininkui, u\u017etikrinantis, kad j\u016bs\u0173 vamzdis i\u0161likt\u0173 puikioje b\u016bkl\u0117je ir pagerint\u0173 bendros j\u016bs\u0173 \u0161aunamojo ginklo i\u0161vaizd\u0105. Lengva \u012frengti ir nuimti, ji yra puikus papildymas j\u016bs\u0173 ginkl\u0173 prie\u017ei\u016bros rinkiniui.<\/p>\n<\/div>\n","protected":false},"excerpt":{"rendered":"<p>Sig Sauer i\u0161pl\u0117stinis dangtelis 7,62 mm vamzd\u017eiams, 5\/8-24 sriegis. Tinka MCX, 716, M400.<\/p>\n","protected":false},"featured_media":496336,"template":"","meta":{"_acf_changed":false},"product_brand":[15106],"product_cat":[13741,13724,13719],"product_tag":[],"class_list":{"0":"post-694315","1":"product","2":"type-product","3":"status-publish","4":"has-post-thumbnail","6":"product_brand-sig-sauer","7":"product_cat-sautuvas","8":"product_cat-sautuvu-slopintuvai","9":"product_cat-slopintuvai","11":"first","12":"instock","13":"taxable","14":"shipping-taxable","15":"purchasable","16":"product-type-simple"},"acf":[],"_links":{"self":[{"href":"https:\/\/nbg.eu\/lt\/wp-json\/wp\/v2\/product\/694315","targetHints":{"allow":["GET"]}}],"collection":[{"href":"https:\/\/nbg.eu\/lt\/wp-json\/wp\/v2\/product"}],"about":[{"href":"https:\/\/nbg.eu\/lt\/wp-json\/wp\/v2\/types\/product"}],"wp:featuredmedia":[{"embeddable":true,"href":"https:\/\/nbg.eu\/lt\/wp-json\/wp\/v2\/media\/496336"}],"wp:attachment":[{"href":"https:\/\/nbg.eu\/lt\/wp-json\/wp\/v2\/media?parent=694315"}],"wp:term":[{"taxonomy":"product_brand","embeddable":true,"href":"https:\/\/nbg.eu\/lt\/wp-json\/wp\/v2\/product_brand?post=694315"},{"taxonomy":"product_cat","embeddable":true,"href":"https:\/\/nbg.eu\/lt\/wp-json\/wp\/v2\/product_cat?post=694315"},{"taxonomy":"product_tag","embeddable":true,"href":"https:\/\/nbg.eu\/lt\/wp-json\/wp\/v2\/product_tag?post=694315"}],"curies":[{"name":"wp","href":"https:\/\/api.w.org\/{rel}","templated":true}]}}