{"id":694344,"date":"2025-09-05T00:02:56","date_gmt":"2025-09-04T21:02:56","guid":{"rendered":"https:\/\/nbg.eu\/product\/sig-sauer-taper-cap-for-5-56-barrels-1-2-28-thread\/"},"modified":"2026-05-13T16:41:24","modified_gmt":"2026-05-13T13:41:24","slug":"sig-sauer-taper-cap-for-5-56-barrels-1-2-28-thread","status":"publish","type":"product","link":"https:\/\/nbg.eu\/lt\/produktas\/sig-sauer-taper-cap-for-5-56-barrels-1-2-28-thread\/","title":{"rendered":"Sig Sauer Taper Cap for 5.56 Barrels, 1\/2-28 thread"},"content":{"rendered":"<div class=\"product-description\">\n<h2>\u201eSig Sauer&#8221; nuo\u017eulos kepur\u0117 5.56 NATO vamzd\u017eiams<\/h2>\n<p>Pagerinkite savo \u201eSig Sauer&#8221; ginklo apsaug\u0105 ir estetik\u0105 naudodami \u0161i\u0105 auk\u0161tos kokyb\u0117s nuo\u017eulos kepur\u0119, specialiai sukurt\u0105 5.56 NATO vamzd\u017eiams su 1\/2-28 sriegiu.<\/p>\n<ul>\n<li>Suderinama su dabartiniais \u201eSig Sauer&#8221; 5.56 NATO modeliais, \u012fskaitant MCX ir M400<\/li>\n<li>Tiksliai pagaminta, kad tikt\u0173 1\/2-28 sriegiais turintiems vamzd\u017eiams<\/li>\n<li>Puikiai apsaugo j\u016bs\u0173 vamzd\u017eio srieg\u012f, kai jis nenaudojamas<\/li>\n<li>Lengva sumontuoti ir nuimti<\/li>\n<li>Stilingas dizainas papildo j\u016bs\u0173 ginklo i\u0161vaizd\u0105<\/li>\n<\/ul>\n<p>\u0160i nuo\u017eulos kepur\u0117 yra b\u016btinas priedas, palaikantis j\u016bs\u0173 \u201eSig Sauer&#8221; 5.56 NATO ginkl\u0105. Ji padeda i\u0161vengti \u017ealos vamzd\u017eio sriegimui ir palaiko \u0161var\u0105, u\u017etikrinant, kad j\u016bs\u0173 ginklas b\u016bt\u0173 geros b\u016bkl\u0117s. Nepriklausomai nuo to, ar laikote savo ginkl\u0105, ar va\u017eiuojate \u012f \u0161audykl\u0105, \u0161i nuo\u017eulos kepur\u0117 suteikia praktin\u0119 apsaug\u0105 ir profesional\u0173 apdail\u0105.<\/p>\n<\/div>\n","protected":false},"excerpt":{"rendered":"<p>Sig Sauer apsauginis gaubtuv\u0117lis 5,56 vamzd\u017eiams, 1\/2-28 sriegis.<\/p>\n","protected":false},"featured_media":496359,"template":"","meta":{"_acf_changed":false},"product_brand":[15106],"product_cat":[13724,13704],"product_tag":[],"class_list":{"0":"post-694344","1":"product","2":"type-product","3":"status-publish","4":"has-post-thumbnail","6":"product_brand-sig-sauer","7":"product_cat-sautuvu-slopintuvai","8":"product_cat-slopintuvu-aksesuarai","10":"first","11":"instock","12":"taxable","13":"shipping-taxable","14":"purchasable","15":"product-type-simple"},"acf":[],"_links":{"self":[{"href":"https:\/\/nbg.eu\/lt\/wp-json\/wp\/v2\/product\/694344","targetHints":{"allow":["GET"]}}],"collection":[{"href":"https:\/\/nbg.eu\/lt\/wp-json\/wp\/v2\/product"}],"about":[{"href":"https:\/\/nbg.eu\/lt\/wp-json\/wp\/v2\/types\/product"}],"wp:featuredmedia":[{"embeddable":true,"href":"https:\/\/nbg.eu\/lt\/wp-json\/wp\/v2\/media\/496359"}],"wp:attachment":[{"href":"https:\/\/nbg.eu\/lt\/wp-json\/wp\/v2\/media?parent=694344"}],"wp:term":[{"taxonomy":"product_brand","embeddable":true,"href":"https:\/\/nbg.eu\/lt\/wp-json\/wp\/v2\/product_brand?post=694344"},{"taxonomy":"product_cat","embeddable":true,"href":"https:\/\/nbg.eu\/lt\/wp-json\/wp\/v2\/product_cat?post=694344"},{"taxonomy":"product_tag","embeddable":true,"href":"https:\/\/nbg.eu\/lt\/wp-json\/wp\/v2\/product_tag?post=694344"}],"curies":[{"name":"wp","href":"https:\/\/api.w.org\/{rel}","templated":true}]}}