{"id":694459,"date":"2024-09-16T14:36:57","date_gmt":"2024-09-16T11:36:57","guid":{"rendered":"https:\/\/nbg.eu\/product\/slide-stop-27-kmr\/"},"modified":"2026-02-02T18:40:58","modified_gmt":"2026-02-02T15:40:58","slug":"slide-stop-27-kmr","status":"publish","type":"product","link":"https:\/\/nbg.eu\/lt\/produktas\/slide-stop-27-kmr\/","title":{"rendered":"SLANKUS STABDYS 27 KMR"},"content":{"rendered":"<h2>SLIDE STOP 27 KMR &#8211; Patikimas \u0161aunamojo ginklo saugumas ir perkrovimo indikatorius<\/h2>\n<p>SLIDE STOP 27 KMR yra b\u016btina funkcija, kuri padidina j\u016bs\u0173 \u0161aunamojo ginklo saugum\u0105 ir funkcionalum\u0105. Kai \u017eurnalo d\u0117klas yra tu\u0161\u010dias, gaidukas automati\u0161kai u\u017efiksuoja slankikl\u012f galin\u0117je pad\u0117tyje, suteikdamas ai\u0161k\u0173 vizualin\u012f signal\u0105, kad \u017eurnalo d\u0117kl\u0105 reikia pakeisti.<\/p>\n<p>\u0160i funkcija leid\u017eia skland\u017eiai perkrauti, nes \u0161aulys tiesiog gali nuspausti gaiduko fiksatori\u0173, kad atlaisvint\u0173 slankikl\u012f ir \u012fkelt\u0173 pirm\u0105j\u0105 \u012ftais\u0105 \u012f lizd\u0105, kai \u012fdedamas naujas \u017eurnalo d\u0117klas. SLIDE STOP 27 KMR veikia kaip patikima saugumo priemon\u0117, u\u017ekertanti keli\u0105 atsitiktiniam \u0161\u016bviui, kol \u017eurnalo d\u0117klas tinkamai pritvirtintas ir ginklas paruo\u0161tas naudoti.<\/p>\n<p>Pagamintas su tikslumu ir kruop\u0161tumu, SLIDE STOP 27 KMR yra vertinga bet kurio \u0161aunamojo ginklo dalis, u\u017etikrinanti saugesn\u012f ir efektyvesn\u012f \u0161audymo \u012fvyk\u012f. Nesvarbu, ar esate patyr\u0119s \u0161aulys, ar pradedantysis \u0161aulys, \u0161i funkcija suteiks jums ramyb\u0117s ir pasitik\u0117jimo tiek poligone, tiek lauke.<\/p>\n<p>Ginklams KMR<br \/>\nKMR L-02 SPECTRA IKI 2023<br \/>\nKMR W-02 CUDA (OR)<br \/>\nKMR W-02 UMBRA<br \/>\nKMR W-02 UMBRA (OR)<\/p>\n","protected":false},"excerpt":{"rendered":"<p>U\u017erakto funkcija automati\u0161kai u\u017erakina slid\u0119, kai \u017eurnalas tu\u0161\u010dias, leid\u017eia \u012fkrauti nauj\u0105 amunicij\u0105 ir neleid\u017eia atsitiktinai i\u0161sikrauti.<\/p>\n","protected":false},"featured_media":25871,"template":"","meta":{"_acf_changed":false},"product_brand":[11496],"product_cat":[13691],"product_tag":[],"class_list":{"0":"post-694459","1":"product","2":"type-product","3":"status-publish","4":"has-post-thumbnail","6":"product_brand-kmr-precision","7":"product_cat-kmr-dalys","9":"first","10":"instock","11":"taxable","12":"shipping-taxable","13":"product-type-simple"},"acf":[],"_links":{"self":[{"href":"https:\/\/nbg.eu\/lt\/wp-json\/wp\/v2\/product\/694459","targetHints":{"allow":["GET"]}}],"collection":[{"href":"https:\/\/nbg.eu\/lt\/wp-json\/wp\/v2\/product"}],"about":[{"href":"https:\/\/nbg.eu\/lt\/wp-json\/wp\/v2\/types\/product"}],"wp:featuredmedia":[{"embeddable":true,"href":"https:\/\/nbg.eu\/lt\/wp-json\/wp\/v2\/media\/25871"}],"wp:attachment":[{"href":"https:\/\/nbg.eu\/lt\/wp-json\/wp\/v2\/media?parent=694459"}],"wp:term":[{"taxonomy":"product_brand","embeddable":true,"href":"https:\/\/nbg.eu\/lt\/wp-json\/wp\/v2\/product_brand?post=694459"},{"taxonomy":"product_cat","embeddable":true,"href":"https:\/\/nbg.eu\/lt\/wp-json\/wp\/v2\/product_cat?post=694459"},{"taxonomy":"product_tag","embeddable":true,"href":"https:\/\/nbg.eu\/lt\/wp-json\/wp\/v2\/product_tag?post=694459"}],"curies":[{"name":"wp","href":"https:\/\/api.w.org\/{rel}","templated":true}]}}