{"id":694470,"date":"2024-09-17T22:47:08","date_gmt":"2024-09-17T19:47:08","guid":{"rendered":"https:\/\/nbg.eu\/product\/slide-stop-spring-22-lr-kmr\/"},"modified":"2026-02-13T18:49:52","modified_gmt":"2026-02-13T15:49:52","slug":"slide-stop-spring-22-lr-kmr","status":"publish","type":"product","link":"https:\/\/nbg.eu\/lt\/produktas\/slide-stop-spring-22-lr-kmr\/","title":{"rendered":"SLYD\u017dIO STABDYMO SPYRUOKL\u0116 22 LR KMR"},"content":{"rendered":"<h2>SLIDE STOP SPRING 22 LR KMR for Weapons KMR<\/h2>\n<p>Sukurta naudoti su KMR serijos ginklais, SLIDE STOP SPRING 22 LR KMR yra patvairus ir patikimas priedas, u\u017etikrinantis skland\u0173 veikim\u0105 ir padidint\u0105 funkcionalum\u0105.<\/p>\n<p>Pagaminta tiksliai ir kruop\u0161\u010diai, SLIDE STOP SPRING 22 LR KMR u\u017etikrina patikim\u0105 veikim\u0105 ir ilgesn\u012f tarnavimo laik\u0105, padarydama j\u0105 b\u016btinu komponentu KMR ginkl\u0173 entuziastams ir profesionalams. \u0160i spyruokl\u0117 suderinama su visais KMR modeliais iki 2023 m., suteikdama tvirt\u0105 sprendim\u0105 j\u016bs\u0173 \u0161aunamojo ginklo prie\u017ei\u016brai ir atnaujinimo poreikiams.<\/p>\n<p>For Weapons KMR<\/p>\n<p>KMR S-01 LANCE (OR)<\/p>\n<p>KMR S-02 10 (OR) SR ADA<\/p>\n<p>KMR S-02 75 (OR) SR ADA<\/p>\n<p>KMR S-02 SH1 (OR) SR ADA<\/p>\n<p>KMR S-02 SH2 (OR) SR ADA<\/p>\n<p>KMR S-02 TS (OR) SR ADA<\/p>\n<p>KMR S-02 UNTIL 2023<\/p>\n","protected":false},"excerpt":{"rendered":"<p>Pakaitin\u0117 lizdavimo stabdymo spyruokl\u0117 KMR ginklams.<\/p>\n","protected":false},"featured_media":24902,"template":"","meta":{"_acf_changed":false},"product_brand":[11496],"product_cat":[13691,13709],"product_tag":[],"class_list":{"0":"post-694470","1":"product","2":"type-product","3":"status-publish","4":"has-post-thumbnail","6":"product_brand-kmr-precision","7":"product_cat-kmr-dalys","8":"product_cat-spyruokles","10":"first","11":"instock","12":"taxable","13":"shipping-taxable","14":"product-type-simple"},"acf":[],"_links":{"self":[{"href":"https:\/\/nbg.eu\/lt\/wp-json\/wp\/v2\/product\/694470","targetHints":{"allow":["GET"]}}],"collection":[{"href":"https:\/\/nbg.eu\/lt\/wp-json\/wp\/v2\/product"}],"about":[{"href":"https:\/\/nbg.eu\/lt\/wp-json\/wp\/v2\/types\/product"}],"wp:featuredmedia":[{"embeddable":true,"href":"https:\/\/nbg.eu\/lt\/wp-json\/wp\/v2\/media\/24902"}],"wp:attachment":[{"href":"https:\/\/nbg.eu\/lt\/wp-json\/wp\/v2\/media?parent=694470"}],"wp:term":[{"taxonomy":"product_brand","embeddable":true,"href":"https:\/\/nbg.eu\/lt\/wp-json\/wp\/v2\/product_brand?post=694470"},{"taxonomy":"product_cat","embeddable":true,"href":"https:\/\/nbg.eu\/lt\/wp-json\/wp\/v2\/product_cat?post=694470"},{"taxonomy":"product_tag","embeddable":true,"href":"https:\/\/nbg.eu\/lt\/wp-json\/wp\/v2\/product_tag?post=694470"}],"curies":[{"name":"wp","href":"https:\/\/api.w.org\/{rel}","templated":true}]}}