{"id":694534,"date":"2024-08-18T12:10:35","date_gmt":"2024-08-18T09:10:35","guid":{"rendered":"https:\/\/nbg.eu\/product\/slide-stop-26-recessed-kmr\/"},"modified":"2026-05-13T16:02:08","modified_gmt":"2026-05-13T13:02:08","slug":"slide-stop-26-recessed-kmr","status":"publish","type":"product","link":"https:\/\/nbg.eu\/lt\/produktas\/slide-stop-26-recessed-kmr\/","title":{"rendered":"KMR Spynos Fiksatorius 26 \u012eleid\u017eiamas"},"content":{"rendered":"<h2>SLIDE STOP 26 RECESSED KMR<\/h2>\n<p>Slydomoji stabdiklis yra sukurtas taip, kad j\u012f b\u016bt\u0173 lengva pasiekti ir lengva naudoti \u0161audant ir kei\u010diant d\u0117klus.<\/p>\n<p>Naudojamas slydomajai apsaugai u\u017efiksuoti u\u017epakalin\u0117je pad\u0117tyje, paprastai kai d\u0117klas yra tu\u0161\u010dias. \u0160i savyb\u0117 \u012ftraukta \u012f daugel\u012f moderni\u0173 savaiminio pakrovimo pistolet\u0173.<\/p>\n<p>Slydomosios apsaugos u\u017efiksavimas u\u017epakalin\u0117je pad\u0117tyje &#8211; kai d\u0117klas yra tu\u0161\u010dias, slydomosios apsaugos gaudiklis automati\u0161kai u\u017efiksuoja slydom\u0105j\u0105 apsaug\u0105 u\u017epakalin\u0117je pad\u0117tyje, signalizuodamas \u0161audytojui, kad d\u0117kl\u0105 reikia pakeisti.<\/p>\n<p>Naujos amunicijos \u012fkrovimas &#8211; kai \u012fdedamas naujas d\u0117klas, \u0161audytojas paprastai nuspaud\u017eia u\u017erakt\u012f, leid\u017eiant u\u017eraktui jud\u0117ti \u012f priek\u012f, kad b\u016bt\u0173 u\u017ekrauta pirmoji suvinio \u012f \u0161ovin\u012f.<\/p>\n<p>Saugos savyb\u0117 &#8211; slydomoji stabdikliai taip pat gali b\u016bti saugos savyb\u0117, kuri neleid\u017eia atsitiktinai i\u0161\u0161auti, kol d\u0117klas tinkamai ne\u012fd\u0117tas ir ginklas n\u0117ra paruo\u0161tas naudoti.<\/p>\n<p>Ginklams KMR<br \/>KMR L-02 UMBRA IKI 2023<\/p>\n","protected":false},"excerpt":{"rendered":"<p>SLIDE STOP 26 RECESSED KMR yra patogi ir saugi slankiojan\u010dio u\u017erakto sistema, skirta \u0161iuolaikiniams savikraunantiems pistoletams, palengvinanti \u0161\u0117riklio keitim\u0105 ir u\u017etikrinanti saug\u0173 naudojim\u0105.<\/p>\n","protected":false},"featured_media":25848,"template":"","meta":{"_acf_changed":false},"product_brand":[11496],"product_cat":[13691],"product_tag":[],"class_list":{"0":"post-694534","1":"product","2":"type-product","3":"status-publish","4":"has-post-thumbnail","6":"product_brand-kmr-precision","7":"product_cat-kmr-dalys","9":"first","10":"instock","11":"taxable","12":"shipping-taxable","13":"product-type-simple"},"acf":[],"_links":{"self":[{"href":"https:\/\/nbg.eu\/lt\/wp-json\/wp\/v2\/product\/694534","targetHints":{"allow":["GET"]}}],"collection":[{"href":"https:\/\/nbg.eu\/lt\/wp-json\/wp\/v2\/product"}],"about":[{"href":"https:\/\/nbg.eu\/lt\/wp-json\/wp\/v2\/types\/product"}],"wp:featuredmedia":[{"embeddable":true,"href":"https:\/\/nbg.eu\/lt\/wp-json\/wp\/v2\/media\/25848"}],"wp:attachment":[{"href":"https:\/\/nbg.eu\/lt\/wp-json\/wp\/v2\/media?parent=694534"}],"wp:term":[{"taxonomy":"product_brand","embeddable":true,"href":"https:\/\/nbg.eu\/lt\/wp-json\/wp\/v2\/product_brand?post=694534"},{"taxonomy":"product_cat","embeddable":true,"href":"https:\/\/nbg.eu\/lt\/wp-json\/wp\/v2\/product_cat?post=694534"},{"taxonomy":"product_tag","embeddable":true,"href":"https:\/\/nbg.eu\/lt\/wp-json\/wp\/v2\/product_tag?post=694534"}],"curies":[{"name":"wp","href":"https:\/\/api.w.org\/{rel}","templated":true}]}}