{"id":694558,"date":"2024-08-16T23:20:35","date_gmt":"2024-08-16T20:20:35","guid":{"rendered":"https:\/\/nbg.eu\/product\/slide-stop-pin-kmr\/"},"modified":"2026-05-13T16:03:14","modified_gmt":"2026-05-13T13:03:14","slug":"slide-stop-pin-kmr","status":"publish","type":"product","link":"https:\/\/nbg.eu\/lt\/produktas\/slide-stop-pin-kmr\/","title":{"rendered":"KMR Spynos Fiksatoriaus Kai\u0161tis"},"content":{"rendered":"<h2>Slide Stop Pin skirtingiems KMR pistoletams<\/h2>\n<p>Patobulinkite savo KMR pistoleto veikim\u0105 su Slide Stop Pin, tiksliai pagamintu komponentu, sukurtu optimizuoti slide stop svirties a\u0161\u012f ir vamzd\u017eio fiksavim\u0105. Pagamintas i\u0161 auk\u0161tos tempimo stiprio gr\u016bdinto plieno, \u0161is kai\u0161tukas turi tiksliai i\u0161gr\u0119\u017et\u0105 pavir\u0161i\u0173, ma\u017einant\u012f trinties, u\u017etikrinant\u012f skland\u0173 ir patikim\u0105 s\u0105veik\u0105 su j\u016bs\u0173 ginklo gamykliniais standartais.<\/p>\n<p>Esantis KMR ciklo mechanizmo \u0161erdyje, Slide Stop Pin yra kriti\u0161kai svarbus mechaninis elementas, u\u017etikrinantis vamzd\u017eio apatini\u0173 spyn\u0173 fiksavim\u0105 r\u0117me. Jo didel\u0117 atsparumas \u0161ly\u010diai leid\u017eia atlaikyti pakartotinius slide jud\u0117jimo sm\u016bgius, o lygus pavir\u0161ius u\u017etikrina skland\u0173 slide stop svirties jud\u0117jim\u0105, patikim\u0105 paskutinio \u0161ovinio atram\u0105 ir skland\u0173 rankin\u012f valdym\u0105.<\/p>\n<p>Modifikuokite savo KMR pistolet\u0105 su Slide Stop Pin ir pajuskite tikslumo bei patikimumo skirtum\u0105. \u0160is kruop\u0161\u010diai pagamintas komponentas yra puikus pasirinkimas reikliausiems \u0161auliams, kurie reikalauja geriausio i\u0161 savo ginkl\u0173.<\/p>\n","protected":false},"excerpt":{"rendered":"<p>Tikslus a\u0161ies sukimosi ta\u0161kas slydimo stabdiklio svertui ir cilindro fiksavimui. Pagamintas i\u0161 auk\u0161tos \u012ftempties gr\u016bdinto plieno su lygiu pavir\u0161iumi.<\/p>\n","protected":false},"featured_media":23829,"template":"","meta":{"_acf_changed":false},"product_brand":[11496],"product_cat":[13691],"product_tag":[],"class_list":{"0":"post-694558","1":"product","2":"type-product","3":"status-publish","4":"has-post-thumbnail","6":"product_brand-kmr-precision","7":"product_cat-kmr-dalys","9":"first","10":"instock","11":"taxable","12":"shipping-taxable","13":"product-type-simple"},"acf":[],"_links":{"self":[{"href":"https:\/\/nbg.eu\/lt\/wp-json\/wp\/v2\/product\/694558","targetHints":{"allow":["GET"]}}],"collection":[{"href":"https:\/\/nbg.eu\/lt\/wp-json\/wp\/v2\/product"}],"about":[{"href":"https:\/\/nbg.eu\/lt\/wp-json\/wp\/v2\/types\/product"}],"wp:featuredmedia":[{"embeddable":true,"href":"https:\/\/nbg.eu\/lt\/wp-json\/wp\/v2\/media\/23829"}],"wp:attachment":[{"href":"https:\/\/nbg.eu\/lt\/wp-json\/wp\/v2\/media?parent=694558"}],"wp:term":[{"taxonomy":"product_brand","embeddable":true,"href":"https:\/\/nbg.eu\/lt\/wp-json\/wp\/v2\/product_brand?post=694558"},{"taxonomy":"product_cat","embeddable":true,"href":"https:\/\/nbg.eu\/lt\/wp-json\/wp\/v2\/product_cat?post=694558"},{"taxonomy":"product_tag","embeddable":true,"href":"https:\/\/nbg.eu\/lt\/wp-json\/wp\/v2\/product_tag?post=694558"}],"curies":[{"name":"wp","href":"https:\/\/api.w.org\/{rel}","templated":true}]}}