{"id":694583,"date":"2024-08-17T18:04:38","date_gmt":"2024-08-17T15:04:38","guid":{"rendered":"https:\/\/nbg.eu\/product\/slide-stop-spring-kmr\/"},"modified":"2026-05-13T15:09:54","modified_gmt":"2026-05-13T12:09:54","slug":"slide-stop-spring-kmr","status":"publish","type":"product","link":"https:\/\/nbg.eu\/lt\/produktas\/slide-stop-spring-kmr\/","title":{"rendered":"KMR Spynos Fiksatoriaus Spyruokl\u0117"},"content":{"rendered":"<h2>Slydimo stabdymo spyruokl\u0117 KMR<\/h2>\n<p>\u0160i spyruokl\u0117 yra svarbi dalis daugeliui ginkl\u0173 sistem\u0173 KMR linijoje. Ji sukurta u\u017etikrinti patikim\u0105 ir nuosekl\u0173 veikim\u0105.<\/p>\n<p>Pagaminta kruop\u0161\u010diai ir kruop\u0161\u010diai, \u0161i spyruokl\u0117 u\u017etikrina skland\u0173 ir patikim\u0105 veikim\u0105, prisidedant\u012f prie bendro j\u016bs\u0173 ginkl\u0173 sistemos veikimo ir patikimumo. Jos atspari konstrukcija ir tikslus in\u017einerinis projektavimas j\u0105 daro b\u016btina dalimi, norint i\u0161laikyti j\u016bs\u0173 KMR suderinamo \u0161aunamojo ginklo vientisum\u0105 ir funkcionalum\u0105.<\/p>\n<p>\u0160i spyruokl\u0117 yra b\u016btinas priedas, norint, kad j\u016bs\u0173 KMR-ekipuotas ginklas veikt\u0173 geriausiu b\u016bdu. Investuokite \u012f \u0161\u012f auk\u0161tos kokyb\u0117s komponent\u0105, kad u\u017etikrintum\u0117te tolesn\u012f j\u016bs\u0173 \u0161aunamojo ginklo patikimum\u0105 ir skland\u0173 veikim\u0105.<\/p>\n<\/p>\n<p>Ginklams KMR:<\/p>\n<\/p>\n<p>KMR L-02 EMIQ<\/p>\n<\/p>\n<p>KMR L-02 EMIQ (OR)<\/p>\n<\/p>\n<p>KMR L-02 ORCA IKI 2023<\/p>\n<\/p>\n<p>KMR L-02 SPECTRA NUO 2024<\/p>\n<\/p>\n<p>KMR L-02 SPECTRA IKI 2023<\/p>\n<\/p>\n<p>KMR L-02 UMBRA (OR) SR<\/p>\n<\/p>\n<p>KMR S-01 LANCE (OR)<\/p>\n<\/p>\n<p>KMR S-02 NUO 2024<\/p>\n<\/p>\n<p>KMR S-02 IKI 2023<\/p>\n<\/p>\n<p>KMR W-02 CUDA (OR)<\/p>\n<\/p>\n<p>KMR W-02 UMBRA<\/p>\n<\/p>\n<p>KMR W-02 UMBRA (OR)<\/p>\n","protected":false},"excerpt":{"rendered":"<p>Slankiojimo stabd\u017eio spyruokl\u0117 KMR &#8211; suderinama su \u012fvairiais KMR ginklais.<\/p>\n","protected":false},"featured_media":24879,"template":"","meta":{"_acf_changed":false},"product_brand":[11496],"product_cat":[13691,13709],"product_tag":[],"class_list":{"0":"post-694583","1":"product","2":"type-product","3":"status-publish","4":"has-post-thumbnail","6":"product_brand-kmr-precision","7":"product_cat-kmr-dalys","8":"product_cat-spyruokles","10":"first","11":"instock","12":"taxable","13":"shipping-taxable","14":"product-type-simple"},"acf":[],"_links":{"self":[{"href":"https:\/\/nbg.eu\/lt\/wp-json\/wp\/v2\/product\/694583","targetHints":{"allow":["GET"]}}],"collection":[{"href":"https:\/\/nbg.eu\/lt\/wp-json\/wp\/v2\/product"}],"about":[{"href":"https:\/\/nbg.eu\/lt\/wp-json\/wp\/v2\/types\/product"}],"wp:featuredmedia":[{"embeddable":true,"href":"https:\/\/nbg.eu\/lt\/wp-json\/wp\/v2\/media\/24879"}],"wp:attachment":[{"href":"https:\/\/nbg.eu\/lt\/wp-json\/wp\/v2\/media?parent=694583"}],"wp:term":[{"taxonomy":"product_brand","embeddable":true,"href":"https:\/\/nbg.eu\/lt\/wp-json\/wp\/v2\/product_brand?post=694583"},{"taxonomy":"product_cat","embeddable":true,"href":"https:\/\/nbg.eu\/lt\/wp-json\/wp\/v2\/product_cat?post=694583"},{"taxonomy":"product_tag","embeddable":true,"href":"https:\/\/nbg.eu\/lt\/wp-json\/wp\/v2\/product_tag?post=694583"}],"curies":[{"name":"wp","href":"https:\/\/api.w.org\/{rel}","templated":true}]}}