{"id":694712,"date":"2024-09-18T14:03:06","date_gmt":"2024-09-18T11:03:06","guid":{"rendered":"https:\/\/nbg.eu\/product\/thumbrest-2-205-alu-black-kmr\/"},"modified":"2026-05-13T16:52:11","modified_gmt":"2026-05-13T13:52:11","slug":"thumbrest-2-205-alu-black-kmr","status":"publish","type":"product","link":"https:\/\/nbg.eu\/lt\/produktas\/thumbrest-2-205-alu-black-kmr\/","title":{"rendered":"KMR Nyk\u0161\u010dio Atrama 2-20.5\u00b0 ALU Juodas"},"content":{"rendered":"<h2>Pakyl\u0117kite savo \u0161audymo patirt\u012f su THUMBREST 2-20,5\u00b0 ALU BLACK KMR<\/h2>\n<p>THUMBREST 2-20,5\u00b0 ALU BLACK KMR yra b\u016btinas priedas \u0161auli\u0173, kurie reikalauja tikslios kontrol\u0117s ir stabilumo. Skirtas naudoti su KMR ginklais, \u0161is de\u0161inio rankos atrama suteikia patog\u0173 laikym\u0105, padeda stabilizuoti j\u016bs\u0173 \u0161aunam\u0105j\u012f ginkl\u0105 ir pagerinti \u0161audymo tikslum\u0105.<\/p>\n<p>Pagamintas i\u0161 auk\u0161tos kokyb\u0117s aliuminio, de\u0161inio rankos atrama pasi\u017eymi 20,5 laipsni\u0173 kampu, kuris tobulai atitinka nat\u016brali\u0105 j\u016bs\u0173 rankos pad\u0117t\u012f, u\u017etikrindamas saug\u0173 ir ergonomi\u0161k\u0105 laikym\u0105. \u0160is novatori\u0161kas dizainas suma\u017eina rankos nuovarg\u012f ir leid\u017eia geriau kontroliuoti, net ir per ilgus \u0161audymo seansus.<\/p>\n<p>Tinkamas naudoti su KMR L-02 ORCA iki 2023 m., \u0161is de\u0161inio rankos atrama yra patikimas ir patvaraus sprendimas, galintis atlaikyti taktinius ir konkurencinius \u0161audymo aplinkos s\u0105lyg\u0173. Su savo kruop\u0161\u010diu pagaminimu ir d\u0117mesiu detal\u0117ms, THUMBREST 2-20,5\u00b0 ALU BLACK KMR yra tobulas papildymas j\u016bs\u0173 \u0161aunam\u0173j\u0173 ginkl\u0173 arsenalui.<\/p>\n<p>Nuoroda 0581-00202-0101<\/p>\n","protected":false},"excerpt":{"rendered":"<p>Patogus griebimas, stabilizuoja ginkl\u0105, geresnis valdymas KMR L-02 ORCA iki 2023 m.<\/p>\n","protected":false},"featured_media":24204,"template":"","meta":{"_acf_changed":false},"product_brand":[11496],"product_cat":[13691],"product_tag":[],"class_list":{"0":"post-694712","1":"product","2":"type-product","3":"status-publish","4":"has-post-thumbnail","6":"product_brand-kmr-precision","7":"product_cat-kmr-dalys","9":"first","10":"outofstock","11":"taxable","12":"shipping-taxable","13":"product-type-simple"},"acf":[],"_links":{"self":[{"href":"https:\/\/nbg.eu\/lt\/wp-json\/wp\/v2\/product\/694712","targetHints":{"allow":["GET"]}}],"collection":[{"href":"https:\/\/nbg.eu\/lt\/wp-json\/wp\/v2\/product"}],"about":[{"href":"https:\/\/nbg.eu\/lt\/wp-json\/wp\/v2\/types\/product"}],"wp:featuredmedia":[{"embeddable":true,"href":"https:\/\/nbg.eu\/lt\/wp-json\/wp\/v2\/media\/24204"}],"wp:attachment":[{"href":"https:\/\/nbg.eu\/lt\/wp-json\/wp\/v2\/media?parent=694712"}],"wp:term":[{"taxonomy":"product_brand","embeddable":true,"href":"https:\/\/nbg.eu\/lt\/wp-json\/wp\/v2\/product_brand?post=694712"},{"taxonomy":"product_cat","embeddable":true,"href":"https:\/\/nbg.eu\/lt\/wp-json\/wp\/v2\/product_cat?post=694712"},{"taxonomy":"product_tag","embeddable":true,"href":"https:\/\/nbg.eu\/lt\/wp-json\/wp\/v2\/product_tag?post=694712"}],"curies":[{"name":"wp","href":"https:\/\/api.w.org\/{rel}","templated":true}]}}