{"id":694757,"date":"2024-08-18T11:09:22","date_gmt":"2024-08-18T08:09:22","guid":{"rendered":"https:\/\/nbg.eu\/product\/thumbrest-screw-m4x8-din-965-kmr\/"},"modified":"2026-02-26T15:25:47","modified_gmt":"2026-02-26T12:25:47","slug":"thumbrest-screw-m4x8-din-965-kmr","status":"publish","type":"product","link":"https:\/\/nbg.eu\/lt\/produktas\/thumbrest-screw-m4x8-din-965-kmr\/","title":{"rendered":"Nyk\u0161\u010dio atramos var\u017etas M4X8 Din 965 KMR"},"content":{"rendered":"<h2>Nyk\u0161\u010dio atramos var\u017etas M4X8 Din 965 KMR<\/h2>\n<p>Nyk\u0161\u010dio atramos var\u017etas M4X8 Din 965 KMR yra esminis komponentas suderinams KMR ginkl\u0173 modeliams.<\/p>\n<p>Pagamintas i\u0161 patvari\u0173 med\u017eiag\u0173, Nyk\u0161\u010dio atramos var\u017etas M4X8 Din 965 KMR yra sukurtas atlaikyti takti\u0161kos aplinkos reikalavimus. Jo atsparumas korozijai ir tvirtas dizainas j\u012f daro patikim\u0105 pasirinkim\u0105 ginkl\u0173 pritaikymui ir pagerinimui. Ar j\u016bs atnaujinate savo KMR \u0161aunam\u0105j\u012f ginkl\u0105, ar tiesiog kei\u010diate susid\u0117v\u0117jus\u012f var\u017et\u0105, \u0161is komponentas yra b\u016btinas palaikant optimal\u0173 j\u016bs\u0173 ginklo veikim\u0105 ir funkcionalum\u0105.<\/p>\n<p>Ginklams KMR:<\/p>\n<p>KMR L-02 EMIQ<\/p>\n<p>KMR L-02 EMIQ (OR)<\/p>\n<p>KMR L-02 ORCA NUO 2024<\/p>\n<p>KMR L-02 ORCA IKI 2023<\/p>\n","protected":false},"excerpt":{"rendered":"<p>Nyk\u0161\u010dio atramos sraigtas M4x8 DIN 965 skirtas KMR L-02 EMIQ ir ORCA ginklams.<\/p>\n","protected":false},"featured_media":25317,"template":"","meta":{"_acf_changed":false},"product_brand":[11496],"product_cat":[13691],"product_tag":[],"class_list":{"0":"post-694757","1":"product","2":"type-product","3":"status-publish","4":"has-post-thumbnail","6":"product_brand-kmr-precision","7":"product_cat-kmr-dalys","9":"first","10":"instock","11":"taxable","12":"shipping-taxable","13":"product-type-simple"},"acf":[],"_links":{"self":[{"href":"https:\/\/nbg.eu\/lt\/wp-json\/wp\/v2\/product\/694757","targetHints":{"allow":["GET"]}}],"collection":[{"href":"https:\/\/nbg.eu\/lt\/wp-json\/wp\/v2\/product"}],"about":[{"href":"https:\/\/nbg.eu\/lt\/wp-json\/wp\/v2\/types\/product"}],"wp:featuredmedia":[{"embeddable":true,"href":"https:\/\/nbg.eu\/lt\/wp-json\/wp\/v2\/media\/25317"}],"wp:attachment":[{"href":"https:\/\/nbg.eu\/lt\/wp-json\/wp\/v2\/media?parent=694757"}],"wp:term":[{"taxonomy":"product_brand","embeddable":true,"href":"https:\/\/nbg.eu\/lt\/wp-json\/wp\/v2\/product_brand?post=694757"},{"taxonomy":"product_cat","embeddable":true,"href":"https:\/\/nbg.eu\/lt\/wp-json\/wp\/v2\/product_cat?post=694757"},{"taxonomy":"product_tag","embeddable":true,"href":"https:\/\/nbg.eu\/lt\/wp-json\/wp\/v2\/product_tag?post=694757"}],"curies":[{"name":"wp","href":"https:\/\/api.w.org\/{rel}","templated":true}]}}