{"id":694778,"date":"2024-08-17T16:53:09","date_gmt":"2024-08-17T13:53:09","guid":{"rendered":"https:\/\/nbg.eu\/product\/thumbrest-for-kmr-red-dot-sight-frame-mount-alu-black\/"},"modified":"2026-04-16T18:01:02","modified_gmt":"2026-04-16T15:01:02","slug":"thumbrest-for-kmr-red-dot-sight-frame-mount-alu-black","status":"publish","type":"product","link":"https:\/\/nbg.eu\/lt\/produktas\/thumbrest-for-kmr-red-dot-sight-frame-mount-alu-black\/","title":{"rendered":"KMR Nyk\u0161\u010dio Atrama for Red Dot Sight Frame-Mount ALU Juodas"},"content":{"rendered":"<h2>\u201eThumbrest&#8221; KMR raudonojo ta\u0161ko taikymo prietaiso r\u0117mo montavimui &#8211; juoda<\/h2>\n<p>Pasiekite puik\u0173 at\u0161okimo valdym\u0105 ir nuosekl\u0173 rankos pozicionavim\u0105 j\u016bs\u0173 r\u0117mo sumontuotiems optiniams prietaisams naudodami \u201eThumbrest&#8221; KMR raudonojo ta\u0161ko taikymo prietaiso r\u0117mo montavimui &#8211; juoda. Pagamintas i\u0161 auk\u0161tos kokyb\u0117s CNC apdirbto aliuminio, \u0161is priedas yra specialiai sukurtas KMR r\u0117mo montavimo modeliams, pasi\u017eymintis agresyvia \u201eakceleratoriaus&#8221; tekst\u016bra ir matine juoda anodavimo apdaila.<\/p>\n<p>\u201eThumbrest&#8221; suteikia special\u0173 atramos ta\u0161k\u0105 j\u016bs\u0173 pagalbin\u0117s rankos nyk\u0161\u010diui, leid\u017eiant jums prie\u0161intis atsi\u0161okimui taikant \u017eemyn nukreipt\u0105 spaudim\u0105 tiesiai \u012f r\u0117m\u0105, nepriklausomai nuo slankiojimo. \u0160i novatori\u0161ka konstrukcija leid\u017eia gerokai grei\u010diau sugr\u012f\u017eti prie taikinio ir padeda jums i\u0161laikyti lygesn\u012f \u0161audymo profil\u012f greit\u0173 \u0161audymo serij\u0173 metu.<\/p>\n","protected":false},"excerpt":{"rendered":"<p>Nyk\u0161\u010dio atramos r\u0117mo montavimas \u201eKMR Red Dot Sight&#8221; &#8211; juoda. U\u017etikrina geresn\u012f \u0161audymo sm\u016bgi\u0173 valdym\u0105 ir pastov\u0173 rankos pad\u0117ties indeksavim\u0105 naudojant r\u0117mo sumontuotas optines sistemas.<\/p>\n","protected":false},"featured_media":24273,"template":"","meta":{"_acf_changed":false},"product_brand":[11496],"product_cat":[13691],"product_tag":[],"class_list":{"0":"post-694778","1":"product","2":"type-product","3":"status-publish","4":"has-post-thumbnail","6":"product_brand-kmr-precision","7":"product_cat-kmr-dalys","9":"first","10":"instock","11":"taxable","12":"shipping-taxable","13":"product-type-simple"},"acf":[],"_links":{"self":[{"href":"https:\/\/nbg.eu\/lt\/wp-json\/wp\/v2\/product\/694778","targetHints":{"allow":["GET"]}}],"collection":[{"href":"https:\/\/nbg.eu\/lt\/wp-json\/wp\/v2\/product"}],"about":[{"href":"https:\/\/nbg.eu\/lt\/wp-json\/wp\/v2\/types\/product"}],"wp:featuredmedia":[{"embeddable":true,"href":"https:\/\/nbg.eu\/lt\/wp-json\/wp\/v2\/media\/24273"}],"wp:attachment":[{"href":"https:\/\/nbg.eu\/lt\/wp-json\/wp\/v2\/media?parent=694778"}],"wp:term":[{"taxonomy":"product_brand","embeddable":true,"href":"https:\/\/nbg.eu\/lt\/wp-json\/wp\/v2\/product_brand?post=694778"},{"taxonomy":"product_cat","embeddable":true,"href":"https:\/\/nbg.eu\/lt\/wp-json\/wp\/v2\/product_cat?post=694778"},{"taxonomy":"product_tag","embeddable":true,"href":"https:\/\/nbg.eu\/lt\/wp-json\/wp\/v2\/product_tag?post=694778"}],"curies":[{"name":"wp","href":"https:\/\/api.w.org\/{rel}","templated":true}]}}