{"id":694830,"date":"2024-09-17T08:32:39","date_gmt":"2024-09-17T05:32:39","guid":{"rendered":"https:\/\/nbg.eu\/product\/trigger-bar-sa-da-kmr-w\/"},"modified":"2026-05-13T16:00:54","modified_gmt":"2026-05-13T13:00:54","slug":"trigger-bar-sa-da-kmr-w","status":"publish","type":"product","link":"https:\/\/nbg.eu\/lt\/produktas\/trigger-bar-sa-da-kmr-w\/","title":{"rendered":"KMR Nuleistuv\u0117s Strypas SA\/DA W"},"content":{"rendered":"<h2>Gaidukas SA\/DA KMR W<\/h2>\n<p>Vidinis pistoletin\u0117s dalies komponentas, kuris perduoda gaiduko judes\u012f \u012f ugnies mechanizm\u0105 KMR W modelyje tiek vieno veiksmo, tiek dviej\u0173 veiksm\u0173 (SA\/DA) re\u017eimu. \u0160is universalus gaidukas sukurtas, kad skland\u017eiai integruot\u0173si su \u0161iais KMR ginkl\u0173 modeliais:<\/p>\n<ul>\n<li>KMR S-01 LANCE (OR)<\/li>\n<li>KMR S-02 nuo 2024 m.<\/li>\n<li>KMR S-02 iki 2023 m.<\/li>\n<li>KMR W-02 CUDA iki 2023 m.<\/li>\n<li>KMR W-02 UMBRA<\/li>\n<li>KMR W-02 UMBRA (OR)<\/li>\n<\/ul>\n<p>Dalies numeris: 0900-00401-0900.<\/p>\n","protected":false},"excerpt":{"rendered":"<p>\u0160is gaminys aktyvuoja ugdymo mechanizm\u0105 \u201eKMR W&#8221; modeliuose, SA\/DA.<\/p>\n","protected":false},"featured_media":25525,"template":"","meta":{"_acf_changed":false},"product_brand":[11496],"product_cat":[13691],"product_tag":[],"class_list":{"0":"post-694830","1":"product","2":"type-product","3":"status-publish","4":"has-post-thumbnail","6":"product_brand-kmr-precision","7":"product_cat-kmr-dalys","9":"first","10":"instock","11":"taxable","12":"shipping-taxable","13":"product-type-simple"},"acf":[],"_links":{"self":[{"href":"https:\/\/nbg.eu\/lt\/wp-json\/wp\/v2\/product\/694830","targetHints":{"allow":["GET"]}}],"collection":[{"href":"https:\/\/nbg.eu\/lt\/wp-json\/wp\/v2\/product"}],"about":[{"href":"https:\/\/nbg.eu\/lt\/wp-json\/wp\/v2\/types\/product"}],"wp:featuredmedia":[{"embeddable":true,"href":"https:\/\/nbg.eu\/lt\/wp-json\/wp\/v2\/media\/25525"}],"wp:attachment":[{"href":"https:\/\/nbg.eu\/lt\/wp-json\/wp\/v2\/media?parent=694830"}],"wp:term":[{"taxonomy":"product_brand","embeddable":true,"href":"https:\/\/nbg.eu\/lt\/wp-json\/wp\/v2\/product_brand?post=694830"},{"taxonomy":"product_cat","embeddable":true,"href":"https:\/\/nbg.eu\/lt\/wp-json\/wp\/v2\/product_cat?post=694830"},{"taxonomy":"product_tag","embeddable":true,"href":"https:\/\/nbg.eu\/lt\/wp-json\/wp\/v2\/product_tag?post=694830"}],"curies":[{"name":"wp","href":"https:\/\/api.w.org\/{rel}","templated":true}]}}