{"id":694859,"date":"2024-08-17T17:23:25","date_gmt":"2024-08-17T14:23:25","guid":{"rendered":"https:\/\/nbg.eu\/product\/trigger-bar-spring-kmr\/"},"modified":"2026-02-26T12:13:56","modified_gmt":"2026-02-26T09:13:56","slug":"trigger-bar-spring-kmr","status":"publish","type":"product","link":"https:\/\/nbg.eu\/lt\/produktas\/trigger-bar-spring-kmr\/","title":{"rendered":"Nyk\u0161\u010dio juostos spyruokl\u0117 KMR"},"content":{"rendered":"<h2>Spyruokl\u0117 ginklo trigerio sistemai KMR<\/h2>\n<p>Pagaminta su tikslumu ir patvarumu, \u0161i spyruokl\u0117 u\u017etikrina skland\u0173 ir patikim\u0105 trigerio veikim\u0105 \u0161iose pa\u017eangiose ginkl\u0173 sistemose. Tvirta konstrukcija ir kruop\u0161tus dizainas u\u017etikrina nuosekl\u0173 veikim\u0105 net ir sud\u0117tingiausiose s\u0105lygose.<\/p>\n<p>Nepriklausomai nuo to, ar esate profesionalus \u0161aulys, ar aistringas entuziastas, \u0161i detal\u0117 yra b\u016btina atsargin\u0117 dalis, siekiant palaikyti optimali\u0105 j\u016bs\u0173 KMR ginkl\u0173 funkcij\u0105. Investuokite \u012f \u0161\u012f auk\u0161tos kokyb\u0117s komponent\u0105, kad j\u016bs\u0173 ginklai veikt\u0173 maksimaliai efektyviai.<\/p>\n<p>Tinka \u0161iems ginklams KMR:<\/p>\n<p>KMR L-02 SPECTRA nuo 2024<\/p>\n<p>KMR L-02 SPECTRA iki 2023<\/p>\n<p>KMR L-02 UMBRA (OR) SR<\/p>\n<p>KMR S-01 LANCE (OR)<\/p>\n<p>KMR S-02 nuo 2024<\/p>\n<p>KMR S-02 iki 2023<\/p>\n<p>KMR W-02 CUDA (OR)<\/p>\n<p>KMR W-02 UMBRA<\/p>\n<p>KMR W-02 UMBRA (OR)<\/p>\n","protected":false},"excerpt":{"rendered":"<p>Atspyros svirtis KMR modeliams.<\/p>\n","protected":false},"featured_media":24643,"template":"","meta":{"_acf_changed":false},"product_brand":[11496],"product_cat":[13691,13709],"product_tag":[],"class_list":{"0":"post-694859","1":"product","2":"type-product","3":"status-publish","4":"has-post-thumbnail","6":"product_brand-kmr-precision","7":"product_cat-kmr-dalys","8":"product_cat-spyruokles","10":"first","11":"instock","12":"taxable","13":"shipping-taxable","14":"product-type-simple"},"acf":[],"_links":{"self":[{"href":"https:\/\/nbg.eu\/lt\/wp-json\/wp\/v2\/product\/694859","targetHints":{"allow":["GET"]}}],"collection":[{"href":"https:\/\/nbg.eu\/lt\/wp-json\/wp\/v2\/product"}],"about":[{"href":"https:\/\/nbg.eu\/lt\/wp-json\/wp\/v2\/types\/product"}],"wp:featuredmedia":[{"embeddable":true,"href":"https:\/\/nbg.eu\/lt\/wp-json\/wp\/v2\/media\/24643"}],"wp:attachment":[{"href":"https:\/\/nbg.eu\/lt\/wp-json\/wp\/v2\/media?parent=694859"}],"wp:term":[{"taxonomy":"product_brand","embeddable":true,"href":"https:\/\/nbg.eu\/lt\/wp-json\/wp\/v2\/product_brand?post=694859"},{"taxonomy":"product_cat","embeddable":true,"href":"https:\/\/nbg.eu\/lt\/wp-json\/wp\/v2\/product_cat?post=694859"},{"taxonomy":"product_tag","embeddable":true,"href":"https:\/\/nbg.eu\/lt\/wp-json\/wp\/v2\/product_tag?post=694859"}],"curies":[{"name":"wp","href":"https:\/\/api.w.org\/{rel}","templated":true}]}}