{"id":694882,"date":"2025-03-09T15:43:31","date_gmt":"2025-03-09T12:43:31","guid":{"rendered":"https:\/\/nbg.eu\/product\/blue-force-gear-trauma-kit-now-medium-medical-supplies\/"},"modified":"2026-05-13T16:43:13","modified_gmt":"2026-05-13T13:43:13","slug":"blue-force-gear-trauma-kit-now-medium-medical-supplies","status":"publish","type":"product","link":"https:\/\/nbg.eu\/lt\/produktas\/blue-force-gear-trauma-kit-now-medium-medical-supplies\/","title":{"rendered":"Blue Force Gear Trauma Kit NOW! Medium Medical Supplies"},"content":{"rendered":"<h2>\u201eBlue Force Gear Trauma Kit NOW!&#8221; (vidutinis)<\/h2>\n<p>Greitai pasiekite b\u016btinus gyvyb\u0119 gelbstin\u010dius medicininius reikmenis su \u201eBlue Force Gear Trauma Kit NOW!&#8221; (vidutinis). \u0160is rinkinys, skirtas \u201eazartiniam veiksmui&#8221; medicininiams avariniais atvejais, turi didel\u012f vienos rankos pri\u0117jimo greit\u012f. Traukimo ranken\u0173 sistema leid\u017eia vis\u0105 medicinin\u012f \u012fd\u0117kl\u0105 i\u0161skleisti vienu judesiu, u\u017etikrinant, kad kritiniai reikmenys, tokie kaip turniketai, kr\u016btin\u0117s sandarikliai ir hemostatin\u0117s priemon\u0117s, b\u016bt\u0173 prieinami per sekund\u0117s dal\u012f, kai kiekviena akimirka svarbi.<\/p>\n<p>Pagaminta naudojant BLIP (Ballistic Line Integrated Pull) ranken\u0173 technologij\u0105, \u201eHelium Whisper&#8221; tvirtinimo sistem\u0105 ir MIL-SPEC 500D \u201eCordura&#8221; konstrukcij\u0105, \u201eTrauma Kit NOW!&#8221; (vidutinis) yra patvaraus ir patikimo sprendimo j\u016bs\u0173 medicininiam pasirengimui. Jo dviej\u0173 dali\u0173 konstrukcija su i\u0161oriniu krep\u0161iu ir nuimamu vidin\u0117s dalies ne\u0161ikliu suteikia lankstum\u0105 ir organizacij\u0105, padedan\u010di\u0105 jums b\u016bti pasiruo\u0161usiems bet kokiai avarijai.<\/p>\n","protected":false},"excerpt":{"rendered":"<p>Greitai pasiekiamas traumos rinkinys su esmin\u0117mis gyvyb\u0119 gelbstin\u010diomis prek\u0117mis.<\/p>\n","protected":false},"featured_media":251686,"template":"","meta":{"_acf_changed":false},"product_brand":[11135],"product_cat":[13698],"product_tag":[],"class_list":{"0":"post-694882","1":"product","2":"type-product","3":"status-publish","4":"has-post-thumbnail","6":"product_brand-blue-force-gear","7":"product_cat-medicininiai","9":"first","10":"instock","11":"taxable","12":"shipping-taxable","13":"purchasable","14":"product-type-variable","15":"wvs-archive-product-wrapper"},"acf":[],"_links":{"self":[{"href":"https:\/\/nbg.eu\/lt\/wp-json\/wp\/v2\/product\/694882","targetHints":{"allow":["GET"]}}],"collection":[{"href":"https:\/\/nbg.eu\/lt\/wp-json\/wp\/v2\/product"}],"about":[{"href":"https:\/\/nbg.eu\/lt\/wp-json\/wp\/v2\/types\/product"}],"wp:featuredmedia":[{"embeddable":true,"href":"https:\/\/nbg.eu\/lt\/wp-json\/wp\/v2\/media\/251686"}],"wp:attachment":[{"href":"https:\/\/nbg.eu\/lt\/wp-json\/wp\/v2\/media?parent=694882"}],"wp:term":[{"taxonomy":"product_brand","embeddable":true,"href":"https:\/\/nbg.eu\/lt\/wp-json\/wp\/v2\/product_brand?post=694882"},{"taxonomy":"product_cat","embeddable":true,"href":"https:\/\/nbg.eu\/lt\/wp-json\/wp\/v2\/product_cat?post=694882"},{"taxonomy":"product_tag","embeddable":true,"href":"https:\/\/nbg.eu\/lt\/wp-json\/wp\/v2\/product_tag?post=694882"}],"curies":[{"name":"wp","href":"https:\/\/api.w.org\/{rel}","templated":true}]}}